{"id":877,"date":"2014-03-14T11:43:08","date_gmt":"2014-03-14T15:43:08","guid":{"rendered":"http:\/\/rivalsolutions.com\/?page_id=877"},"modified":"2019-05-21T15:40:49","modified_gmt":"2019-05-21T19:40:49","slug":"rubix-nouvelle-solution-dauscultation-des-chaussees","status":"publish","type":"page","link":"https:\/\/www0.rivalsolutions.com\/?page_id=877&lang=fr","title":{"rendered":"Plan d&#8217;intervention du MAMROT: Auscultation des Chauss\u00e9es"},"content":{"rendered":"<h4>Un nouveau plan d&#8217;intervention<\/h4>\n<p><img data-attachment-id=\"903\" data-permalink=\"https:\/\/www0.rivalsolutions.com\/?attachment_id=903\" data-orig-file=\"https:\/\/i2.wp.com\/www0.rivalsolutions.com\/wp-content\/uploads\/2014\/03\/Workers_03.png?fit=182%2C180&amp;ssl=1\" data-orig-size=\"182,180\" data-comments-opened=\"1\" data-image-meta=\"{&quot;aperture&quot;:&quot;0&quot;,&quot;credit&quot;:&quot;&quot;,&quot;camera&quot;:&quot;&quot;,&quot;caption&quot;:&quot;&quot;,&quot;created_timestamp&quot;:&quot;0&quot;,&quot;copyright&quot;:&quot;&quot;,&quot;focal_length&quot;:&quot;0&quot;,&quot;iso&quot;:&quot;0&quot;,&quot;shutter_speed&quot;:&quot;0&quot;,&quot;title&quot;:&quot;&quot;}\" data-image-title=\"Workers_03\" data-image-description=\"\" data-image-caption=\"\" data-medium-file=\"https:\/\/i2.wp.com\/www0.rivalsolutions.com\/wp-content\/uploads\/2014\/03\/Workers_03.png?fit=182%2C180&amp;ssl=1\" data-large-file=\"https:\/\/i2.wp.com\/www0.rivalsolutions.com\/wp-content\/uploads\/2014\/03\/Workers_03.png?fit=182%2C180&amp;ssl=1\" loading=\"lazy\" class=\"alignright wp-image-903 size-full\" src=\"https:\/\/i2.wp.com\/www.rivalsolutions.com\/wp-content\/uploads\/2014\/03\/Workers_03.png?resize=182%2C180\" alt=\"\" width=\"182\" height=\"180\" data-recalc-dims=\"1\" \/>L\u2019ann\u00e9e 2014 marque l\u2019entr\u00e9e en vigueur du nouveau <a title=\"Plan d'intervention 2014\" href=\"http:\/\/www.mamrot.gouv.qc.ca\/actualites\/actualite\/article\/plan-dintervention-pour-le-renouvellement-des-conduites-deau-potable-et-degouts\/\" target=\"_blank\" rel=\"noopener\">GUIDE D\u2019\u00c9LABORATION D\u2019UN PLAN D\u2019INTERVENTION POUR LE RENOUVELLEMENT DES CONDUITES D\u2019EAU POTABLE, D\u2019\u00c9GOUTS ET DES CHAUSS\u00c9ES.<\/a><\/p>\n<p>Depuis 2005, les municipalit\u00e9s du Qu\u00e9bec ont \u0153uvr\u00e9 sur leurs premiers plans d\u2019intervention. Elles ont r\u00e9alis\u00e9 les inventaires de leurs r\u00e9seaux de conduites d\u2019eau potable et d\u2019\u00e9gouts pour ainsi proc\u00e9der \u00e0 des auscultations afin d\u2019appr\u00e9cier la condition de celles-ci. Le niveau de connaissance des infrastructures souterraines s\u2019est nettement am\u00e9lior\u00e9 et les municipalit\u00e9s ont adopt\u00e9 une approche plus progressive face au renouvellement de celles-ci.<\/p>\n<p>En nouveaut\u00e9 pour 2014, le \u00ab PI \u00bb a comme un de ses principaux objectifs, d\u2019int\u00e9grer les interventions sur les chauss\u00e9es et l\u2019\u00e9gout pluvial au m\u00eame titre que les interventions sur les conduites d\u2019eau potable et d\u2019eaux us\u00e9es.<\/p>\n<p>L\u2019insertion du volet \u2018chauss\u00e9e\u2019 au plan d\u2019intervention permettra \u00e9galement, aux diff\u00e9rentes municipalit\u00e9s, d\u2019am\u00e9liorer la connaissance de l\u2019\u00e9tat de leur r\u00e9seau routier et ainsi de permettre une planification progressive des interventions.<\/p>\n<h4>Utiliser RUBIX pour mesurer les indicateurs CH-1, CH-2 et CH3<\/h4>\n<figure id=\"attachment_905\" aria-describedby=\"caption-attachment-905\" style=\"width: 250px\" class=\"wp-caption alignright\"><a href=\"https:\/\/i2.wp.com\/www.rivalsolutions.com\/wp-content\/uploads\/2014\/03\/Indicateurs_03.png\"><img data-attachment-id=\"905\" data-permalink=\"https:\/\/www0.rivalsolutions.com\/?attachment_id=905\" data-orig-file=\"https:\/\/i0.wp.com\/www0.rivalsolutions.com\/wp-content\/uploads\/2014\/03\/Indicateurs_03.png?fit=518%2C620&amp;ssl=1\" data-orig-size=\"518,620\" data-comments-opened=\"1\" data-image-meta=\"{&quot;aperture&quot;:&quot;0&quot;,&quot;credit&quot;:&quot;&quot;,&quot;camera&quot;:&quot;&quot;,&quot;caption&quot;:&quot;&quot;,&quot;created_timestamp&quot;:&quot;0&quot;,&quot;copyright&quot;:&quot;&quot;,&quot;focal_length&quot;:&quot;0&quot;,&quot;iso&quot;:&quot;0&quot;,&quot;shutter_speed&quot;:&quot;0&quot;,&quot;title&quot;:&quot;&quot;}\" data-image-title=\"Indicateurs_03\" data-image-description=\"\" data-image-caption=\"\" data-medium-file=\"https:\/\/i0.wp.com\/www0.rivalsolutions.com\/wp-content\/uploads\/2014\/03\/Indicateurs_03.png?fit=250%2C300&amp;ssl=1\" data-large-file=\"https:\/\/i0.wp.com\/www0.rivalsolutions.com\/wp-content\/uploads\/2014\/03\/Indicateurs_03.png?fit=518%2C620&amp;ssl=1\" loading=\"lazy\" class=\"wp-image-905 size-medium\" title=\"Indicateurs\" src=\"https:\/\/i2.wp.com\/www.rivalsolutions.com\/wp-content\/uploads\/2014\/03\/Indicateurs_03-250x300.png?resize=250%2C300\" alt=\"Indicateurs_03\" width=\"250\" height=\"300\" srcset=\"https:\/\/i0.wp.com\/www0.rivalsolutions.com\/wp-content\/uploads\/2014\/03\/Indicateurs_03.png?resize=250%2C300&amp;ssl=1 250w, https:\/\/i0.wp.com\/www0.rivalsolutions.com\/wp-content\/uploads\/2014\/03\/Indicateurs_03.png?resize=400%2C478&amp;ssl=1 400w, https:\/\/i0.wp.com\/www0.rivalsolutions.com\/wp-content\/uploads\/2014\/03\/Indicateurs_03.png?w=518&amp;ssl=1 518w\" sizes=\"(max-width: 250px) 100vw, 250px\" data-recalc-dims=\"1\" \/><\/a><figcaption id=\"caption-attachment-905\" class=\"wp-caption-text\">Indicateurs des chauss\u00e9es<\/figcaption><\/figure>\n<p>Les membres des comit\u00e9s de travail qui ont particip\u00e9 \u00e0 l\u2019\u00e9laboration du guide ont retenu quatre indicateurs pour qualifier et \u00e9valuer les segments de chauss\u00e9e o\u00f9 se retrouve des conduites d\u2019eau potable ou d\u2019\u00e9gouts.<\/p>\n<p>Le statut de chacun des indicateurs se d\u00e9finit par 5 classes allant d\u2019Excellent \u00e0 Tr\u00e8s mauvais et est hi\u00e9rarchis\u00e9 par une cote de 1 \u00e0 5. Ces derni\u00e8res sont rapport\u00e9es \u00e0 un d\u00e9coupage g\u00e9om\u00e9trique lin\u00e9aire ou segments (tel qu\u2019<a title=\"Adresse Qu\u00e9bec\" href=\"http:\/\/adressesquebec.gouv.qc.ca\/produits.asp\" target=\"_blank\" rel=\"noopener\">Adresse Qu\u00e9bec<\/a>), pr\u00e9alablement hi\u00e9rarchis\u00e9s selon le guide.<\/p>\n<p>La cueillette des d\u00e9fauts de surface pour l\u2019obtention de l\u2019indicateur <strong>CH-1<\/strong> se fait selon la m\u00e9thodologie <a title=\"Norme PCI ASTM 6433\" href=\"http:\/\/www.astm.org\/Standards\/D6433.htm\" target=\"_blank\" rel=\"noopener\">PCI ASTM D-6433<\/a>. Cette m\u00e9thodologie pr\u00e9conise un relev\u00e9 par \u00e9chantillonnage : seule une portion d\u2019un segment doit \u00eatre auscult\u00e9e. Pour une auscultation r\u00e9seau, la couverture recommand\u00e9e des \u00e9chantillons varie selon la longueur du segment. Typiquement entre 10{73ce61b89d45dbeb5a277a3e07d51b21015ac55660fa62b569ce4465cc3705b6} et 30{73ce61b89d45dbeb5a277a3e07d51b21015ac55660fa62b569ce4465cc3705b6} de couverture est requis. Le relev\u00e9 des d\u00e9fauts se fait gr\u00e2ce \u00e0 l\u2019application iPad <a title=\"rRate\" href=\"\/index.php\/?page_id=169\" target=\"_blank\" rel=\"noopener\">rInspecteur<\/a>. L\u2019application est con\u00e7ue pour permettre un maximum d\u2019efficacit\u00e9 lors des relev\u00e9s de d\u00e9fauts. Elle permet de prendre des images pour archives ou contr\u00f4le de qualit\u00e9, faire des dessins (sch\u00e9mas) et entrer des commentaires additionnels. Elle comporte aussi des outils de navigation permettant d\u2019aider l\u2019inspecteur lors de la cueillette. Des performances de 10-15 km de segments inspect\u00e9s par jour ont \u00e9t\u00e9 r\u00e9alis\u00e9es.<\/p>\n<p>La cueillette du confort au roulement, ou indicateur <strong>CH-2,<\/strong> se fait gr\u00e2ce \u00e0 l\u2019utilisation de l\u2019application iPhone <a title=\"rRuf\" href=\"\/index.php\/?page_id=167\">rUNI<\/a>. L\u2019appareil est install\u00e9 gr\u00e2ce \u00e0 un support rigide dans un v\u00e9hicule de service (ou autre) et aucune intervention n\u2019est requise lors de l\u2019auscultation (le v\u00e9hicule se d\u00e9place : le confort est mesur\u00e9). Une fois le v\u00e9hicule calibr\u00e9, les donn\u00e9es calcul\u00e9es permettent d\u2019\u00e9tablir un IRI estim\u00e9 tel que prescrit par la Banque Mondiale pour les profilom\u00e8tres de type r\u00e9ponse (Classe-3). Cet IRI estim\u00e9 est alors utilis\u00e9 selon les r\u00e8gles de calcul du guide du MAMROT pour \u00e9tablir la classe <strong>CH-2<\/strong>.<\/p>\n<p><a href=\"https:\/\/i0.wp.com\/www.rivalsolutions.com\/wp-content\/uploads\/2014\/04\/GraphrICR.png\"><img data-attachment-id=\"943\" data-permalink=\"https:\/\/www0.rivalsolutions.com\/?attachment_id=943\" data-orig-file=\"https:\/\/i0.wp.com\/www0.rivalsolutions.com\/wp-content\/uploads\/2014\/04\/GraphrICR.png?fit=770%2C282&amp;ssl=1\" data-orig-size=\"770,282\" data-comments-opened=\"1\" data-image-meta=\"{&quot;aperture&quot;:&quot;0&quot;,&quot;credit&quot;:&quot;&quot;,&quot;camera&quot;:&quot;&quot;,&quot;caption&quot;:&quot;&quot;,&quot;created_timestamp&quot;:&quot;0&quot;,&quot;copyright&quot;:&quot;&quot;,&quot;focal_length&quot;:&quot;0&quot;,&quot;iso&quot;:&quot;0&quot;,&quot;shutter_speed&quot;:&quot;0&quot;,&quot;title&quot;:&quot;&quot;}\" data-image-title=\"GraphrICR\" data-image-description=\"\" data-image-caption=\"\" data-medium-file=\"https:\/\/i0.wp.com\/www0.rivalsolutions.com\/wp-content\/uploads\/2014\/04\/GraphrICR.png?fit=300%2C109&amp;ssl=1\" data-large-file=\"https:\/\/i0.wp.com\/www0.rivalsolutions.com\/wp-content\/uploads\/2014\/04\/GraphrICR.png?fit=605%2C222&amp;ssl=1\" loading=\"lazy\" class=\"alignright wp-image-943 size-medium\" src=\"https:\/\/i1.wp.com\/www.rivalsolutions.com\/wp-content\/uploads\/2014\/04\/GraphrICR-300x109.png?resize=300%2C109\" alt=\"\" width=\"300\" height=\"109\" srcset=\"https:\/\/i0.wp.com\/www0.rivalsolutions.com\/wp-content\/uploads\/2014\/04\/GraphrICR.png?resize=300%2C109&amp;ssl=1 300w, https:\/\/i0.wp.com\/www0.rivalsolutions.com\/wp-content\/uploads\/2014\/04\/GraphrICR.png?resize=400%2C146&amp;ssl=1 400w, https:\/\/i0.wp.com\/www0.rivalsolutions.com\/wp-content\/uploads\/2014\/04\/GraphrICR.png?w=770&amp;ssl=1 770w\" sizes=\"(max-width: 300px) 100vw, 300px\" data-recalc-dims=\"1\" \/><\/a><\/p>\n<p>La classe <strong>CH-3<\/strong>, la susceptibilit\u00e9 au gel, est d\u00e9termin\u00e9e \u00e0 partir de l\u2019indicateur d\u2019IRI estim\u00e9 obtenu pendant la p\u00e9riode estivale et celui de la p\u00e9riode hivernale. En mesurant le confort au roulement \u00e0 plusieurs reprises, il est possible de mod\u00e9liser la courbe de confort au roulement annuel et ainsi de d\u00e9terminer pr\u00e9cis\u00e9ment les maximum et minimum de confort. Voici un exemple de mesures effectu\u00e9es sur un m\u00eame segment \u00e0 diff\u00e9rentes p\u00e9riodes. La d\u00e9gradation du segment s\u2019observe facilement.<\/p>\n<p>Pour les agences qui font \u00e9galement des \u00e9valuations de capacit\u00e9 structurelle avec un d\u00e9flectom\u00e8tre ou autre, l\u2019utilisation de l\u2019interface RUBIX rAPI permet de t\u00e9l\u00e9charger les mesures recueillies et d\u2019obtenir la classe <strong>CH-4<\/strong>. Pour plus d\u2019information, veuillez contacter Rival Solutions.<\/p>\n<h4>Classe d\u2019intervention chauss\u00e9e<\/h4>\n<p>La classe d\u2019intervention chauss\u00e9e constitue une classification int\u00e9grant les quatre sous-indicateurs (CH-1, 2, 3, 4) de la chauss\u00e9e. Elle d\u00e9termine la priorit\u00e9 d\u2019intervention pour un segment de chauss\u00e9e. Par exemple, une classe D, signifie qu\u2019une intervention imm\u00e9diate est souhaitable. Il est \u00e0 noter qu\u2019un seul indicateur CH-X est requis pour ce calcul. Par ailleurs, la m\u00e9thodologie pr\u00e9conis\u00e9e par le MAMROT requiert au minimum l\u2019indicateur CH-1.<\/p>\n<p><a href=\"https:\/\/i0.wp.com\/www.rivalsolutions.com\/wp-content\/uploads\/2014\/04\/rDash_ClasseIntervention.png\"><img data-attachment-id=\"972\" data-permalink=\"https:\/\/www0.rivalsolutions.com\/?attachment_id=972\" data-orig-file=\"https:\/\/i1.wp.com\/www0.rivalsolutions.com\/wp-content\/uploads\/2014\/04\/rDash_ClasseIntervention.png?fit=1429%2C808&amp;ssl=1\" data-orig-size=\"1429,808\" data-comments-opened=\"1\" data-image-meta=\"{&quot;aperture&quot;:&quot;0&quot;,&quot;credit&quot;:&quot;&quot;,&quot;camera&quot;:&quot;&quot;,&quot;caption&quot;:&quot;&quot;,&quot;created_timestamp&quot;:&quot;0&quot;,&quot;copyright&quot;:&quot;&quot;,&quot;focal_length&quot;:&quot;0&quot;,&quot;iso&quot;:&quot;0&quot;,&quot;shutter_speed&quot;:&quot;0&quot;,&quot;title&quot;:&quot;&quot;}\" data-image-title=\"rDash_ClasseIntervention\" data-image-description=\"\" data-image-caption=\"\" data-medium-file=\"https:\/\/i1.wp.com\/www0.rivalsolutions.com\/wp-content\/uploads\/2014\/04\/rDash_ClasseIntervention.png?fit=300%2C169&amp;ssl=1\" data-large-file=\"https:\/\/i1.wp.com\/www0.rivalsolutions.com\/wp-content\/uploads\/2014\/04\/rDash_ClasseIntervention.png?fit=605%2C342&amp;ssl=1\" loading=\"lazy\" class=\"alignright wp-image-972 size-medium\" src=\"https:\/\/i0.wp.com\/www.rivalsolutions.com\/wp-content\/uploads\/2014\/04\/rDash_ClasseIntervention-300x169.png?resize=300%2C169\" alt=\"\" width=\"300\" height=\"169\" srcset=\"https:\/\/i1.wp.com\/www0.rivalsolutions.com\/wp-content\/uploads\/2014\/04\/rDash_ClasseIntervention.png?resize=300%2C169&amp;ssl=1 300w, https:\/\/i1.wp.com\/www0.rivalsolutions.com\/wp-content\/uploads\/2014\/04\/rDash_ClasseIntervention.png?resize=1024%2C579&amp;ssl=1 1024w, https:\/\/i1.wp.com\/www0.rivalsolutions.com\/wp-content\/uploads\/2014\/04\/rDash_ClasseIntervention.png?resize=400%2C226&amp;ssl=1 400w, https:\/\/i1.wp.com\/www0.rivalsolutions.com\/wp-content\/uploads\/2014\/04\/rDash_ClasseIntervention.png?w=1429&amp;ssl=1 1429w, https:\/\/i1.wp.com\/www0.rivalsolutions.com\/wp-content\/uploads\/2014\/04\/rDash_ClasseIntervention.png?w=1210 1210w\" sizes=\"(max-width: 300px) 100vw, 300px\" data-recalc-dims=\"1\" \/><\/a><\/p>\n<h4>Autres utilisations de RUBIX<\/h4>\n<p>Bien que la solution RUBIX ait \u00e9t\u00e9 con\u00e7ue pour l\u2019auscultation des chauss\u00e9es, elle permet d\u2019ausculter et d\u2019inspecter l\u2019ensemble des infrastructures urbaines. Pour ce faire, il suffit de d\u00e9finir un formulaire (XML) sp\u00e9cifique pour l\u2019application rInspecteur, s\u2019il n\u2019existe pas, et y inclure les param\u00e8tres d\u2019inspection d\u00e9sir\u00e9s.<\/p>\n<p>Pr\u00e9sentement, les formulaires d\u2019inspection suivants sont disponibles par d\u00e9faut avec l\u2019application :<\/p>\n<ul>\n<li>Chauss\u00e9es souples (m\u00e9thodologies PCI-ASTM, PCI-Qu\u00e9bec, DMI-Ontario);<\/li>\n<li>Trottoirs et bordures;<\/li>\n<li>Chauss\u00e9es en gravier (m\u00e9thodologie PASER).<\/li>\n<\/ul>\n<p>Les formulaires suivants sont disponibles sur demande :<\/p>\n<ul>\n<li>Pistes cyclables et sentiers p\u00e9destres;<\/li>\n<li>Signalisation verticale et horizontale;<\/li>\n<li>Glissi\u00e8res de s\u00e9curit\u00e9;<\/li>\n<li>Ponceaux;<\/li>\n<li>Viaducs.<\/li>\n<\/ul>\n<h4>Pourquoi utiliser Rubix m\u00eame si l\u2019auscultation est faite par un sous-traitant?<\/h4>\n<p>Bien que RUBIX ait \u00e9t\u00e9 con\u00e7u pour faciliter le processus d\u2019auscultation et ainsi permettre aux agences une pleine autonomie au niveau de l\u2019inspection de leurs infrastructures, il est possible que, faute de personnel ou de ressources, le mandat d\u2019inspection soit confi\u00e9 \u00e0 l\u2019externe. En \u00e9tant propri\u00e9taire de la solution RUBIX, l\u2019agence poss\u00e8de l\u2019int\u00e9gralit\u00e9 des donn\u00e9es et peut ainsi :<\/p>\n<ul>\n<li>Proc\u00e9der \u00e0 des mises-\u00e0-jours p\u00e9riodiques des donn\u00e9es pour faire un suivi sur certains segments de route (en particulier les segments ayant une classe d\u2019intervention C);<\/li>\n<li>Compl\u00e9ter l\u2019inspection d\u00e9taill\u00e9e d\u2019un segment avant la r\u00e9alisation d\u2019une intervention pour d\u00e9terminer l\u2019intervention optimale (auscultation projet);<\/li>\n<li>Compl\u00e9ter l\u2019auscultation des routes ne comportant pas d\u2019infrastructures souterraines (auscultation non-prioritaire);<\/li>\n<li>Utiliser Rubix pour des fins d\u2019entretien pr\u00e9ventif par exemple en utilisant les donn\u00e9es brutes pour \u00e9valuer l\u2019ampleur d\u2019une campagne de colmatage de fissures.<\/li>\n<\/ul>\n<p>Il existe donc deux possibilit\u00e9s pour la municipalit\u00e9 d\u00e9sireuse de garder le contr\u00f4le sur les donn\u00e9es d\u2019inspection :<\/p>\n<ul>\n<li>\u00catre propri\u00e9taire de la licence et des \u00e9quipements d\u2019auscultation RUBIX et fournir ces \u00e9quipements aux firmes mandat\u00e9es. Les donn\u00e9es recueillies sont alors imm\u00e9diatement disponibles sur le tableau de bord de la municipalit\u00e9;<\/li>\n<li>Demander \u00e0 ce que les donn\u00e9es soient transmises, par la firme mandat\u00e9e, sur le tableau de bord de la municipalit\u00e9.<\/li>\n<\/ul>\n<p>Pour toute information additionnelle, n\u2019h\u00e9sitez pas \u00e0<a title=\"Nous joindre\" href=\"\/index.php\/?page_id=16\" target=\"_blank\" rel=\"noopener\"> contacter Rival Solutions<\/a> \u00e0 l\u2019adresse courriel suivante : <a href=\"mailto:Info@rivalsolutions.com\">info@rivalsolutions.com<\/a> ou au no suivant : <span class=\"skype_c2c_print_container\">514-312-1501<\/span>.<br \/>\n<script type=\"text\/javascript\">\/\/ <![CDATA[\n(function(i,s,o,g,r,a,m){i['GoogleAnalyticsObject']=r;i[r]=i[r]||function(){ (i[r].q=i[r].q||[]).push(arguments)},i[r].l=1*new Date();a=s.createElement(o), m=s.getElementsByTagName(o)[0];a.async=1;a.src=g;m.parentNode.insertBefore(a,m) })(window,document,'script','\/\/www.google-analytics.com\/analytics.js','ga'); ga('create', 'UA-43965796-1', 'rivalsolutions.com'); ga('send', 'pageview');<br \/>\n\/\/ ]]><\/script><\/p>\n<div id=\"skype_c2c_menu_container\" class=\"skype_c2c_menu_container\" style=\"display: none;\">\n<div class=\"skype_c2c_menu_click2call\"><a id=\"skype_c2c_menu_click2call_action\" class=\"skype_c2c_menu_click2call_action\"><\/a>Call<\/div>\n<div class=\"skype_c2c_menu_click2sms\"><a id=\"skype_c2c_menu_click2sms_action\" class=\"skype_c2c_menu_click2sms_action\"><\/a>Send SMS<\/div>\n<div class=\"skype_c2c_menu_add2skype\"><a id=\"skype_c2c_menu_add2skype_text\" class=\"skype_c2c_menu_add2skype_text\"><\/a>Add to Skype<\/div>\n<div class=\"skype_c2c_menu_toll_info\"><span class=\"skype_c2c_menu_toll_callcredit\">You&#8217;ll need Skype Credit<\/span><span class=\"skype_c2c_menu_toll_free\">Free via Skype<\/span><\/div>\n<\/div>\n","protected":false},"excerpt":{"rendered":"<p>Depuis 2005, les municipalit\u00e9s du Qu\u00e9bec ont \u0153uvr\u00e9 sur leurs premiers plans d\u2019intervention. PLUS&#8230;<\/p>\n<div class=\"read-more\"><a href=\"https:\/\/www0.rivalsolutions.com\/?page_id=877&#038;lang=fr\">Read more &#8250;<\/a><\/div>\n<p><!-- end of .read-more --><\/p>\n","protected":false},"author":3,"featured_media":0,"parent":0,"menu_order":100,"comment_status":"closed","ping_status":"open","template":"content-sidebar-page.php","meta":{"_mi_skip_tracking":false,"spay_email":""},"jetpack_sharing_enabled":true,"jetpack_shortlink":"https:\/\/wp.me\/P3yAVl-e9","jetpack-related-posts":[{"id":1621,"url":"https:\/\/www0.rivalsolutions.com\/?page_id=1621&lang=fr","url_meta":{"origin":877,"position":0},"title":"Projets vedettes","date":"2016\/04\/17","format":false,"excerpt":"Plan d\u2019intervention municipal : Auscultation des chauss\u00e9es Apper\u00e7u Avec son architecture ouverte, la solution RUBIX permet aux petites et moyennes municipalit\u00e9s de proc\u00e9der \u00e0 la collecte de donn\u00e9es sur le terrain et de produire les rapports requis pour l\u2019\u00e9laboration du PI pour la portion chauss\u00e9e. \u00c9valuation de l\u2019\u00e9tat des trottoirs\u2026","rel":"","context":"Similar post","img":{"alt_text":"","src":"https:\/\/i2.wp.com\/www.rivalsolutions.com\/wp-content\/uploads\/2016\/04\/rival_project_spotlight_QCRoads_v2final.png?resize=350%2C200","width":350,"height":200},"classes":[]},{"id":1718,"url":"https:\/\/www0.rivalsolutions.com\/?page_id=1718&lang=fr","url_meta":{"origin":877,"position":1},"title":"Inspection de ponceaux","date":"2016\/04\/25","format":false,"excerpt":"Les ponceaux constituent un \u00e9l\u00e9ment important de l'infrastructure routi\u00e8re tant sur le plan de la s\u00e9curit\u00e9 et de l'environnement. Ils permettent un bon \u00e9coulement des eaux en abord des routes et \u00e9vitent une accumulation d'eau sur celles-ci. Ils permettent \u00e9galement \u00e0 la flore aquatique de traverser l'infrastructure. De plus, ils\u2026","rel":"","context":"Similar post","img":{"alt_text":"IMG_3010","src":"https:\/\/i0.wp.com\/testweb.rivalsolutions.com\/wp-content\/uploads\/2016\/04\/IMG_3010-768x1024.png?resize=350%2C200","width":350,"height":200},"classes":[]},{"id":1571,"url":"https:\/\/www0.rivalsolutions.com\/?page_id=1571&lang=fr","url_meta":{"origin":877,"position":2},"title":"Visualisation, Analyse et Aide \u00e0 la D\u00e9cision","date":"2018\/07\/06","format":false,"excerpt":"En fonction des types de d\u00e9fauts recueillis et des seuils d'intervention souhait\u00e9s, le module rMD permet de construire un plan d'intervention optimisant l'allocation des budgets disponibles.","rel":"","context":"Similar post","img":{"alt_text":"","src":"https:\/\/i2.wp.com\/testweb.rivalsolutions.com\/wp-content\/uploads\/2016\/03\/rMD_DegradationModels.png?resize=350%2C200","width":350,"height":200},"classes":[]},{"id":30,"url":"https:\/\/www0.rivalsolutions.com\/?page_id=30&lang=fr","url_meta":{"origin":877,"position":3},"title":"RUBIX","date":"2018\/07\/06","format":false,"excerpt":"RUBIX est une solution bas\u00e9e sur la plateforme technologique Rival. Elle offre, aux\u00a0gestionnaires d'infrastructures routi\u00e8res et responsables de l'entretien de r\u00e9seaux,\u00a0une solution cl\u00e9 en main pour la cueillette, le traitement\u00a0des donn\u00e9es, l\u2019analyse des r\u00e9sultats et l'optimisation des resources. Le principal avantage de RUBIX, par rapport aux outils et m\u00e9thodes traditionnels,\u2026","rel":"","context":"Similar post","img":{"alt_text":"","src":"https:\/\/i2.wp.com\/testweb.rivalsolutions.com\/wp-content\/uploads\/2013\/06\/Puzz_2015_fr_03-1024x948.png?resize=350%2C200","width":350,"height":200},"classes":[]},{"id":1563,"url":"https:\/\/www0.rivalsolutions.com\/?page_id=1563&lang=fr","url_meta":{"origin":877,"position":4},"title":"Inspectez vos infrastructures vous-m\u00eame!","date":"2018\/07\/06","format":false,"excerpt":"Les applications mobiles rUNI et rInspecteur facilitent l'inventaire et l'inspection d'infrastructures. Les donn\u00e9es d'inspection peuvent \u00e9galement provenir de syst\u00e8mes tiers.","rel":"","context":"Similar post","img":{"alt_text":"","src":"https:\/\/i0.wp.com\/www0.rivalsolutions.com\/wp-content\/uploads\/2016\/03\/GUI3Combov2_06_800high-e1547748848485.png?fit=266%2C288&ssl=1&resize=350%2C200","width":350,"height":200},"classes":[]},{"id":212,"url":"https:\/\/www0.rivalsolutions.com\/?page_id=212&lang=fr","url_meta":{"origin":877,"position":5},"title":"\u00c9valuation de la performance des r\u00e9seaux routiers","date":"2013\/08\/11","format":false,"excerpt":"La solution RUBIX, assise sur la plateforme technologique Rival, offre aux gestionnaires d\u2019infrastructures routi\u00e8res, une solution novatrice compl\u00e8te \u00e9liminant les barri\u00e8res traditionnelles reli\u00e9es \u00e0 la cueillette des donn\u00e9es terrain et aux traitements complexes des donn\u00e9es.","rel":"","context":"Similar post","img":{"alt_text":"","src":"https:\/\/i1.wp.com\/www.rivalsolutions.com\/wp-content\/uploads\/2013\/08\/PavedRd6cfr_03-295x300.png?resize=350%2C200","width":350,"height":200},"classes":[]}],"_links":{"self":[{"href":"https:\/\/www0.rivalsolutions.com\/index.php?rest_route=\/wp\/v2\/pages\/877"}],"collection":[{"href":"https:\/\/www0.rivalsolutions.com\/index.php?rest_route=\/wp\/v2\/pages"}],"about":[{"href":"https:\/\/www0.rivalsolutions.com\/index.php?rest_route=\/wp\/v2\/types\/page"}],"author":[{"embeddable":true,"href":"https:\/\/www0.rivalsolutions.com\/index.php?rest_route=\/wp\/v2\/users\/3"}],"replies":[{"embeddable":true,"href":"https:\/\/www0.rivalsolutions.com\/index.php?rest_route=%2Fwp%2Fv2%2Fcomments&post=877"}],"version-history":[{"count":62,"href":"https:\/\/www0.rivalsolutions.com\/index.php?rest_route=\/wp\/v2\/pages\/877\/revisions"}],"predecessor-version":[{"id":2580,"href":"https:\/\/www0.rivalsolutions.com\/index.php?rest_route=\/wp\/v2\/pages\/877\/revisions\/2580"}],"wp:attachment":[{"href":"https:\/\/www0.rivalsolutions.com\/index.php?rest_route=%2Fwp%2Fv2%2Fmedia&parent=877"}],"curies":[{"name":"wp","href":"https:\/\/api.w.org\/{rel}","templated":true}]}}