{"id":394,"date":"2013-08-08T04:24:52","date_gmt":"2013-08-08T08:24:52","guid":{"rendered":"http:\/\/rivalsolutions.com\/?page_id=394"},"modified":"2013-08-22T19:09:37","modified_gmt":"2013-08-22T23:09:37","slug":"monitoring-de-route-en-gravier","status":"publish","type":"page","link":"https:\/\/www0.rivalsolutions.com\/?page_id=394&lang=fr","title":{"rendered":"Autres Solutions et Applications"},"content":{"rendered":"<p>&nbsp;<\/p>\n<p lang=\"FR\">La solution RUBIX\u00a0a \u00e9t\u00e9\u00a0con\u00e7ue\u00a0pour \u00eatre\u00a0adapt\u00e9e\u00a0et\u00a0utilis\u00e9e\u00a0pour\u00a0r\u00e9pondre\u00a0\u00a0aux besoins de diff\u00e9rentes applications. Alors que\u00a0<a title=\"l'Evaluation de la performance du r\u00e9seau routier\" href=\"http:\/\/rivalsolutions.com\/?page_id=212\">l&#8217;\u00e9valuation de la performance des r\u00e9seaux routiers<\/a>\u00a0\u00e9tait la toute premi\u00e8re application d\u00e9velopp\u00e9e, RUBIX peut aussi \u00eatre utilis\u00e9e pour la gestion d&#8217;autres types d&#8217;infrastructures de transport:<\/p>\n<h2>Routes de gravier\u00a0ou\u00a0non pav\u00e9es<\/h2>\n<p><img data-attachment-id=\"475\" data-permalink=\"https:\/\/www0.rivalsolutions.com\/?attachment_id=475\" data-orig-file=\"https:\/\/i0.wp.com\/www0.rivalsolutions.com\/wp-content\/uploads\/2013\/08\/rough-road-gravel.jpg?fit=1024%2C768&amp;ssl=1\" data-orig-size=\"1024,768\" data-comments-opened=\"1\" data-image-meta=\"{&quot;aperture&quot;:&quot;0&quot;,&quot;credit&quot;:&quot;&quot;,&quot;camera&quot;:&quot;&quot;,&quot;caption&quot;:&quot;&quot;,&quot;created_timestamp&quot;:&quot;0&quot;,&quot;copyright&quot;:&quot;&quot;,&quot;focal_length&quot;:&quot;0&quot;,&quot;iso&quot;:&quot;0&quot;,&quot;shutter_speed&quot;:&quot;0&quot;,&quot;title&quot;:&quot;&quot;}\" data-image-title=\"rough-road-gravel\" data-image-description=\"\" data-image-caption=\"\" data-medium-file=\"https:\/\/i0.wp.com\/www0.rivalsolutions.com\/wp-content\/uploads\/2013\/08\/rough-road-gravel.jpg?fit=300%2C225&amp;ssl=1\" data-large-file=\"https:\/\/i0.wp.com\/www0.rivalsolutions.com\/wp-content\/uploads\/2013\/08\/rough-road-gravel.jpg?fit=605%2C454&amp;ssl=1\" loading=\"lazy\" class=\"alignnone size-medium wp-image-475\" style=\"border: 10px solid black; float: right;\" alt=\"rough-road-gravel\" src=\"https:\/\/i1.wp.com\/testweb.rivalsolutions.com\/wp-content\/uploads\/2013\/08\/rough-road-gravel-300x225.jpg?resize=200%2C150\" width=\"200\" height=\"150\" srcset=\"https:\/\/i0.wp.com\/www0.rivalsolutions.com\/wp-content\/uploads\/2013\/08\/rough-road-gravel.jpg?resize=300%2C225&amp;ssl=1 300w, https:\/\/i0.wp.com\/www0.rivalsolutions.com\/wp-content\/uploads\/2013\/08\/rough-road-gravel.jpg?resize=400%2C300&amp;ssl=1 400w, https:\/\/i0.wp.com\/www0.rivalsolutions.com\/wp-content\/uploads\/2013\/08\/rough-road-gravel.jpg?w=1024&amp;ssl=1 1024w\" sizes=\"(max-width: 200px) 100vw, 200px\" data-recalc-dims=\"1\" \/><\/p>\n<p>L&#8217;\u00e9tat des routes non pav\u00e9es ou de gravier change rapidement. Dans certains cas, des \u00e9v\u00e8nements m\u00e9t\u00e9orologiques peuvent causer des risques de s\u00e9curit\u00e9 imm\u00e9diats.\u00a0\u00a0<a title=\"Rubix\" href=\"http:\/\/rivalsolutions.com\/?page_id=30\">RUBIX<\/a> peut faciliter\u00a0certains aspects des processus\u00a0de planification, d&#8217;entretien et de suivi des surfaces non pav\u00e9es dont:<\/p>\n<ul>\n<li>Planification \u2013 Pr\u00e9diction de la performance bas\u00e9e sur l&#8217;analyse des donn\u00e9es en fonction des besoins sur le long terme<\/li>\n<li>Op\u00e9ration &#8211;\u00a0Suivi en temps semi-r\u00e9el de l&#8217;\u00e9tat et des\u00a0besoins de r\u00e9paration urgents<\/li>\n<li>Entretien &#8211; Collecte de donn\u00e9es n\u00e9cessaire \u00e0 l&#8217;entretien pr\u00e9ventif<\/li>\n<\/ul>\n<p>Veuillez <a title=\"contactez\" href=\"http:\/\/rivalsolutions.com\/?page_id=16\">contacter<\/a> Rival Solutions directement pour plus d&#8217;information sur les solutions pour routes non pav\u00e9es ou en gravier.<\/p>\n<h2>Trottoirs, sentiers p\u00e9destres et pistes cyclables<\/h2>\n<p><img data-attachment-id=\"476\" data-permalink=\"https:\/\/www0.rivalsolutions.com\/?attachment_id=476\" data-orig-file=\"https:\/\/i2.wp.com\/www0.rivalsolutions.com\/wp-content\/uploads\/2013\/08\/bad_bike_trail.jpg?fit=640%2C480&amp;ssl=1\" data-orig-size=\"640,480\" data-comments-opened=\"1\" data-image-meta=\"{&quot;aperture&quot;:&quot;0&quot;,&quot;credit&quot;:&quot;&quot;,&quot;camera&quot;:&quot;&quot;,&quot;caption&quot;:&quot;&quot;,&quot;created_timestamp&quot;:&quot;0&quot;,&quot;copyright&quot;:&quot;&quot;,&quot;focal_length&quot;:&quot;0&quot;,&quot;iso&quot;:&quot;0&quot;,&quot;shutter_speed&quot;:&quot;0&quot;,&quot;title&quot;:&quot;&quot;}\" data-image-title=\"bad_bike_trail\" data-image-description=\"\" data-image-caption=\"\" data-medium-file=\"https:\/\/i2.wp.com\/www0.rivalsolutions.com\/wp-content\/uploads\/2013\/08\/bad_bike_trail.jpg?fit=300%2C225&amp;ssl=1\" data-large-file=\"https:\/\/i2.wp.com\/www0.rivalsolutions.com\/wp-content\/uploads\/2013\/08\/bad_bike_trail.jpg?fit=605%2C454&amp;ssl=1\" loading=\"lazy\" class=\"alignnone size-medium wp-image-476\" style=\"border: 10px solid black; float: right;\" alt=\"bad_bike_trail\" src=\"https:\/\/i1.wp.com\/testweb.rivalsolutions.com\/wp-content\/uploads\/2013\/08\/bad_bike_trail-300x225.jpg?resize=200%2C150\" width=\"200\" height=\"150\" srcset=\"https:\/\/i2.wp.com\/www0.rivalsolutions.com\/wp-content\/uploads\/2013\/08\/bad_bike_trail.jpg?resize=300%2C225&amp;ssl=1 300w, https:\/\/i2.wp.com\/www0.rivalsolutions.com\/wp-content\/uploads\/2013\/08\/bad_bike_trail.jpg?resize=400%2C300&amp;ssl=1 400w, https:\/\/i2.wp.com\/www0.rivalsolutions.com\/wp-content\/uploads\/2013\/08\/bad_bike_trail.jpg?w=640&amp;ssl=1 640w\" sizes=\"(max-width: 200px) 100vw, 200px\" data-recalc-dims=\"1\" \/><a title=\"Rubix\" href=\"http:\/\/rivalsolutions.com\/?page_id=30\">RUBIX<\/a> n&#8217;est pas limit\u00e9 aux applications &#8216;routi\u00e8res&#8217;.\u00a0Des concepts et\u00a0des m\u00e9thodologies similaires s&#8217;applique \u00e0 l&#8217;\u00e9valuation de la condition des trottoirs, sentiers de randonn\u00e9es ou voies cyclables. L&#8217;entretien de ces infrastructures est \u00e9galement importante pour la s\u00e9curit\u00e9 des pi\u00e9tons, des cyclistes et au transport collectif en g\u00e9n\u00e9ral.<\/p>\n<p>Rival offre des solutions abordables permettant de d\u00e9terminer l&#8217;\u00e9tat et les besoins en entretien de ces infrastructures. De plus, des donn\u00e9es\u00a0\u00e0 valeurs ajout\u00e9es sp\u00e9cifiques aux infrastructures peuvent \u00eatre recueillies par les applications mobiles RUBIX et utilis\u00e9es comme intrant \u00e0 d&#8217;autres \u00e9tudes. Par exemple,\u00a0la g\u00e9om\u00e9trie des trottoirs (pentes transversales, longitudinales et autres)\u00a0peut \u00eatre recueillie par les applications mobiles RUBIX et utilis\u00e9e\u00a0pour les\u00a0\u00e9tudes d&#8217;accessibilit\u00e9 pour personnes \u00e0 mobilit\u00e9 r\u00e9duite.<\/p>\n","protected":false},"excerpt":{"rendered":"<p>&nbsp; La solution RUBIX\u00a0a \u00e9t\u00e9\u00a0con\u00e7ue\u00a0pour \u00eatre\u00a0adapt\u00e9e\u00a0et\u00a0utilis\u00e9e\u00a0pour\u00a0r\u00e9pondre\u00a0\u00a0aux besoins de diff\u00e9rentes applications. Alors que\u00a0l&#8217;\u00e9valuation de la performance des r\u00e9seaux routiers\u00a0\u00e9tait la toute premi\u00e8re application d\u00e9velopp\u00e9e, RUBIX peut aussi \u00eatre utilis\u00e9e pour la gestion d&#8217;autres types d&#8217;infrastructures de transport: Routes de gravier\u00a0ou\u00a0non pav\u00e9es &hellip;<\/p>\n<p class=\"read-more\"> <a class=\"more-link\" href=\"https:\/\/www0.rivalsolutions.com\/?page_id=394&#038;lang=fr\"> <span class=\"screen-reader-text\">Autres Solutions et Applications<\/span> Read More &raquo;<\/a><\/p>\n","protected":false},"author":3,"featured_media":0,"parent":0,"menu_order":10,"comment_status":"closed","ping_status":"closed","template":"full-width-page.php","meta":{"_mi_skip_tracking":false,"spay_email":""},"jetpack_sharing_enabled":true,"jetpack_shortlink":"https:\/\/wp.me\/P3yAVl-6m","jetpack-related-posts":[{"id":1563,"url":"https:\/\/www0.rivalsolutions.com\/?page_id=1563&lang=fr","url_meta":{"origin":394,"position":0},"title":"Inspectez vos infrastructures vous-m\u00eame!","date":"2018\/07\/06","format":false,"excerpt":"Les applications mobiles rUNI et rInspecteur facilitent l'inventaire et l'inspection d'infrastructures. Les donn\u00e9es d'inspection peuvent \u00e9galement provenir de syst\u00e8mes tiers.","rel":"","context":"Similar post","img":{"alt_text":"","src":"https:\/\/i0.wp.com\/www0.rivalsolutions.com\/wp-content\/uploads\/2016\/03\/GUI3Combov2_06_800high-e1547748848485.png?fit=266%2C288&ssl=1&resize=350%2C200","width":350,"height":200},"classes":[]},{"id":30,"url":"https:\/\/www0.rivalsolutions.com\/?page_id=30&lang=fr","url_meta":{"origin":394,"position":1},"title":"RUBIX","date":"2018\/07\/06","format":false,"excerpt":"RUBIX est une solution bas\u00e9e sur la plateforme technologique Rival. Elle offre, aux\u00a0gestionnaires d'infrastructures routi\u00e8res et responsables de l'entretien de r\u00e9seaux,\u00a0une solution cl\u00e9 en main pour la cueillette, le traitement\u00a0des donn\u00e9es, l\u2019analyse des r\u00e9sultats et l'optimisation des resources. Le principal avantage de RUBIX, par rapport aux outils et m\u00e9thodes traditionnels,\u2026","rel":"","context":"Similar post","img":{"alt_text":"","src":"https:\/\/i2.wp.com\/testweb.rivalsolutions.com\/wp-content\/uploads\/2013\/06\/Puzz_2015_fr_03-1024x948.png?resize=350%2C200","width":350,"height":200},"classes":[]},{"id":212,"url":"https:\/\/www0.rivalsolutions.com\/?page_id=212&lang=fr","url_meta":{"origin":394,"position":2},"title":"\u00c9valuation de la performance des r\u00e9seaux routiers","date":"2013\/08\/11","format":false,"excerpt":"La solution RUBIX, assise sur la plateforme technologique Rival, offre aux gestionnaires d\u2019infrastructures routi\u00e8res, une solution novatrice compl\u00e8te \u00e9liminant les barri\u00e8res traditionnelles reli\u00e9es \u00e0 la cueillette des donn\u00e9es terrain et aux traitements complexes des donn\u00e9es.","rel":"","context":"Similar post","img":{"alt_text":"","src":"https:\/\/i1.wp.com\/www.rivalsolutions.com\/wp-content\/uploads\/2013\/08\/PavedRd6cfr_03-295x300.png?resize=350%2C200","width":350,"height":200},"classes":[]},{"id":1569,"url":"https:\/\/www0.rivalsolutions.com\/?page_id=1569&lang=fr","url_meta":{"origin":394,"position":3},"title":"Traitement Automatis\u00e9 et H\u00e9bergement Web","date":"2016\/03\/29","format":false,"excerpt":"Les donn\u00e9es transmises des applications mobiles sont trait\u00e9es par le service Rubix. Les indices de performance r\u00e9sultants sont visibles sur le tableau de bord du gestionnaire.","rel":"","context":"Similar post","img":{"alt_text":"","src":"https:\/\/i2.wp.com\/testweb.rivalsolutions.com\/wp-content\/uploads\/2016\/03\/dashboard3-1024x536.png?resize=350%2C200","width":350,"height":200},"classes":[]},{"id":169,"url":"https:\/\/www0.rivalsolutions.com\/?page_id=169&lang=fr","url_meta":{"origin":394,"position":4},"title":"rInspecteur: Outil d&#8217;inspection g\u00e9n\u00e9rique","date":"2018\/05\/31","format":false,"excerpt":"L\u2019application rRate permet de relever les d\u00e9fauts de surfaces des diff\u00e9rents types de chauss\u00e9e ou de trottoir.","rel":"","context":"Similar post","img":{"alt_text":"GUI3DrRateWeb_fr_03","src":"https:\/\/i1.wp.com\/testweb.rivalsolutions.com\/wp-content\/uploads\/2013\/06\/GUI3DrRateWeb_fr_03-1024x632.png?resize=350%2C200","width":350,"height":200},"classes":[]},{"id":877,"url":"https:\/\/www0.rivalsolutions.com\/?page_id=877&lang=fr","url_meta":{"origin":394,"position":5},"title":"Plan d&#8217;intervention du MAMROT: Auscultation des Chauss\u00e9es","date":"2014\/03\/14","format":false,"excerpt":"Depuis 2005, les municipalit\u00e9s du Qu\u00e9bec ont \u0153uvr\u00e9 sur leurs premiers plans d\u2019intervention. PLUS...","rel":"","context":"Similar post","img":{"alt_text":"","src":"https:\/\/i2.wp.com\/www.rivalsolutions.com\/wp-content\/uploads\/2014\/03\/Indicateurs_03-250x300.png?resize=350%2C200","width":350,"height":200},"classes":[]}],"_links":{"self":[{"href":"https:\/\/www0.rivalsolutions.com\/index.php?rest_route=\/wp\/v2\/pages\/394"}],"collection":[{"href":"https:\/\/www0.rivalsolutions.com\/index.php?rest_route=\/wp\/v2\/pages"}],"about":[{"href":"https:\/\/www0.rivalsolutions.com\/index.php?rest_route=\/wp\/v2\/types\/page"}],"author":[{"embeddable":true,"href":"https:\/\/www0.rivalsolutions.com\/index.php?rest_route=\/wp\/v2\/users\/3"}],"replies":[{"embeddable":true,"href":"https:\/\/www0.rivalsolutions.com\/index.php?rest_route=%2Fwp%2Fv2%2Fcomments&post=394"}],"version-history":[{"count":12,"href":"https:\/\/www0.rivalsolutions.com\/index.php?rest_route=\/wp\/v2\/pages\/394\/revisions"}],"predecessor-version":[{"id":776,"href":"https:\/\/www0.rivalsolutions.com\/index.php?rest_route=\/wp\/v2\/pages\/394\/revisions\/776"}],"wp:attachment":[{"href":"https:\/\/www0.rivalsolutions.com\/index.php?rest_route=%2Fwp%2Fv2%2Fmedia&parent=394"}],"curies":[{"name":"wp","href":"https:\/\/api.w.org\/{rel}","templated":true}]}}