{"id":2485,"date":"2016-03-29T12:12:26","date_gmt":"2016-03-29T16:12:26","guid":{"rendered":"http:\/\/www.rivalsolutions.com\/?page_id=2485"},"modified":"2018-11-30T11:19:27","modified_gmt":"2018-11-30T16:19:27","slug":"procesamiento-automatizado-y-alojamiento-web","status":"publish","type":"page","link":"https:\/\/www0.rivalsolutions.com\/?page_id=2485&lang=es","title":{"rendered":"Procesamiento automatizado y alojamiento web"},"content":{"rendered":"<h4 id=\"dashboard\">Tablero de control RUBIX<\/h4>\n<p>El tablero de control basado en la web RUBIX es una herramienta de visualizaci\u00f3n que sirve principalmente dos tipos de necesidades, dependiendo de como su flujo de trabajo se haya integrado en sus operaciones cotidianas.<\/p>\n<p><a href=\"https:\/\/i2.wp.com\/rivalsolutions.com\/RivalWP_MySql\/wp\/wp-content\/uploads\/2013\/08\/RubixDashBoard_03.png\"><img data-attachment-id=\"487\" data-permalink=\"https:\/\/www0.rivalsolutions.com\/?attachment_id=487\" data-orig-file=\"https:\/\/i1.wp.com\/www0.rivalsolutions.com\/wp-content\/uploads\/2013\/08\/RubixDashBoard_03.png?fit=846%2C800&amp;ssl=1\" data-orig-size=\"846,800\" data-comments-opened=\"1\" data-image-meta=\"{&quot;aperture&quot;:&quot;0&quot;,&quot;credit&quot;:&quot;&quot;,&quot;camera&quot;:&quot;&quot;,&quot;caption&quot;:&quot;&quot;,&quot;created_timestamp&quot;:&quot;0&quot;,&quot;copyright&quot;:&quot;&quot;,&quot;focal_length&quot;:&quot;0&quot;,&quot;iso&quot;:&quot;0&quot;,&quot;shutter_speed&quot;:&quot;0&quot;,&quot;title&quot;:&quot;&quot;}\" data-image-title=\"Rubix Dashboard\" data-image-description=\"\" data-image-caption=\"\" data-medium-file=\"https:\/\/i1.wp.com\/www0.rivalsolutions.com\/wp-content\/uploads\/2013\/08\/RubixDashBoard_03.png?fit=300%2C283&amp;ssl=1\" data-large-file=\"https:\/\/i1.wp.com\/www0.rivalsolutions.com\/wp-content\/uploads\/2013\/08\/RubixDashBoard_03.png?fit=605%2C572&amp;ssl=1\" loading=\"lazy\" class=\"size-medium wp-image-487 aligncenter\" src=\"https:\/\/i2.wp.com\/rivalsolutions.com\/RivalWP_MySql\/wp\/wp-content\/uploads\/2013\/08\/RubixDashBoard_03-300x283.png?resize=300%2C283\" alt=\"Rubix Dashboard\" width=\"300\" height=\"283\" srcset=\"https:\/\/i1.wp.com\/www0.rivalsolutions.com\/wp-content\/uploads\/2013\/08\/RubixDashBoard_03.png?resize=300%2C283&amp;ssl=1 300w, https:\/\/i1.wp.com\/www0.rivalsolutions.com\/wp-content\/uploads\/2013\/08\/RubixDashBoard_03.png?resize=400%2C378&amp;ssl=1 400w, https:\/\/i1.wp.com\/www0.rivalsolutions.com\/wp-content\/uploads\/2013\/08\/RubixDashBoard_03.png?w=846&amp;ssl=1 846w\" sizes=\"(max-width: 300px) 100vw, 300px\" data-recalc-dims=\"1\" \/><\/a>Como\u00a0<strong>herramienta de toma de decisi\u00f3n<\/strong>, el tablero de control puede emplearse de manera simple para visualizar y tomar decisiones con respecto al estado actual de la infraestructura deseada. Generalmente, este es usado por agencias que desean realizar evaluaciones de forma simplificada y no quieren implementar software de an\u00e1lisis y mapeo demasiado complejo. El resumen de informaci\u00f3n (por ejemplo, la evaluaci\u00f3n de condici\u00f3n), se presenta ligado a un elemento (por ejemplo, un segmento) y este se clasifica en colores de acuerdo a su condici\u00f3n relativa (ej.: verde = bueno, amarillo = regular, rojo = mal0).<\/p>\n<p>Como\u00a0<strong>portal de extracci\u00f3n de datos<\/strong>, las agencias que desean emplear sus datos en otras plataformas (ej., SIG o sistemas de gestion de pavimento) pueden usar el tablero de control como un mecanismo de suministro de datos de terreno que han sido procesados por el motor RUBIX.<\/p>\n<ul>\n<li>Indicadores de condici\u00f3n de caminos por segmento (formatos CSV, SHP o KML) mostrando una visi\u00f3n global de la situaci\u00f3n actual de los caminos basado en promedios de informaci\u00f3n actualizada,<\/li>\n<li>Informe de informaci\u00f3n hist\u00f3rica por segmento (CSV),<\/li>\n<li>Archivos de informaci\u00f3n no procesada (datos brutos).<\/li>\n<\/ul>\n<p>En cada uno de los m\u00e9todos, el tablero de control es configurado por cada agencia de manera \u00fanica y es accesible por su propietario a trav\u00e9s de una direcci\u00f3n URL personalizada. Esta queda a disposici\u00f3n del usuario durante a lo largo de todo el per\u00edodo de subscripci\u00f3n.<\/p>\n","protected":false},"excerpt":{"rendered":"<p>Tablero de control RUBIX El tablero de control basado en la web RUBIX es una herramienta de visualizaci\u00f3n que sirve principalmente dos tipos de necesidades, dependiendo de como su flujo de trabajo se haya integrado en sus operaciones cotidianas. Como\u00a0herramienta &hellip;<\/p>\n<p class=\"read-more\"> <a class=\"more-link\" href=\"https:\/\/www0.rivalsolutions.com\/?page_id=2485&#038;lang=es\"> <span class=\"screen-reader-text\">Procesamiento automatizado y alojamiento web<\/span> Read More &raquo;<\/a><\/p>\n","protected":false},"author":4,"featured_media":1573,"parent":0,"menu_order":0,"comment_status":"closed","ping_status":"closed","template":"","meta":{"_mi_skip_tracking":false,"spay_email":""},"jetpack_sharing_enabled":true,"jetpack_shortlink":"https:\/\/wp.me\/P3yAVl-E5","jetpack-related-posts":[{"id":2410,"url":"https:\/\/www0.rivalsolutions.com\/?page_id=2410&lang=es","url_meta":{"origin":2485,"position":0},"title":"Toma de decisi\u00f3n","date":"2018\/07\/06","format":false,"excerpt":"Tablero de control RUBIX El tablero de control basado en la web RUBIX es una herramienta de visualizaci\u00f3n que sirve principalmente dos tipos de necesidades, dependiendo de como su flujo de trabajo se haya integrado en sus operaciones cotidianas. Como\u00a0herramienta de toma de decisi\u00f3n, el tablero de control puede emplearse\u2026","rel":"","context":"Similar post","img":{"alt_text":"","src":"https:\/\/i0.wp.com\/www0.rivalsolutions.com\/wp-content\/uploads\/2016\/03\/budget_graph_resized.png?fit=266%2C288&ssl=1&resize=350%2C200","width":350,"height":200},"classes":[]},{"id":2339,"url":"https:\/\/www0.rivalsolutions.com\/?page_id=2339&lang=es","url_meta":{"origin":2485,"position":1},"title":"RUBIX","date":"2018\/07\/06","format":false,"excerpt":"RUBIX, provee a los administradores con una soluci\u00f3n llave en mano que permite evaluar la condici\u00f3n de infraestructuras y v\u00edas. Este se basa en el n\u00facleo de la plataforma tecnol\u00f3gica Rival. Incluye herramientas innovadoras para el levantamiento de datos de terreno, consolidaci\u00f3n de informaci\u00f3n et informes en tablero de control.\u2026","rel":"","context":"Similar post","img":{"alt_text":"RUBIX Diagram","src":"https:\/\/i0.wp.com\/rivalsolutions.com\/RivalWP_MySql\/wp\/wp-content\/uploads\/2013\/08\/Rubix_En-1024x514.png?resize=350%2C200","width":350,"height":200},"classes":[]},{"id":2402,"url":"https:\/\/www0.rivalsolutions.com\/?page_id=2402&lang=es","url_meta":{"origin":2485,"position":2},"title":"Empresa","date":"2018\/07\/06","format":false,"excerpt":"VISION GENERAL Rival Solutions fue fundado en Marzo de 2013 con el objetivo fundamental de introducir m\u00e9todos de ayuda a la decision novedosos relacionados con diferentes disciplinas ligadas al \u00e1mbito de obras p\u00fablicas y geom\u00e1tica. El n\u00facleo de soluciones propuesto por Rival representa una alternativa simple, eficiente, din\u00e1mica y escalable\u2026","rel":"","context":"Similar post","img":{"alt_text":"","src":"","width":0,"height":0},"classes":[]},{"id":2407,"url":"https:\/\/www0.rivalsolutions.com\/?page_id=2407&lang=es","url_meta":{"origin":2485,"position":3},"title":"Levantamiento de datos","date":"2018\/07\/06","format":false,"excerpt":"Aplicaciones de terreno Rubix Las aplicaciones Rubix han sido dise\u00f1adas especialmente para ser sencillas de usar y llevar a cabo el espectro de tareas que van desde el levantamiento de datos brutos de terreno hasta el c\u00e1lculo de informaci\u00f3n relacionada con operaci\u00f3n de caminos e infraestructuras. Las palicaciones han sido\u2026","rel":"","context":"Similar post","img":{"alt_text":"","src":"https:\/\/i0.wp.com\/www0.rivalsolutions.com\/wp-content\/uploads\/2016\/03\/GUI3Combov2_06_800high-e1547748848485.png?fit=266%2C288&ssl=1&resize=350%2C200","width":350,"height":200},"classes":[]},{"id":2284,"url":"https:\/\/www0.rivalsolutions.com\/?page_id=2284&lang=es","url_meta":{"origin":2485,"position":4},"title":"rInspector : la herramienta de inspecci\u00f3n multiuso","date":"2018\/05\/31","format":false,"excerpt":"\u00a0 La soluci\u00f3n Rubix tambi\u00e9n cuenta con una herramienta para el levantamiento de datos de inspecci\u00f3n en terreno. La aplicaci\u00f3n permite la agrupar los datos de inspecci\u00f3n en proyectos y configurar cada uno d e los proyectos de inspecci\u00f3n con un formulario espec\u00edfico. Los formularios de inspecci\u00f3n est\u00e1n compuestos por\u2026","rel":"","context":"Similar post","img":{"alt_text":"GUI3DrRateWeb_fr_03","src":"https:\/\/i2.wp.com\/rivalsolutions.com\/RivalWP_MySql\/wp\/wp-content\/uploads\/2013\/06\/GUI3DrRateWeb_fr_03-1024x632.png?resize=350%2C200","width":350,"height":200},"classes":[]},{"id":2334,"url":"https:\/\/www0.rivalsolutions.com\/?page_id=2334&lang=es","url_meta":{"origin":2485,"position":5},"title":"rDash &#8211; Principal","date":"2018\/06\/18","format":false,"excerpt":"Vuestro tablero de control rDash es principalmente una interface cartogr\u00e1fica que agrupa diversas informaciones bajo la forma de \"capas\". Estas capas son espec\u00edficas seg\u00fan el m\u00e9todo de inspecci\u00f3n utilizado y los tipos de infraestructura inspeccionados. Navegaci\u00f3n entre los diferentes tipos de infraestructura La lista de infraestructuras ke permite poder navegar\u2026","rel":"","context":"Similar post","img":{"alt_text":"","src":"https:\/\/i0.wp.com\/rivalsolutions.com\/RivalWP_MySql\/wp\/wp-content\/uploads\/2017\/04\/FeatureTypes_fr.png?resize=350%2C200","width":350,"height":200},"classes":[]}],"_links":{"self":[{"href":"https:\/\/www0.rivalsolutions.com\/index.php?rest_route=\/wp\/v2\/pages\/2485"}],"collection":[{"href":"https:\/\/www0.rivalsolutions.com\/index.php?rest_route=\/wp\/v2\/pages"}],"about":[{"href":"https:\/\/www0.rivalsolutions.com\/index.php?rest_route=\/wp\/v2\/types\/page"}],"author":[{"embeddable":true,"href":"https:\/\/www0.rivalsolutions.com\/index.php?rest_route=\/wp\/v2\/users\/4"}],"replies":[{"embeddable":true,"href":"https:\/\/www0.rivalsolutions.com\/index.php?rest_route=%2Fwp%2Fv2%2Fcomments&post=2485"}],"version-history":[{"count":1,"href":"https:\/\/www0.rivalsolutions.com\/index.php?rest_route=\/wp\/v2\/pages\/2485\/revisions"}],"predecessor-version":[{"id":2486,"href":"https:\/\/www0.rivalsolutions.com\/index.php?rest_route=\/wp\/v2\/pages\/2485\/revisions\/2486"}],"wp:featuredmedia":[{"embeddable":true,"href":"https:\/\/www0.rivalsolutions.com\/index.php?rest_route=\/wp\/v2\/media\/1573"}],"wp:attachment":[{"href":"https:\/\/www0.rivalsolutions.com\/index.php?rest_route=%2Fwp%2Fv2%2Fmedia&parent=2485"}],"curies":[{"name":"wp","href":"https:\/\/api.w.org\/{rel}","templated":true}]}}