{"id":2407,"date":"2018-07-06T14:38:07","date_gmt":"2018-07-06T18:38:07","guid":{"rendered":"http:\/\/testweb.rivalsolutions.com\/?page_id=2407"},"modified":"2018-07-06T14:38:07","modified_gmt":"2018-07-06T18:38:07","slug":"levantamiento-de-datos","status":"publish","type":"page","link":"https:\/\/www0.rivalsolutions.com\/?page_id=2407&lang=es","title":{"rendered":"Levantamiento de datos"},"content":{"rendered":"<h5>Aplicaciones de terreno Rubix<\/h5>\n<p>Las aplicaciones Rubix han sido dise\u00f1adas especialmente para ser sencillas de usar y llevar a cabo el espectro de tareas que van desde el levantamiento de datos brutos de terreno hasta el c\u00e1lculo de informaci\u00f3n relacionada con operaci\u00f3n de caminos e infraestructuras. Las palicaciones han sido desplegadas en la plataforma iOS para iPhone o iPad. dependiendo del tipo de flujo de trabajo deseado. Para mayor flexibilidad, la aplicaci\u00f3n se puede configurar en modo din\u00e1mico (mientras se conduce) y est\u00e1tico (mientras se camina).<\/p>\n<p>En modo mobile, ciertas aplicaciones fueron dise\u00f1adas para grabar permanentemente durante el recorrido cotidiano de patrullas de inspecci\u00f3n de obras p\u00fablicas. En modo normal de operaciones, los ficheros de datos son comprimidos y enviados en tiempo real al servidor de <a href=\"#RubixPorcessing\">procesamiento Rubix<\/a>. Opcionalmente, el modo de auto-env\u00edo puede apagarse y los ficheros se pueden enviar manualmente usando la configuraci\u00f3n de pantalla. El portafolio de aplicaciones se concentra en los \u00edndicadores de condici\u00f3n y rendimiento para infraestructuras de transporte como caminjos, veredas y rutas. Realiza estas tareas bas\u00e1ndose en m\u00e9todos de automatizaci\u00f3n, entrada manual de datos, captura de im\u00e1genes m\u00f3viles, etc&#8230; Las aplicaciones fundamentales son las siguientes:<\/p>\n<table id=\"Product Table\" dir=\"ltr\" lang=\"English\" border=\"0\" cellspacing=\"10\" cellpadding=\"10\" align=\"center\">\n<tbody>\n<tr>\n<td align=\"center\" valign=\"middle\"><a href=\"http:\/\/rivalsolutions.com\/?page_id=166\"><img data-attachment-id=\"368\" data-permalink=\"https:\/\/www0.rivalsolutions.com\/?attachment_id=368\" data-orig-file=\"https:\/\/i2.wp.com\/www0.rivalsolutions.com\/wp-content\/uploads\/2013\/06\/rRufV2-10242.png?fit=1024%2C1024&amp;ssl=1\" data-orig-size=\"1024,1024\" data-comments-opened=\"1\" data-image-meta=\"{&quot;aperture&quot;:&quot;0&quot;,&quot;credit&quot;:&quot;&quot;,&quot;camera&quot;:&quot;&quot;,&quot;caption&quot;:&quot;&quot;,&quot;created_timestamp&quot;:&quot;0&quot;,&quot;copyright&quot;:&quot;&quot;,&quot;focal_length&quot;:&quot;0&quot;,&quot;iso&quot;:&quot;0&quot;,&quot;shutter_speed&quot;:&quot;0&quot;,&quot;title&quot;:&quot;&quot;,&quot;orientation&quot;:&quot;0&quot;}\" data-image-title=\"rRufV2-10242\" data-image-description=\"\" data-image-caption=\"\" data-medium-file=\"https:\/\/i2.wp.com\/www0.rivalsolutions.com\/wp-content\/uploads\/2013\/06\/rRufV2-10242.png?fit=300%2C300&amp;ssl=1\" data-large-file=\"https:\/\/i2.wp.com\/www0.rivalsolutions.com\/wp-content\/uploads\/2013\/06\/rRufV2-10242.png?fit=605%2C605&amp;ssl=1\" loading=\"lazy\" class=\"size-full wp-image-368 alignnone\" src=\"https:\/\/i2.wp.com\/rivalsolutions.com\/RivalWP_MySql\/wp\/wp-content\/uploads\/2013\/06\/rRufV2-10241.png?resize=114%2C115\" alt=\"rRuf\" width=\"114\" height=\"115\" data-recalc-dims=\"1\" \/><\/a><\/td>\n<td dir=\"ltr\" align=\"center\" valign=\"middle\"><a href=\"http:\/\/rivalsolutions.com\/?page_id=168\"><img data-attachment-id=\"367\" data-permalink=\"https:\/\/www0.rivalsolutions.com\/?attachment_id=367\" data-orig-file=\"https:\/\/i2.wp.com\/www0.rivalsolutions.com\/wp-content\/uploads\/2013\/06\/rInspectorV2_Tr1.png?fit=1024%2C1024&amp;ssl=1\" data-orig-size=\"1024,1024\" data-comments-opened=\"1\" data-image-meta=\"{&quot;aperture&quot;:&quot;0&quot;,&quot;credit&quot;:&quot;&quot;,&quot;camera&quot;:&quot;&quot;,&quot;caption&quot;:&quot;&quot;,&quot;created_timestamp&quot;:&quot;0&quot;,&quot;copyright&quot;:&quot;&quot;,&quot;focal_length&quot;:&quot;0&quot;,&quot;iso&quot;:&quot;0&quot;,&quot;shutter_speed&quot;:&quot;0&quot;,&quot;title&quot;:&quot;&quot;,&quot;orientation&quot;:&quot;0&quot;}\" data-image-title=\"rInspectorV2_Tr1\" data-image-description=\"\" data-image-caption=\"\" data-medium-file=\"https:\/\/i2.wp.com\/www0.rivalsolutions.com\/wp-content\/uploads\/2013\/06\/rInspectorV2_Tr1.png?fit=300%2C300&amp;ssl=1\" data-large-file=\"https:\/\/i2.wp.com\/www0.rivalsolutions.com\/wp-content\/uploads\/2013\/06\/rInspectorV2_Tr1.png?fit=605%2C605&amp;ssl=1\" loading=\"lazy\" class=\"size-full wp-image-367 alignnone\" src=\"https:\/\/i2.wp.com\/rivalsolutions.com\/RivalWP_MySql\/wp\/wp-content\/uploads\/2013\/06\/rInspectorV2_Tr1.png?resize=114%2C114\" alt=\"rRate\" width=\"114\" height=\"114\" srcset=\"https:\/\/i2.wp.com\/www0.rivalsolutions.com\/wp-content\/uploads\/2013\/06\/rInspectorV2_Tr1.png?w=1024&amp;ssl=1 1024w, https:\/\/i2.wp.com\/www0.rivalsolutions.com\/wp-content\/uploads\/2013\/06\/rInspectorV2_Tr1.png?resize=150%2C150&amp;ssl=1 150w, https:\/\/i2.wp.com\/www0.rivalsolutions.com\/wp-content\/uploads\/2013\/06\/rInspectorV2_Tr1.png?resize=300%2C300&amp;ssl=1 300w, https:\/\/i2.wp.com\/www0.rivalsolutions.com\/wp-content\/uploads\/2013\/06\/rInspectorV2_Tr1.png?resize=100%2C100&amp;ssl=1 100w, https:\/\/i2.wp.com\/www0.rivalsolutions.com\/wp-content\/uploads\/2013\/06\/rInspectorV2_Tr1.png?resize=200%2C200&amp;ssl=1 200w, https:\/\/i2.wp.com\/www0.rivalsolutions.com\/wp-content\/uploads\/2013\/06\/rInspectorV2_Tr1.png?resize=450%2C450&amp;ssl=1 450w, https:\/\/i2.wp.com\/www0.rivalsolutions.com\/wp-content\/uploads\/2013\/06\/rInspectorV2_Tr1.png?resize=600%2C600&amp;ssl=1 600w, https:\/\/i2.wp.com\/www0.rivalsolutions.com\/wp-content\/uploads\/2013\/06\/rInspectorV2_Tr1.png?resize=900%2C900&amp;ssl=1 900w, https:\/\/i2.wp.com\/www0.rivalsolutions.com\/wp-content\/uploads\/2013\/06\/rInspectorV2_Tr1.png?resize=400%2C400&amp;ssl=1 400w\" sizes=\"(max-width: 114px) 100vw, 114px\" data-recalc-dims=\"1\" \/><\/a><\/td>\n<\/tr>\n<tr>\n<td>Aplicaci\u00f3n m\u00f3vil que permite el levantamiento de datos necesarios para el c\u00e1lculo de rendimiento de rugosidad de caminos.<\/td>\n<td>Aplicaci\u00f3n vers\u00e1til que permite el levantamiento m\u00e1s espec\u00edfico de datos de condicion para pavimento, veredas y otras infraestructuras.<\/td>\n<\/tr>\n<\/tbody>\n<\/table>\n<p>Dir\u00edjase a la secci\u00f3n Soluciones para saber m\u00e1s acerca de como rRuf y rInspector se emplean en flujos de trabajo espec\u00edficos tales como <a href=\"http:\/\/rivalsolutions.com\/?page_id=209\">evaluaciones de rendimiento de rugosidad<\/a>.<\/p>\n<h5 id=\"3rdParty\">Introducci\u00f3n de datos de terceros<\/h5>\n<p>Adem\u00e1s de ofrecer herramientas de levantamiento de datos, el flujo de trabajo Rubix puede aceptar datos de terceros si los usuarios desean tomar ventaja de sus capacidades a\u00fan aportando sus propios datos. Tome contacto con nosotros a <a href=\"mailto:Info@rivalsolutions.com\">info@rivalsolutions.com<\/a>\u00a0para obtener m\u00e1s informaci\u00f3n respecto a compatibilidad y formatos de integraci\u00f3n disponibles.[\/expand]\n","protected":false},"excerpt":{"rendered":"<p>Aplicaciones de terreno Rubix Las aplicaciones Rubix han sido dise\u00f1adas especialmente para ser sencillas de usar y llevar a cabo el espectro de tareas que van desde el levantamiento de datos brutos de terreno hasta el c\u00e1lculo de informaci\u00f3n relacionada &hellip;<\/p>\n<p class=\"read-more\"> <a class=\"more-link\" href=\"https:\/\/www0.rivalsolutions.com\/?page_id=2407&#038;lang=es\"> <span class=\"screen-reader-text\">Levantamiento de datos<\/span> Read More &raquo;<\/a><\/p>\n","protected":false},"author":7,"featured_media":1574,"parent":0,"menu_order":0,"comment_status":"closed","ping_status":"closed","template":"","meta":{"_mi_skip_tracking":false,"spay_email":""},"jetpack_sharing_enabled":true,"jetpack_shortlink":"https:\/\/wp.me\/P3yAVl-CP","jetpack-related-posts":[{"id":2339,"url":"https:\/\/www0.rivalsolutions.com\/?page_id=2339&lang=es","url_meta":{"origin":2407,"position":0},"title":"RUBIX","date":"2018\/07\/06","format":false,"excerpt":"RUBIX, provee a los administradores con una soluci\u00f3n llave en mano que permite evaluar la condici\u00f3n de infraestructuras y v\u00edas. Este se basa en el n\u00facleo de la plataforma tecnol\u00f3gica Rival. Incluye herramientas innovadoras para el levantamiento de datos de terreno, consolidaci\u00f3n de informaci\u00f3n et informes en tablero de control.\u2026","rel":"","context":"Similar post","img":{"alt_text":"RUBIX Diagram","src":"https:\/\/i0.wp.com\/rivalsolutions.com\/RivalWP_MySql\/wp\/wp-content\/uploads\/2013\/08\/Rubix_En-1024x514.png?resize=350%2C200","width":350,"height":200},"classes":[]},{"id":2284,"url":"https:\/\/www0.rivalsolutions.com\/?page_id=2284&lang=es","url_meta":{"origin":2407,"position":1},"title":"rInspector : la herramienta de inspecci\u00f3n multiuso","date":"2018\/05\/31","format":false,"excerpt":"\u00a0 La soluci\u00f3n Rubix tambi\u00e9n cuenta con una herramienta para el levantamiento de datos de inspecci\u00f3n en terreno. La aplicaci\u00f3n permite la agrupar los datos de inspecci\u00f3n en proyectos y configurar cada uno d e los proyectos de inspecci\u00f3n con un formulario espec\u00edfico. Los formularios de inspecci\u00f3n est\u00e1n compuestos por\u2026","rel":"","context":"Similar post","img":{"alt_text":"GUI3DrRateWeb_fr_03","src":"https:\/\/i2.wp.com\/rivalsolutions.com\/RivalWP_MySql\/wp\/wp-content\/uploads\/2013\/06\/GUI3DrRateWeb_fr_03-1024x632.png?resize=350%2C200","width":350,"height":200},"classes":[]},{"id":2276,"url":"https:\/\/www0.rivalsolutions.com\/?page_id=2276&lang=es","url_meta":{"origin":2407,"position":2},"title":"rRuf &#8211; Medici\u00f3n de comfort de recorrido","date":"2018\/04\/05","format":false,"excerpt":"rRuf es la herramienta que permite llevar a cabo el levantamiento de informaci\u00f3n del \u00edndice de rugosidad. Se trata de una aplicaci\u00f3n para iPhone que emplea los sensores internos del tel\u00e9fono inteligente y que permite de esta forma medir el confort de la ruta tal como lo siente el conductor\u2026","rel":"","context":"Similar post","img":{"alt_text":"","src":"https:\/\/i2.wp.com\/rivalsolutions.com\/RivalWP_MySql\/wp\/wp-content\/uploads\/2018\/04\/rRUF_ESP.png?resize=350%2C200","width":350,"height":200},"classes":[]},{"id":2410,"url":"https:\/\/www0.rivalsolutions.com\/?page_id=2410&lang=es","url_meta":{"origin":2407,"position":3},"title":"Toma de decisi\u00f3n","date":"2018\/07\/06","format":false,"excerpt":"Tablero de control RUBIX El tablero de control basado en la web RUBIX es una herramienta de visualizaci\u00f3n que sirve principalmente dos tipos de necesidades, dependiendo de como su flujo de trabajo se haya integrado en sus operaciones cotidianas. Como\u00a0herramienta de toma de decisi\u00f3n, el tablero de control puede emplearse\u2026","rel":"","context":"Similar post","img":{"alt_text":"","src":"https:\/\/i0.wp.com\/www0.rivalsolutions.com\/wp-content\/uploads\/2016\/03\/budget_graph_resized.png?fit=266%2C288&ssl=1&resize=350%2C200","width":350,"height":200},"classes":[]},{"id":2485,"url":"https:\/\/www0.rivalsolutions.com\/?page_id=2485&lang=es","url_meta":{"origin":2407,"position":4},"title":"Procesamiento automatizado y alojamiento web","date":"2016\/03\/29","format":false,"excerpt":"Tablero de control RUBIX El tablero de control basado en la web RUBIX es una herramienta de visualizaci\u00f3n que sirve principalmente dos tipos de necesidades, dependiendo de como su flujo de trabajo se haya integrado en sus operaciones cotidianas. Como\u00a0herramienta de toma de decisi\u00f3n, el tablero de control puede emplearse\u2026","rel":"","context":"Similar post","img":{"alt_text":"","src":"https:\/\/i1.wp.com\/www0.rivalsolutions.com\/wp-content\/uploads\/2016\/03\/RubixDashBoard_03_resized.png?fit=266%2C288&ssl=1&resize=350%2C200","width":350,"height":200},"classes":[]},{"id":2402,"url":"https:\/\/www0.rivalsolutions.com\/?page_id=2402&lang=es","url_meta":{"origin":2407,"position":5},"title":"Empresa","date":"2018\/07\/06","format":false,"excerpt":"VISION GENERAL Rival Solutions fue fundado en Marzo de 2013 con el objetivo fundamental de introducir m\u00e9todos de ayuda a la decision novedosos relacionados con diferentes disciplinas ligadas al \u00e1mbito de obras p\u00fablicas y geom\u00e1tica. El n\u00facleo de soluciones propuesto por Rival representa una alternativa simple, eficiente, din\u00e1mica y escalable\u2026","rel":"","context":"Similar post","img":{"alt_text":"","src":"","width":0,"height":0},"classes":[]}],"_links":{"self":[{"href":"https:\/\/www0.rivalsolutions.com\/index.php?rest_route=\/wp\/v2\/pages\/2407"}],"collection":[{"href":"https:\/\/www0.rivalsolutions.com\/index.php?rest_route=\/wp\/v2\/pages"}],"about":[{"href":"https:\/\/www0.rivalsolutions.com\/index.php?rest_route=\/wp\/v2\/types\/page"}],"author":[{"embeddable":true,"href":"https:\/\/www0.rivalsolutions.com\/index.php?rest_route=\/wp\/v2\/users\/7"}],"replies":[{"embeddable":true,"href":"https:\/\/www0.rivalsolutions.com\/index.php?rest_route=%2Fwp%2Fv2%2Fcomments&post=2407"}],"version-history":[{"count":1,"href":"https:\/\/www0.rivalsolutions.com\/index.php?rest_route=\/wp\/v2\/pages\/2407\/revisions"}],"predecessor-version":[{"id":2408,"href":"https:\/\/www0.rivalsolutions.com\/index.php?rest_route=\/wp\/v2\/pages\/2407\/revisions\/2408"}],"wp:featuredmedia":[{"embeddable":true,"href":"https:\/\/www0.rivalsolutions.com\/index.php?rest_route=\/wp\/v2\/media\/1574"}],"wp:attachment":[{"href":"https:\/\/www0.rivalsolutions.com\/index.php?rest_route=%2Fwp%2Fv2%2Fmedia&parent=2407"}],"curies":[{"name":"wp","href":"https:\/\/api.w.org\/{rel}","templated":true}]}}