{"id":2402,"date":"2018-07-06T14:34:40","date_gmt":"2018-07-06T18:34:40","guid":{"rendered":"http:\/\/testweb.rivalsolutions.com\/?page_id=2402"},"modified":"2018-07-06T14:34:40","modified_gmt":"2018-07-06T18:34:40","slug":"empresa","status":"publish","type":"page","link":"https:\/\/www0.rivalsolutions.com\/?page_id=2402&lang=es","title":{"rendered":"Empresa"},"content":{"rendered":"<h4>VISION GENERAL<\/h4>\n<p>Rival Solutions fue fundado en Marzo de 2013 con el objetivo fundamental de introducir m\u00e9todos de ayuda a la decision novedosos relacionados con diferentes disciplinas ligadas al \u00e1mbito de obras p\u00fablicas y geom\u00e1tica. El n\u00facleo de soluciones propuesto por Rival representa una alternativa simple, eficiente, din\u00e1mica y escalable para la gesti\u00f3n y manejo preventivo de infraestructura integrando tecnolog\u00edas de vanguardia para cartograf\u00eda m\u00f3vil, c\u00e1lculo en la nube y generaci\u00f3n de informes en tablero de control basado en la red. Los productos son manejados por un n\u00facleo que reduce lo mas posible las operaciones complejas y enredadas por parte del usuario, as\u00ed los datos pueden adquiridos de forma simple, facilitando las decisiones sensibles al tiempo requeridas para la planificaci\u00f3n, operaci\u00f3n y mantenimiento de redes de transporte.<\/p>\n<p>La base tecnol\u00f3gica de la plataforma, dise\u00f1ada y desarrollada por Rival, permite gracias a la integraci\u00f3n de diversos sistemas de adquisici\u00f3n de datos, un procesamiento automatizado de datos en la nube y un tablero de control que proporciona informes en l\u00ednea, dirigidos especialmente a las decisiones de corto y largo plazo. Los clientes de Rival son administradores de infraestructura municipal, responsables de manutenci\u00f3n y operaciones as\u00ed como proveedores de servicios de ingenier\u00eda relacionados con la evaluaci\u00f3n y planificaci\u00f3n de rehabilitaci\u00f3n y manutenci\u00f3n de caminos, veredas y pistas para bicicleta.<\/p>\n<p><a name=\"MissionEn\"><\/a><\/p>\n<h4>NUESTRA MISION<\/h4>\n<p>Nuestra misi\u00f3n es ofrecer herramientas de gesti\u00f3n de infraestructura innovadoras y soluciones que ayuden a beneficiar la productividad de forma significativa a un costo menor a trav\u00e9s de la integraci\u00f3n de herramientas populares tales como dispositivos computacionales m\u00f3viles, tecnolog\u00eda de computaci\u00f3n en la nube y procesamiento de inteligencia de negocios.<\/p>\n<p>Rival se esfuerza por introducir alternativas creativas que permitan resolver desaf\u00edos registrados con el paso del tiempo en la\u00a0infraestructura. Queremos estar a la vanguardia en lo que respecta a mejores pr\u00e1cticas para la gesti\u00f3n de vialidad e infraestructura.<\/p>\n<p><a name=\"ContactEn\"><\/a><\/p>\n<h4>CONTACTENOS<\/h4>\n\n\n<!-- Fast Secure Contact Form plugin 4.0.52 - begin - FastSecureContactForm.com -->\r\n<div style=\"clear:both;\"><\/div>\n<p>Comments or questions are welcome.<\/p>\r\n<div id=\"FSContact1\" style=\"width:99%; max-width:555px;\">\n<div id=\"fscf_div_left_box1\" style=\"float:left; width:55%; max-width:270px;\">\r\n<form action=\"https:\/\/www0.rivalsolutions.com\/index.php?rest_route=%2Fwp%2Fv2%2Fpages%2F2402#FSContact1\" id=\"fscf_form1\" method=\"post\">\r\n\n<div id=\"fscf_required1\">\n  <span style=\"text-align:left;\">*<\/span> <span style=\"text-align:left;\">indicates required field<\/span>\n<\/div>\n\n\n<div id=\"fscf_div_clear1_0\" style=\"clear:both;\">\n  <div id=\"fscf_div_field1_0\" style=\"clear:left; float:left; width:99%; max-width:250px; margin-right:10px;\">\r\n    <div style=\"text-align:left; padding-top:5px;\">\n      <label style=\"text-align:left;\" for=\"fscf_name1\">Name:<span style=\"text-align:left;\">*<\/span><\/label>\n    <\/div>\r\n    <div style=\"text-align:left;\">\r\n      <input style=\"text-align:left; margin:0; width:99%; max-width:250px;\" type=\"text\" id=\"fscf_name1\" name=\"full_name\" value=\"\"  \/>\r\n    <\/div>\r\n  <\/div>\n<\/div>\n\n<div id=\"fscf_div_clear1_1\" style=\"clear:both;\">\n  <div id=\"fscf_div_field1_1\" style=\"clear:left; float:left; width:99%; max-width:250px; margin-right:10px;\">\n    <div style=\"text-align:left; padding-top:5px;\">\n      <label style=\"text-align:left;\" for=\"fscf_email1\">Email:<span style=\"text-align:left;\">*<\/span><\/label>\n    <\/div>\n    <div style=\"text-align:left;\">\n      <input style=\"text-align:left; margin:0; width:99%; max-width:250px;\" type=\"text\" id=\"fscf_email1\" name=\"email\" value=\"\"  \/>\n    <\/div>\n  <\/div>\n<\/div>\n\n<div id=\"fscf_div_clear1_1_2\" style=\"clear:both;\">\n  <div id=\"fscf_div_field1_1_2\" style=\"clear:left; float:left; width:99%; max-width:550px; margin-right:10px;\">\n    <div style=\"text-align:left; padding-top:5px;\">\n      <label style=\"text-align:left;\" for=\"fscf_email1_2\">Re-enter Email:<span style=\"text-align:left;\">*<\/span><\/label>\n    <\/div>\n    <div style=\"text-align:left;\">\n      <input style=\"text-align:left; margin:0; width:99%; max-width:250px;\" type=\"text\" id=\"fscf_email1_2\" name=\"email2\" value=\"\"  \/>\n    <\/div>\n  <\/div>\n<\/div>\n\n<div id=\"fscf_div_clear1_2\" style=\"clear:both;\">\n  <div id=\"fscf_div_field1_2\" style=\"clear:left; float:left; width:99%; max-width:250px; margin-right:10px;\">\n    <div style=\"text-align:left; padding-top:5px;\">\n      <label style=\"text-align:left;\" for=\"fscf_field1_2\">Subject:<span style=\"text-align:left;\">*<\/span><\/label>\n    <\/div>\n    <div style=\"text-align:left;\">\n      <input style=\"text-align:left; margin:0; width:99%; max-width:250px;\" type=\"text\" id=\"fscf_field1_2\" name=\"subject\" value=\"\"  \/>\n    <\/div>\n  <\/div>\n<\/div>\n\n<div id=\"fscf_div_clear1_3\" style=\"clear:both;\">\n  <div id=\"fscf_div_field1_3\" style=\"clear:left; float:left; width:99%; max-width:250px; margin-right:10px;\">\n    <div style=\"text-align:left; padding-top:5px;\">\n      <label style=\"text-align:left;\" for=\"fscf_field1_3\">Message:<span style=\"text-align:left;\">*<\/span><\/label>\n    <\/div>\n    <div style=\"text-align:left;\">\n      <textarea style=\"text-align:left; margin:0; width:99%; max-width:250px; height:120px;\" id=\"fscf_field1_3\" name=\"message\" cols=\"30\" rows=\"10\" ><\/textarea>\n    <\/div>\n  <\/div>\n<\/div>\r\n<div style=\"clear:both;\"><\/div>\n\n<div style=\"text-align:left; padding-top:5px;\">\n<\/div>\n<div id=\"fscf_recaptcha1\"><\/div>\n\n<div id=\"fscf_submit_div1\" style=\"text-align:left; clear:both; padding-top:15px;\">\r\n\t\t<input type=\"submit\" id=\"fscf_submit1\" style=\"cursor:pointer; margin:0;\" value=\"Submit\"  onclick=\"this.disabled=true; this.value='Submitting...'; this.form.submit();\" \/> \n<\/div>\n\n<input type=\"hidden\" name=\"fscf_submitted\" value=\"0\" \/>\n<input type=\"hidden\" name=\"fs_postonce_1\" value=\"872f0b960ef66d201acdaf385e39ea9f,1778685908\" \/>\n<input type=\"hidden\" name=\"si_contact_action\" value=\"send\" \/>\n<input type=\"hidden\" name=\"form_id\" value=\"1\" \/>\n<input type=\"hidden\" name=\"mailto_id\" value=\"1\" \/>\n\n<\/form>\n<\/div>\n<div id=\"fscf_div_right_box1\" style=\"float:left; width:235px;\">\n<div id=\"fscf_button_div_vcita1\" style=\"border-left:1px dashed #ccc; margin-top:25px; padding:8px 20px;\">\n<a id=\"fscf_button_vcita1\" style=\"text-decoration:none; display:block; text-align:center; background:linear-gradient(to bottom, #ed6a31 0%, #e55627 100%); color:#fff !important; padding:8px;\" target='_blank' class='vcita-set-meeting' href=\"http:\/\/www.vcita.com\/meeting_scheduler?v=kimg70rqrt3whjzf\">Schedule an Appointment<\/a>\n<\/div>\n<\/div>\n<\/div>\r\n<div style=\"clear:both;\"><\/div>\n\n<!-- Fast Secure Contact Form plugin 4.0.52 - end - FastSecureContactForm.com -->\n\n","protected":false},"excerpt":{"rendered":"<p>VISION GENERAL Rival Solutions fue fundado en Marzo de 2013 con el objetivo fundamental de introducir m\u00e9todos de ayuda a la decision novedosos relacionados con diferentes disciplinas ligadas al \u00e1mbito de obras p\u00fablicas y geom\u00e1tica. El n\u00facleo de soluciones propuesto &hellip;<\/p>\n<p class=\"read-more\"> <a class=\"more-link\" href=\"https:\/\/www0.rivalsolutions.com\/?page_id=2402&#038;lang=es\"> <span class=\"screen-reader-text\">Empresa<\/span> Read More &raquo;<\/a><\/p>\n","protected":false},"author":7,"featured_media":0,"parent":0,"menu_order":5,"comment_status":"closed","ping_status":"closed","template":"full-width-page.php","meta":{"_mi_skip_tracking":false,"spay_email":""},"jetpack_sharing_enabled":true,"jetpack_shortlink":"https:\/\/wp.me\/P3yAVl-CK","jetpack-related-posts":[{"id":2339,"url":"https:\/\/www0.rivalsolutions.com\/?page_id=2339&lang=es","url_meta":{"origin":2402,"position":0},"title":"RUBIX","date":"2018\/07\/06","format":false,"excerpt":"RUBIX, provee a los administradores con una soluci\u00f3n llave en mano que permite evaluar la condici\u00f3n de infraestructuras y v\u00edas. Este se basa en el n\u00facleo de la plataforma tecnol\u00f3gica Rival. Incluye herramientas innovadoras para el levantamiento de datos de terreno, consolidaci\u00f3n de informaci\u00f3n et informes en tablero de control.\u2026","rel":"","context":"Similar post","img":{"alt_text":"RUBIX Diagram","src":"https:\/\/i0.wp.com\/rivalsolutions.com\/RivalWP_MySql\/wp\/wp-content\/uploads\/2013\/08\/Rubix_En-1024x514.png?resize=350%2C200","width":350,"height":200},"classes":[]},{"id":2398,"url":"https:\/\/www0.rivalsolutions.com\/?page_id=2398&lang=es","url_meta":{"origin":2402,"position":1},"title":"Contacto","date":"2018\/07\/06","format":false,"excerpt":"\u001aRival Solutions Waterloo: 22 King Street South, Suite 300 Waterloo, Ontario, Canada N2J 1N8 \u00a0 Contacto: Fono: (226) 476\u00a03202 Email:\u00a0info@rivalsolutions.com","rel":"","context":"Similar post","img":{"alt_text":"","src":"","width":0,"height":0},"classes":[]},{"id":2410,"url":"https:\/\/www0.rivalsolutions.com\/?page_id=2410&lang=es","url_meta":{"origin":2402,"position":2},"title":"Toma de decisi\u00f3n","date":"2018\/07\/06","format":false,"excerpt":"Tablero de control RUBIX El tablero de control basado en la web RUBIX es una herramienta de visualizaci\u00f3n que sirve principalmente dos tipos de necesidades, dependiendo de como su flujo de trabajo se haya integrado en sus operaciones cotidianas. Como\u00a0herramienta de toma de decisi\u00f3n, el tablero de control puede emplearse\u2026","rel":"","context":"Similar post","img":{"alt_text":"","src":"https:\/\/i0.wp.com\/www0.rivalsolutions.com\/wp-content\/uploads\/2016\/03\/budget_graph_resized.png?fit=266%2C288&ssl=1&resize=350%2C200","width":350,"height":200},"classes":[]},{"id":2485,"url":"https:\/\/www0.rivalsolutions.com\/?page_id=2485&lang=es","url_meta":{"origin":2402,"position":3},"title":"Procesamiento automatizado y alojamiento web","date":"2016\/03\/29","format":false,"excerpt":"Tablero de control RUBIX El tablero de control basado en la web RUBIX es una herramienta de visualizaci\u00f3n que sirve principalmente dos tipos de necesidades, dependiendo de como su flujo de trabajo se haya integrado en sus operaciones cotidianas. Como\u00a0herramienta de toma de decisi\u00f3n, el tablero de control puede emplearse\u2026","rel":"","context":"Similar post","img":{"alt_text":"","src":"https:\/\/i1.wp.com\/www0.rivalsolutions.com\/wp-content\/uploads\/2016\/03\/RubixDashBoard_03_resized.png?fit=266%2C288&ssl=1&resize=350%2C200","width":350,"height":200},"classes":[]},{"id":2407,"url":"https:\/\/www0.rivalsolutions.com\/?page_id=2407&lang=es","url_meta":{"origin":2402,"position":4},"title":"Levantamiento de datos","date":"2018\/07\/06","format":false,"excerpt":"Aplicaciones de terreno Rubix Las aplicaciones Rubix han sido dise\u00f1adas especialmente para ser sencillas de usar y llevar a cabo el espectro de tareas que van desde el levantamiento de datos brutos de terreno hasta el c\u00e1lculo de informaci\u00f3n relacionada con operaci\u00f3n de caminos e infraestructuras. Las palicaciones han sido\u2026","rel":"","context":"Similar post","img":{"alt_text":"","src":"https:\/\/i0.wp.com\/www0.rivalsolutions.com\/wp-content\/uploads\/2016\/03\/GUI3Combov2_06_800high-e1547748848485.png?fit=266%2C288&ssl=1&resize=350%2C200","width":350,"height":200},"classes":[]}],"_links":{"self":[{"href":"https:\/\/www0.rivalsolutions.com\/index.php?rest_route=\/wp\/v2\/pages\/2402"}],"collection":[{"href":"https:\/\/www0.rivalsolutions.com\/index.php?rest_route=\/wp\/v2\/pages"}],"about":[{"href":"https:\/\/www0.rivalsolutions.com\/index.php?rest_route=\/wp\/v2\/types\/page"}],"author":[{"embeddable":true,"href":"https:\/\/www0.rivalsolutions.com\/index.php?rest_route=\/wp\/v2\/users\/7"}],"replies":[{"embeddable":true,"href":"https:\/\/www0.rivalsolutions.com\/index.php?rest_route=%2Fwp%2Fv2%2Fcomments&post=2402"}],"version-history":[{"count":1,"href":"https:\/\/www0.rivalsolutions.com\/index.php?rest_route=\/wp\/v2\/pages\/2402\/revisions"}],"predecessor-version":[{"id":2403,"href":"https:\/\/www0.rivalsolutions.com\/index.php?rest_route=\/wp\/v2\/pages\/2402\/revisions\/2403"}],"wp:attachment":[{"href":"https:\/\/www0.rivalsolutions.com\/index.php?rest_route=%2Fwp%2Fv2%2Fmedia&parent=2402"}],"curies":[{"name":"wp","href":"https:\/\/api.w.org\/{rel}","templated":true}]}}