{"id":2398,"date":"2018-07-06T14:31:36","date_gmt":"2018-07-06T18:31:36","guid":{"rendered":"http:\/\/testweb.rivalsolutions.com\/?page_id=2398"},"modified":"2018-07-06T14:31:36","modified_gmt":"2018-07-06T18:31:36","slug":"contacto","status":"publish","type":"page","link":"https:\/\/www0.rivalsolutions.com\/?page_id=2398&lang=es","title":{"rendered":"Contacto"},"content":{"rendered":"<h3>\u001aRival Solutions Waterloo:<\/h3>\n<p>22 King Street South, Suite 300<br \/>\nWaterloo, Ontario, Canada<br \/>\nN2J 1N8<\/p>\n<p>&nbsp;<\/p>\n<h3>Contacto:<\/h3>\n<p>Fono: (226) 476\u00a03202<br \/>\nEmail:\u00a0<a href=\"mailto:Info@rivalsolutions.com\">info@rivalsolutions.com<\/a><\/p>\n","protected":false},"excerpt":{"rendered":"<p>\u001aRival Solutions Waterloo: 22 King Street South, Suite 300 Waterloo, Ontario, Canada N2J 1N8 &nbsp; Contacto: Fono: (226) 476\u00a03202 Email:\u00a0info@rivalsolutions.com<\/p>\n","protected":false},"author":7,"featured_media":0,"parent":0,"menu_order":100,"comment_status":"closed","ping_status":"closed","template":"sidebar-content-half-page.php","meta":{"_mi_skip_tracking":false,"spay_email":""},"jetpack_sharing_enabled":true,"jetpack_shortlink":"https:\/\/wp.me\/P3yAVl-CG","jetpack-related-posts":[{"id":2407,"url":"https:\/\/www0.rivalsolutions.com\/?page_id=2407&lang=es","url_meta":{"origin":2398,"position":0},"title":"Levantamiento de datos","date":"2018\/07\/06","format":false,"excerpt":"Aplicaciones de terreno Rubix Las aplicaciones Rubix han sido dise\u00f1adas especialmente para ser sencillas de usar y llevar a cabo el espectro de tareas que van desde el levantamiento de datos brutos de terreno hasta el c\u00e1lculo de informaci\u00f3n relacionada con operaci\u00f3n de caminos e infraestructuras. Las palicaciones han sido\u2026","rel":"","context":"Similar post","img":{"alt_text":"","src":"https:\/\/i0.wp.com\/www0.rivalsolutions.com\/wp-content\/uploads\/2016\/03\/GUI3Combov2_06_800high-e1547748848485.png?fit=266%2C288&ssl=1&resize=350%2C200","width":350,"height":200},"classes":[]}],"_links":{"self":[{"href":"https:\/\/www0.rivalsolutions.com\/index.php?rest_route=\/wp\/v2\/pages\/2398"}],"collection":[{"href":"https:\/\/www0.rivalsolutions.com\/index.php?rest_route=\/wp\/v2\/pages"}],"about":[{"href":"https:\/\/www0.rivalsolutions.com\/index.php?rest_route=\/wp\/v2\/types\/page"}],"author":[{"embeddable":true,"href":"https:\/\/www0.rivalsolutions.com\/index.php?rest_route=\/wp\/v2\/users\/7"}],"replies":[{"embeddable":true,"href":"https:\/\/www0.rivalsolutions.com\/index.php?rest_route=%2Fwp%2Fv2%2Fcomments&post=2398"}],"version-history":[{"count":1,"href":"https:\/\/www0.rivalsolutions.com\/index.php?rest_route=\/wp\/v2\/pages\/2398\/revisions"}],"predecessor-version":[{"id":2399,"href":"https:\/\/www0.rivalsolutions.com\/index.php?rest_route=\/wp\/v2\/pages\/2398\/revisions\/2399"}],"wp:attachment":[{"href":"https:\/\/www0.rivalsolutions.com\/index.php?rest_route=%2Fwp%2Fv2%2Fmedia&parent=2398"}],"curies":[{"name":"wp","href":"https:\/\/api.w.org\/{rel}","templated":true}]}}