{"id":2339,"date":"2018-07-06T14:36:38","date_gmt":"2013-06-06T05:21:02","guid":{"rendered":"http:\/\/rivalsolutions.com\/?page_id=2339"},"modified":"2018-07-06T14:36:38","modified_gmt":"2018-07-06T18:36:38","slug":"rubix-2","status":"publish","type":"page","link":"https:\/\/www0.rivalsolutions.com\/?page_id=2339&lang=es","title":{"rendered":"RUBIX"},"content":{"rendered":"<p>RUBIX, provee a los administradores con una soluci\u00f3n llave en mano que permite evaluar la condici\u00f3n de infraestructuras y v\u00edas. Este se basa en el n\u00facleo de la plataforma tecnol\u00f3gica Rival. Incluye herramientas innovadoras para el levantamiento de datos de terreno, consolidaci\u00f3n de informaci\u00f3n et informes en tablero de control. Elimina las tradicionales barreras y labores fastidiosas ligadas al levantamiento, manejo y elaboraci\u00f3n de informes de complejidad avanzada. La simplicidad de la soluci\u00f3n ofrece un nuevo paradigma de gesti\u00f3n de atributos basado en las medici\u00f3n constante en lugar de predicciones a largo plazo. Este nuevo enfoque ofrece a los administradores una \u00e1gil y eficiente herramienta aplicable a la planificaci\u00f3n, mantenci\u00f3n y ciclo de vida de las practicas de transporte.<\/p>\n<h4>Arquitectura de la soluci\u00f3n<\/h4>\n<p><a href=\"https:\/\/i0.wp.com\/rivalsolutions.com\/RivalWP_MySql\/wp\/wp-content\/uploads\/2013\/08\/Puzz_2015b_Transparent_03.png\"><img data-attachment-id=\"360\" data-permalink=\"https:\/\/www0.rivalsolutions.com\/?attachment_id=360\" data-orig-file=\"https:\/\/i1.wp.com\/www0.rivalsolutions.com\/wp-content\/uploads\/2013\/08\/Puzz_2015b_Transparent_03.png?fit=1193%2C911&amp;ssl=1\" data-orig-size=\"1193,911\" data-comments-opened=\"1\" data-image-meta=\"{&quot;aperture&quot;:&quot;0&quot;,&quot;credit&quot;:&quot;&quot;,&quot;camera&quot;:&quot;&quot;,&quot;caption&quot;:&quot;&quot;,&quot;created_timestamp&quot;:&quot;0&quot;,&quot;copyright&quot;:&quot;&quot;,&quot;focal_length&quot;:&quot;0&quot;,&quot;iso&quot;:&quot;0&quot;,&quot;shutter_speed&quot;:&quot;0&quot;,&quot;title&quot;:&quot;&quot;,&quot;orientation&quot;:&quot;0&quot;}\" data-image-title=\"Puzz_2015b_Transparent_03\" data-image-description=\"\" data-image-caption=\"&lt;p&gt;The RUBIX Modular Workflow&lt;\/p&gt;\n\" data-medium-file=\"https:\/\/i1.wp.com\/www0.rivalsolutions.com\/wp-content\/uploads\/2013\/08\/Puzz_2015b_Transparent_03.png?fit=300%2C229&amp;ssl=1\" data-large-file=\"https:\/\/i1.wp.com\/www0.rivalsolutions.com\/wp-content\/uploads\/2013\/08\/Puzz_2015b_Transparent_03.png?fit=605%2C462&amp;ssl=1\" loading=\"lazy\" class=\"wp-image-360 aligncenter size-large\" src=\"https:\/\/i0.wp.com\/rivalsolutions.com\/RivalWP_MySql\/wp\/wp-content\/uploads\/2013\/08\/Rubix_En-1024x514.png?resize=550%2C276\" alt=\"RUBIX Diagram\" width=\"550\" height=\"276\" data-recalc-dims=\"1\" \/><\/a><\/p>\n<table id=\"DataProcessing \" dir=\"ltr\" lang=\"English\" border=\"0\" frame=\"box\" rules=\"none\" cellpadding=\"10\" align=\"center\">\n<tbody>\n<tr>\n<th dir=\"ltr\" scope=\"colgroup\" align=\"center\"><strong>Levantamiento de datos<\/strong><\/th>\n<th scope=\"colgroup\" align=\"center\"><strong>Procesamiento<\/strong><\/th>\n<th scope=\"colgroup\" align=\"center\"><strong>Tablero de control<\/strong><\/th>\n<\/tr>\n<tr>\n<td>\n<ul>\n<li>Aplicaciones m\u00f3viles<\/li>\n<li>Datos de terceros<\/li>\n<li>Transferencia autom\u00e1tica de datos<\/li>\n<\/ul>\n<\/td>\n<td>\n<ul>\n<li>Servicios de procesamiento en la nube<\/li>\n<li>C\u00e1lculos cercanos al tiempo real<\/li>\n<li>Agrupamiento de datos espaciales<\/li>\n<\/ul>\n<\/td>\n<td>\n<ul>\n<li>Capas de informaci\u00f3n accesibles en directo<\/li>\n<li>Exportaci\u00f3n de datos en CSV, SHP y KML<\/li>\n<\/ul>\n<\/td>\n<\/tr>\n<\/tbody>\n<\/table>\n<p class=\"collapseomatic \" id=\"id69d04c52b5509\"  tabindex=\"0\" title=\"Saber m\u00e1s\"    >Saber m\u00e1s<\/p><div id=\"target-id69d04c52b5509\" class=\"collapseomatic_content \"> El flujo de trabajo RUBIX posee tres componentes principales, tal que expuesto en la im\u00e1gen superior. Los datos brutos son levantados ya sea a trav\u00e9s de las aplicaciones Rival\u00a0<a href=\"#DataCollection\">Rival Apps<\/a> en dispositivos m\u00f3blies u otras fuentes de terceros. Luego, son enviados flu\u00eddamente a los servidores de procesamiento de Rival. N\u00f3tese, la infraestructura de evaluaci\u00f3n es generada inmediatamente despu\u00e9s de la captura a trav\u00e9s de comandos de procesamiento de datos basados en la nube <a href=\"#RubixProcessing\">cloud based data processing<\/a>. Luego, quedan disponibles para visualizaci\u00f3n a trav\u00e9s del mapa de tablero de control\u00a0<a href=\"#dashboard\">dashboard<\/a>\u00a0basado en la red. Una vez completos, la capacidad b\u00e1sica de generaci\u00f3n de informes queda disponible\u00a0 y permite al usuario la realizaci\u00f3n de an\u00e1lisis posterior de los resultados afin de obtener ayuda a la decisi\u00f3n en lo que concierne a la mantenci\u00f3n y rehabilitaci\u00f3n de redes viales.<\/div>\n<h4 id=\"DataCollection\">M\u00e9todos de colecci\u00f3n de datos RUBIX<\/h4>\n<p>Actualmente, el m\u00e9todo principal de levantamiento de datos de RUBIX consite en la adquisici\u00f3n a partir de dispositivos m\u00f3biles (iPhone o iPad) a trav\u00e9s de las aplicaciones espec\u00edficas o a partir de integraci\u00f3n de fuentes de terceros. <p class=\"collapseomatic \" id=\"id69d04c52b5570\"  tabindex=\"0\" title=\"Saber m\u00e1s\"    >Saber m\u00e1s<\/p><div id=\"target-id69d04c52b5570\" class=\"collapseomatic_content \">\n<h5>Aplicaciones de terreno RUBIX<\/h5>\n<p>Se han desarrollado aplicaciones sobre la plataforma iOS para iPhone y iPad (dependiendo del flujo de trabajo Rubix) para levantamiento de datos de terrenos que resultan muy simples de usar. Estas herramientas son el premier eslav\u00f3n necesario para llevar a cavo los c\u00e1lculos ligados a las operaciones de infraestructura y caminos. Para mayor flexibilidad, estan disponibles configuraciones en modo din\u00e1mico (manejando) y est\u00e1tico (caminando). En modo m\u00f3vil, ciertas aplicaciones han sido desarrolladas para estar registrando constantemente los veh\u00edculos de una flota (patrullas, camionetas de obras p\u00fablicas, inspectores, etc). En operaci\u00f3n normal, los archivos de datos son comprimidos y enviados en tiempo real hacia los servidores de procesamiento Rubix <a href=\"#RubixPorcessing\">Rubix processing<\/a>. Opcionalmente, si se desea se puede desactivar el env\u00edo automatico y emplear en su lugar una pantalla de configuraci\u00f3n. El portafolio de la aplicaci\u00f3n se basa en la evaluaci\u00f3n de condici\u00f3n y performance para infraestructura de transporte como caminos, veredas y senderos. Realiza todas estas tareas a trav\u00e9s de m\u00e9todos automatizados, manuales, im\u00e1genes m\u00f3biles, etc. Las aplicaciones centrales son:<\/p>\n<table id=\"Product Table\" dir=\"ltr\" lang=\"English\" border=\"0\" cellspacing=\"10\" cellpadding=\"10\" align=\"center\">\n<tbody>\n<tr>\n<td align=\"center\" valign=\"middle\"><a href=\"http:\/\/rivalsolutions.com\/?page_id=166\"><img data-attachment-id=\"368\" data-permalink=\"https:\/\/www0.rivalsolutions.com\/?attachment_id=368\" data-orig-file=\"https:\/\/i2.wp.com\/www0.rivalsolutions.com\/wp-content\/uploads\/2013\/06\/rRufV2-10242.png?fit=1024%2C1024&amp;ssl=1\" data-orig-size=\"1024,1024\" data-comments-opened=\"1\" data-image-meta=\"{&quot;aperture&quot;:&quot;0&quot;,&quot;credit&quot;:&quot;&quot;,&quot;camera&quot;:&quot;&quot;,&quot;caption&quot;:&quot;&quot;,&quot;created_timestamp&quot;:&quot;0&quot;,&quot;copyright&quot;:&quot;&quot;,&quot;focal_length&quot;:&quot;0&quot;,&quot;iso&quot;:&quot;0&quot;,&quot;shutter_speed&quot;:&quot;0&quot;,&quot;title&quot;:&quot;&quot;,&quot;orientation&quot;:&quot;0&quot;}\" data-image-title=\"rRufV2-10242\" data-image-description=\"\" data-image-caption=\"\" data-medium-file=\"https:\/\/i2.wp.com\/www0.rivalsolutions.com\/wp-content\/uploads\/2013\/06\/rRufV2-10242.png?fit=300%2C300&amp;ssl=1\" data-large-file=\"https:\/\/i2.wp.com\/www0.rivalsolutions.com\/wp-content\/uploads\/2013\/06\/rRufV2-10242.png?fit=605%2C605&amp;ssl=1\" loading=\"lazy\" class=\"size-full wp-image-368 alignnone\" src=\"https:\/\/i2.wp.com\/rivalsolutions.com\/RivalWP_MySql\/wp\/wp-content\/uploads\/2013\/06\/rRufV2-10241.png?resize=114%2C115\" alt=\"rRuf\" width=\"114\" height=\"115\" data-recalc-dims=\"1\" \/><\/a><\/td>\n<td dir=\"ltr\" align=\"center\" valign=\"middle\"><a href=\"http:\/\/rivalsolutions.com\/?page_id=168\"><img data-attachment-id=\"367\" data-permalink=\"https:\/\/www0.rivalsolutions.com\/?attachment_id=367\" data-orig-file=\"https:\/\/i2.wp.com\/www0.rivalsolutions.com\/wp-content\/uploads\/2013\/06\/rInspectorV2_Tr1.png?fit=1024%2C1024&amp;ssl=1\" data-orig-size=\"1024,1024\" data-comments-opened=\"1\" data-image-meta=\"{&quot;aperture&quot;:&quot;0&quot;,&quot;credit&quot;:&quot;&quot;,&quot;camera&quot;:&quot;&quot;,&quot;caption&quot;:&quot;&quot;,&quot;created_timestamp&quot;:&quot;0&quot;,&quot;copyright&quot;:&quot;&quot;,&quot;focal_length&quot;:&quot;0&quot;,&quot;iso&quot;:&quot;0&quot;,&quot;shutter_speed&quot;:&quot;0&quot;,&quot;title&quot;:&quot;&quot;,&quot;orientation&quot;:&quot;0&quot;}\" data-image-title=\"rInspectorV2_Tr1\" data-image-description=\"\" data-image-caption=\"\" data-medium-file=\"https:\/\/i2.wp.com\/www0.rivalsolutions.com\/wp-content\/uploads\/2013\/06\/rInspectorV2_Tr1.png?fit=300%2C300&amp;ssl=1\" data-large-file=\"https:\/\/i2.wp.com\/www0.rivalsolutions.com\/wp-content\/uploads\/2013\/06\/rInspectorV2_Tr1.png?fit=605%2C605&amp;ssl=1\" loading=\"lazy\" class=\"size-full wp-image-367 alignnone\" src=\"https:\/\/i2.wp.com\/rivalsolutions.com\/RivalWP_MySql\/wp\/wp-content\/uploads\/2013\/06\/rInspectorV2_Tr1.png?resize=114%2C114\" alt=\"rRate\" width=\"114\" height=\"114\" srcset=\"https:\/\/i2.wp.com\/www0.rivalsolutions.com\/wp-content\/uploads\/2013\/06\/rInspectorV2_Tr1.png?w=1024&amp;ssl=1 1024w, https:\/\/i2.wp.com\/www0.rivalsolutions.com\/wp-content\/uploads\/2013\/06\/rInspectorV2_Tr1.png?resize=150%2C150&amp;ssl=1 150w, https:\/\/i2.wp.com\/www0.rivalsolutions.com\/wp-content\/uploads\/2013\/06\/rInspectorV2_Tr1.png?resize=300%2C300&amp;ssl=1 300w, https:\/\/i2.wp.com\/www0.rivalsolutions.com\/wp-content\/uploads\/2013\/06\/rInspectorV2_Tr1.png?resize=100%2C100&amp;ssl=1 100w, https:\/\/i2.wp.com\/www0.rivalsolutions.com\/wp-content\/uploads\/2013\/06\/rInspectorV2_Tr1.png?resize=200%2C200&amp;ssl=1 200w, https:\/\/i2.wp.com\/www0.rivalsolutions.com\/wp-content\/uploads\/2013\/06\/rInspectorV2_Tr1.png?resize=450%2C450&amp;ssl=1 450w, https:\/\/i2.wp.com\/www0.rivalsolutions.com\/wp-content\/uploads\/2013\/06\/rInspectorV2_Tr1.png?resize=600%2C600&amp;ssl=1 600w, https:\/\/i2.wp.com\/www0.rivalsolutions.com\/wp-content\/uploads\/2013\/06\/rInspectorV2_Tr1.png?resize=900%2C900&amp;ssl=1 900w, https:\/\/i2.wp.com\/www0.rivalsolutions.com\/wp-content\/uploads\/2013\/06\/rInspectorV2_Tr1.png?resize=400%2C400&amp;ssl=1 400w\" sizes=\"(max-width: 114px) 100vw, 114px\" data-recalc-dims=\"1\" \/><\/a><\/td>\n<\/tr>\n<tr>\n<td>Aplicaci\u00f3n m\u00f3vil que permite el levantamiento de datos brutos empleado en el c\u00e1lculo de rugosidad de caminos.<\/td>\n<td>Aplicaci\u00f3n vers\u00e1til que emmpleada para levantamiento de datos de condici\u00f3n espec\u00edficos de pavimento, veredas y otras infraetructuras.<\/td>\n<\/tr>\n<\/tbody>\n<\/table>\n<p>Visite la secci\u00f3n de soluci\u00f3n para saber como rRuf y rInspector se utilizan en flujos de trabajo espec\u00edficos como por ejemplo\u00a0\u00a0<a title=\"Road Performance Evaluation\" href=\"http:\/\/rivalsolutions.com\/?page_id=209\">road performance evaluations<\/a><\/p>\n<h5 id=\"3rdParty\">Integraci\u00f3n datos de terceros<\/h5>\n<p>En adici\u00f3n al levantamiento de datos , el flujo de datos Rubix tambi\u00e9n puede aceptar formatos de datos provenientes de terceros si estos desean aprovechar las capacidades de Rubix mientras proveen sus propios datos levantados. Contactar\u00a0<a href=\"mailto:Info@rivalsolutions.com\">info@rivalsolutions.com<\/a> para obtener m\u00e1s informaci\u00f3n al respecto, as\u00ed como los nuevos formatos de integraci\u00f3n.\u00a0<\/div>\n<h4 id=\"RubixProcessing\">Servicios de procesamiento de datos RUBIX<\/h4>\n<p>Una vez que sus datos han sido levantados en terreno, se procesa los datos usando servicios basados en la nube. Los archivos son enviados desde su aplicaci\u00f3n m\u00f3vil hacia el servidor de procesamiento de datos RUBIX donde son compactados para extraer y referenciar espacialmente la informaci\u00f3n de un dominio espec\u00edfico. <p class=\"collapseomatic \" id=\"id69d04c52b55d9\"  tabindex=\"0\" title=\"read more\"    >read more<\/p><div id=\"target-id69d04c52b55d9\" class=\"collapseomatic_content \">\n<p>rLoader &#8211; Carga datos brutos levantados en terreno dentro de la base de datos Rubix<\/p>\n<p>rDR &#8211; Reconocimiento de mala se\u00f1al GPS, se usa para ayudar y mejorar mala informaci\u00f3n del GPS usando vectores del centro de la v\u00eda.<\/p>\n<p>rSeg &#8211; Servicio de segmentaci\u00f3n de caminos aplicado a la relaci\u00f3n inteligente, mediante un avanzado an\u00e1lisis espacial, entre los datos levantados y el centro de la v\u00eda segmentada.<\/p>\n<p>rRCI &#8211; Servicio de procesamiento empleado para resumir y convertir par\u00e1metros de rugosidad como IRI, o datos de respuesta capturados con rRuf, en \u00cdndice de Confort de Conducci\u00f3n (ICC), dependiendo de la clasificaci\u00f3n de la ruta y\/o de la velocidad de captura de los datos.<\/p>\n<p>rPCI &#8211; Servicio de procesamiento usado para acumular y convertir datos brutos de deterioro\/defecto de superficie de caminos a un Indice de Condici\u00f3n de Rutas integral o equivalente. Este sistema se basa en est\u00e1ndares metodol\u00f3gicos de c\u00e1lculos tales como ASTM D6433.<\/p>\n<p>rOCI &#8211; El servicio de Overall Condition Index (OCI) genera un \u00edndice de calidad integrado para cada segmento \u00fanico y simple. Algunos \u00edndices equivalentes como PQI, DMI, etc&#8230;est\u00e1n disponibles gracias a este servicio<\/p>\n<p>La definici\u00f3n de etapas del flujo de procesamiento depende del tema y objetivo del proyecto. Dir\u00edgase a la secci\u00f3n Soluciones para saber m\u00e1s acerca de como los servicios de procesamiento explicados se aplican al flujo de trabajo durante la <a href=\"http:\/\/rivalsolutions.com\/?page_id=209\">evaluaci\u00f3n de rendimiento vial<\/a>, <a href=\"http:\/\/rivalsolutions.com\/?page_id=214\">monitoreo de v\u00edas de gravilla<\/a> y otras aplicaciones. Los servicios de procesamiento y flujo de trabajo de RUBIX son gatillados autom\u00e1ticamente apenas se reciben los datos. El motor de procesamiento tiene la habilidad de filtrar de forma autom\u00e1tica los datos que no forman parte o que no est\u00e1n alineados con la red de caminos predefinida, por lo tanto, los usuarios no tiene que preocuparse de comenzar o detener el levantamiento de datos en el lugar exacto que comienza o que termina un segmento.<\/div>\n<h4 id=\"dashboard\">Tablero de control RUBIX<\/h4>\n<p>El tablero de control basado en la web RUBIX es una herramienta de visualizaci\u00f3n que sirve principalmente dos tipos de necesidades, dependiendo de como su flujo de trabajo se haya integrado en sus operaciones cotidianas.<\/p>\n<p><a href=\"https:\/\/i2.wp.com\/rivalsolutions.com\/RivalWP_MySql\/wp\/wp-content\/uploads\/2013\/08\/RubixDashBoard_03.png\"><img data-attachment-id=\"487\" data-permalink=\"https:\/\/www0.rivalsolutions.com\/?attachment_id=487\" data-orig-file=\"https:\/\/i1.wp.com\/www0.rivalsolutions.com\/wp-content\/uploads\/2013\/08\/RubixDashBoard_03.png?fit=846%2C800&amp;ssl=1\" data-orig-size=\"846,800\" data-comments-opened=\"1\" data-image-meta=\"{&quot;aperture&quot;:&quot;0&quot;,&quot;credit&quot;:&quot;&quot;,&quot;camera&quot;:&quot;&quot;,&quot;caption&quot;:&quot;&quot;,&quot;created_timestamp&quot;:&quot;0&quot;,&quot;copyright&quot;:&quot;&quot;,&quot;focal_length&quot;:&quot;0&quot;,&quot;iso&quot;:&quot;0&quot;,&quot;shutter_speed&quot;:&quot;0&quot;,&quot;title&quot;:&quot;&quot;}\" data-image-title=\"Rubix Dashboard\" data-image-description=\"\" data-image-caption=\"\" data-medium-file=\"https:\/\/i1.wp.com\/www0.rivalsolutions.com\/wp-content\/uploads\/2013\/08\/RubixDashBoard_03.png?fit=300%2C283&amp;ssl=1\" data-large-file=\"https:\/\/i1.wp.com\/www0.rivalsolutions.com\/wp-content\/uploads\/2013\/08\/RubixDashBoard_03.png?fit=605%2C572&amp;ssl=1\" loading=\"lazy\" class=\"size-medium wp-image-487 aligncenter\" src=\"https:\/\/i2.wp.com\/rivalsolutions.com\/RivalWP_MySql\/wp\/wp-content\/uploads\/2013\/08\/RubixDashBoard_03-300x283.png?resize=300%2C283\" alt=\"Rubix Dashboard\" width=\"300\" height=\"283\" srcset=\"https:\/\/i1.wp.com\/www0.rivalsolutions.com\/wp-content\/uploads\/2013\/08\/RubixDashBoard_03.png?resize=300%2C283&amp;ssl=1 300w, https:\/\/i1.wp.com\/www0.rivalsolutions.com\/wp-content\/uploads\/2013\/08\/RubixDashBoard_03.png?resize=400%2C378&amp;ssl=1 400w, https:\/\/i1.wp.com\/www0.rivalsolutions.com\/wp-content\/uploads\/2013\/08\/RubixDashBoard_03.png?w=846&amp;ssl=1 846w\" sizes=\"(max-width: 300px) 100vw, 300px\" data-recalc-dims=\"1\" \/><\/a><p class=\"collapseomatic \" id=\"id69d04c52b563b\"  tabindex=\"0\" title=\"read more\"    >read more<\/p><div id=\"target-id69d04c52b563b\" class=\"collapseomatic_content \"> Como\u00a0<strong>herramienta de toma de decisi\u00f3n<\/strong>, el tablero de control puede emplearse de manera simple para visualizar y tomar decisiones con respecto al estado actual de la infraestructura deseada. Generalmente, este es usado por agencias que desean realizar evaluaciones de forma simplificada y no quieren implementar software de an\u00e1lisis y mapeo demasiado complejo. El resumen de informaci\u00f3n (por ejemplo, la evaluaci\u00f3n de condici\u00f3n), se presenta ligado a un elemento (por ejemplo, un segmento) y este se clasifica en colores de acuerdo a su condici\u00f3n relativa (ej.: verde = bueno, amarillo = regular, rojo = mal0).<\/p>\n<p>Como\u00a0<strong>portal de extracci\u00f3n de datos<\/strong>, las agencias que desean emplear sus datos en otras plataformas (ej., SIG o sistemas de gestion de pavimento) pueden usar el tablero de control como un mecanismo de suministro de datos de terreno que han sido procesados por el motor RUBIX.<\/p>\n<ul>\n<li>Indicadores de condici\u00f3n de caminos por segmento (formatos CSV, SHP o KML) mostrando una visi\u00f3n global de la situaci\u00f3n actual de los caminos basado en promedios de informaci\u00f3n actualizada,<\/li>\n<li>Informe de informaci\u00f3n hist\u00f3rica por segmento (CSV),<\/li>\n<li>Archivos de informaci\u00f3n no procesada (datos brutos).<\/li>\n<\/ul>\n<p>En cada uno de los m\u00e9todos, el tablero de control es configurado por cada agencia de manera \u00fanica y es accesible por su propietario a trav\u00e9s de una direcci\u00f3n URL personalizada. Esta queda a disposici\u00f3n del usuario durante a lo largo de todo el per\u00edodo de subscripci\u00f3n.<\/div>\n","protected":false},"excerpt":{"rendered":"<p>RUBIX, provee a los administradores con una soluci\u00f3n llave en mano que permite evaluar la condici\u00f3n de infraestructuras y v\u00edas. Este se basa en el n\u00facleo de la plataforma tecnol\u00f3gica Rival. Incluye herramientas innovadoras para el levantamiento de datos de &hellip;<\/p>\n<p class=\"read-more\"> <a class=\"more-link\" href=\"https:\/\/www0.rivalsolutions.com\/?page_id=2339&#038;lang=es\"> <span class=\"screen-reader-text\">RUBIX<\/span> Read More &raquo;<\/a><\/p>\n","protected":false},"author":7,"featured_media":992,"parent":0,"menu_order":2,"comment_status":"closed","ping_status":"closed","template":"content-sidebar-page.php","meta":{"_mi_skip_tracking":false,"spay_email":""},"jetpack_sharing_enabled":true,"jetpack_shortlink":"https:\/\/wp.me\/P3yAVl-BJ","jetpack-related-posts":[{"id":2407,"url":"https:\/\/www0.rivalsolutions.com\/?page_id=2407&lang=es","url_meta":{"origin":2339,"position":0},"title":"Levantamiento de datos","date":"2018\/07\/06","format":false,"excerpt":"Aplicaciones de terreno Rubix Las aplicaciones Rubix han sido dise\u00f1adas especialmente para ser sencillas de usar y llevar a cabo el espectro de tareas que van desde el levantamiento de datos brutos de terreno hasta el c\u00e1lculo de informaci\u00f3n relacionada con operaci\u00f3n de caminos e infraestructuras. Las palicaciones han sido\u2026","rel":"","context":"Similar post","img":{"alt_text":"","src":"https:\/\/i0.wp.com\/www0.rivalsolutions.com\/wp-content\/uploads\/2016\/03\/GUI3Combov2_06_800high-e1547748848485.png?fit=266%2C288&ssl=1&resize=350%2C200","width":350,"height":200},"classes":[]},{"id":2284,"url":"https:\/\/www0.rivalsolutions.com\/?page_id=2284&lang=es","url_meta":{"origin":2339,"position":1},"title":"rInspector : la herramienta de inspecci\u00f3n multiuso","date":"2018\/05\/31","format":false,"excerpt":"\u00a0 La soluci\u00f3n Rubix tambi\u00e9n cuenta con una herramienta para el levantamiento de datos de inspecci\u00f3n en terreno. La aplicaci\u00f3n permite la agrupar los datos de inspecci\u00f3n en proyectos y configurar cada uno d e los proyectos de inspecci\u00f3n con un formulario espec\u00edfico. Los formularios de inspecci\u00f3n est\u00e1n compuestos por\u2026","rel":"","context":"Similar post","img":{"alt_text":"GUI3DrRateWeb_fr_03","src":"https:\/\/i2.wp.com\/rivalsolutions.com\/RivalWP_MySql\/wp\/wp-content\/uploads\/2013\/06\/GUI3DrRateWeb_fr_03-1024x632.png?resize=350%2C200","width":350,"height":200},"classes":[]},{"id":2410,"url":"https:\/\/www0.rivalsolutions.com\/?page_id=2410&lang=es","url_meta":{"origin":2339,"position":2},"title":"Toma de decisi\u00f3n","date":"2018\/07\/06","format":false,"excerpt":"Tablero de control RUBIX El tablero de control basado en la web RUBIX es una herramienta de visualizaci\u00f3n que sirve principalmente dos tipos de necesidades, dependiendo de como su flujo de trabajo se haya integrado en sus operaciones cotidianas. Como\u00a0herramienta de toma de decisi\u00f3n, el tablero de control puede emplearse\u2026","rel":"","context":"Similar post","img":{"alt_text":"","src":"https:\/\/i0.wp.com\/www0.rivalsolutions.com\/wp-content\/uploads\/2016\/03\/budget_graph_resized.png?fit=266%2C288&ssl=1&resize=350%2C200","width":350,"height":200},"classes":[]},{"id":2485,"url":"https:\/\/www0.rivalsolutions.com\/?page_id=2485&lang=es","url_meta":{"origin":2339,"position":3},"title":"Procesamiento automatizado y alojamiento web","date":"2016\/03\/29","format":false,"excerpt":"Tablero de control RUBIX El tablero de control basado en la web RUBIX es una herramienta de visualizaci\u00f3n que sirve principalmente dos tipos de necesidades, dependiendo de como su flujo de trabajo se haya integrado en sus operaciones cotidianas. Como\u00a0herramienta de toma de decisi\u00f3n, el tablero de control puede emplearse\u2026","rel":"","context":"Similar post","img":{"alt_text":"","src":"https:\/\/i1.wp.com\/www0.rivalsolutions.com\/wp-content\/uploads\/2016\/03\/RubixDashBoard_03_resized.png?fit=266%2C288&ssl=1&resize=350%2C200","width":350,"height":200},"classes":[]},{"id":2276,"url":"https:\/\/www0.rivalsolutions.com\/?page_id=2276&lang=es","url_meta":{"origin":2339,"position":4},"title":"rRuf &#8211; Medici\u00f3n de comfort de recorrido","date":"2018\/04\/05","format":false,"excerpt":"rRuf es la herramienta que permite llevar a cabo el levantamiento de informaci\u00f3n del \u00edndice de rugosidad. Se trata de una aplicaci\u00f3n para iPhone que emplea los sensores internos del tel\u00e9fono inteligente y que permite de esta forma medir el confort de la ruta tal como lo siente el conductor\u2026","rel":"","context":"Similar post","img":{"alt_text":"","src":"https:\/\/i2.wp.com\/rivalsolutions.com\/RivalWP_MySql\/wp\/wp-content\/uploads\/2018\/04\/rRUF_ESP.png?resize=350%2C200","width":350,"height":200},"classes":[]},{"id":2402,"url":"https:\/\/www0.rivalsolutions.com\/?page_id=2402&lang=es","url_meta":{"origin":2339,"position":5},"title":"Empresa","date":"2018\/07\/06","format":false,"excerpt":"VISION GENERAL Rival Solutions fue fundado en Marzo de 2013 con el objetivo fundamental de introducir m\u00e9todos de ayuda a la decision novedosos relacionados con diferentes disciplinas ligadas al \u00e1mbito de obras p\u00fablicas y geom\u00e1tica. El n\u00facleo de soluciones propuesto por Rival representa una alternativa simple, eficiente, din\u00e1mica y escalable\u2026","rel":"","context":"Similar post","img":{"alt_text":"","src":"","width":0,"height":0},"classes":[]}],"_links":{"self":[{"href":"https:\/\/www0.rivalsolutions.com\/index.php?rest_route=\/wp\/v2\/pages\/2339"}],"collection":[{"href":"https:\/\/www0.rivalsolutions.com\/index.php?rest_route=\/wp\/v2\/pages"}],"about":[{"href":"https:\/\/www0.rivalsolutions.com\/index.php?rest_route=\/wp\/v2\/types\/page"}],"author":[{"embeddable":true,"href":"https:\/\/www0.rivalsolutions.com\/index.php?rest_route=\/wp\/v2\/users\/7"}],"replies":[{"embeddable":true,"href":"https:\/\/www0.rivalsolutions.com\/index.php?rest_route=%2Fwp%2Fv2%2Fcomments&post=2339"}],"version-history":[{"count":15,"href":"https:\/\/www0.rivalsolutions.com\/index.php?rest_route=\/wp\/v2\/pages\/2339\/revisions"}],"predecessor-version":[{"id":2405,"href":"https:\/\/www0.rivalsolutions.com\/index.php?rest_route=\/wp\/v2\/pages\/2339\/revisions\/2405"}],"wp:featuredmedia":[{"embeddable":true,"href":"https:\/\/www0.rivalsolutions.com\/index.php?rest_route=\/wp\/v2\/media\/992"}],"wp:attachment":[{"href":"https:\/\/www0.rivalsolutions.com\/index.php?rest_route=%2Fwp%2Fv2%2Fmedia&parent=2339"}],"curies":[{"name":"wp","href":"https:\/\/api.w.org\/{rel}","templated":true}]}}