{"id":2276,"date":"2018-04-05T13:24:49","date_gmt":"2013-06-26T10:42:40","guid":{"rendered":"http:\/\/rivalsolutions.com\/?page_id=2276"},"modified":"2018-07-10T16:39:24","modified_gmt":"2018-07-10T20:39:24","slug":"rruf-medicion-de-calidad-de-recorrido","status":"publish","type":"page","link":"https:\/\/www0.rivalsolutions.com\/?page_id=2276&lang=es","title":{"rendered":"rRuf &#8211; Medici\u00f3n de comfort de recorrido"},"content":{"rendered":"<p>rRuf es la herramienta que permite llevar a cabo el levantamiento de informaci\u00f3n del \u00edndice de rugosidad. Se trata de una aplicaci\u00f3n para iPhone que emplea los sensores internos del tel\u00e9fono inteligente y que permite de esta forma medir el confort de la ruta tal como lo siente el conductor y los pasajeros dentro de un autom\u00f3vil.<br \/>\nrRuf ha sido desarrollado con el objetivo de levantar datos de manera aut\u00f3noma y realizar la transmisi\u00f3n autom\u00e1tica de datos para \u00a0tratamiento hacia el servidor Rubix, la segmentaci\u00f3n y el calculo de \u00edndices de rugosidad (p. ej. RCI). rRuf es compatible con tel\u00e9fonos Apple iPhone versiones 4S o m\u00e1s recientes.<\/p>\n<p><a href=\"https:\/\/i2.wp.com\/rivalsolutions.com\/RivalWP_MySql\/wp\/wp-content\/uploads\/2018\/04\/rRUF_ESP.png\"><img data-attachment-id=\"2317\" data-permalink=\"https:\/\/www0.rivalsolutions.com\/?attachment_id=2317\" data-orig-file=\"https:\/\/i1.wp.com\/www0.rivalsolutions.com\/wp-content\/uploads\/2018\/04\/rRUF_ESP.png?fit=1037%2C713&amp;ssl=1\" data-orig-size=\"1037,713\" data-comments-opened=\"0\" data-image-meta=\"{&quot;aperture&quot;:&quot;0&quot;,&quot;credit&quot;:&quot;&quot;,&quot;camera&quot;:&quot;&quot;,&quot;caption&quot;:&quot;&quot;,&quot;created_timestamp&quot;:&quot;0&quot;,&quot;copyright&quot;:&quot;&quot;,&quot;focal_length&quot;:&quot;0&quot;,&quot;iso&quot;:&quot;0&quot;,&quot;shutter_speed&quot;:&quot;0&quot;,&quot;title&quot;:&quot;&quot;,&quot;orientation&quot;:&quot;0&quot;}\" data-image-title=\"rRUF_ESP\" data-image-description=\"\" data-image-caption=\"\" data-medium-file=\"https:\/\/i1.wp.com\/www0.rivalsolutions.com\/wp-content\/uploads\/2018\/04\/rRUF_ESP.png?fit=300%2C206&amp;ssl=1\" data-large-file=\"https:\/\/i1.wp.com\/www0.rivalsolutions.com\/wp-content\/uploads\/2018\/04\/rRUF_ESP.png?fit=605%2C416&amp;ssl=1\" loading=\"lazy\" class=\"size-full wp-image-2317 aligncenter\" src=\"https:\/\/i2.wp.com\/rivalsolutions.com\/RivalWP_MySql\/wp\/wp-content\/uploads\/2018\/04\/rRUF_ESP.png?resize=605%2C416\" alt=\"\" width=\"605\" height=\"416\" srcset=\"https:\/\/i1.wp.com\/www0.rivalsolutions.com\/wp-content\/uploads\/2018\/04\/rRUF_ESP.png?w=1037&amp;ssl=1 1037w, https:\/\/i1.wp.com\/www0.rivalsolutions.com\/wp-content\/uploads\/2018\/04\/rRUF_ESP.png?resize=300%2C206&amp;ssl=1 300w, https:\/\/i1.wp.com\/www0.rivalsolutions.com\/wp-content\/uploads\/2018\/04\/rRUF_ESP.png?resize=768%2C528&amp;ssl=1 768w, https:\/\/i1.wp.com\/www0.rivalsolutions.com\/wp-content\/uploads\/2018\/04\/rRUF_ESP.png?resize=1024%2C704&amp;ssl=1 1024w, https:\/\/i1.wp.com\/www0.rivalsolutions.com\/wp-content\/uploads\/2018\/04\/rRUF_ESP.png?resize=100%2C69&amp;ssl=1 100w, https:\/\/i1.wp.com\/www0.rivalsolutions.com\/wp-content\/uploads\/2018\/04\/rRUF_ESP.png?resize=150%2C103&amp;ssl=1 150w, https:\/\/i1.wp.com\/www0.rivalsolutions.com\/wp-content\/uploads\/2018\/04\/rRUF_ESP.png?resize=200%2C138&amp;ssl=1 200w, https:\/\/i1.wp.com\/www0.rivalsolutions.com\/wp-content\/uploads\/2018\/04\/rRUF_ESP.png?resize=450%2C309&amp;ssl=1 450w, https:\/\/i1.wp.com\/www0.rivalsolutions.com\/wp-content\/uploads\/2018\/04\/rRUF_ESP.png?resize=600%2C413&amp;ssl=1 600w, https:\/\/i1.wp.com\/www0.rivalsolutions.com\/wp-content\/uploads\/2018\/04\/rRUF_ESP.png?resize=900%2C619&amp;ssl=1 900w, https:\/\/i1.wp.com\/www0.rivalsolutions.com\/wp-content\/uploads\/2018\/04\/rRUF_ESP.png?resize=400%2C275&amp;ssl=1 400w\" sizes=\"(max-width: 605px) 100vw, 605px\" data-recalc-dims=\"1\" \/><\/a><\/p>\n<p>Bajar la aplicaci\u00f3n rRuf directamente de Apple Store :\u00a0<a href=\"https:\/\/www.google.ca\/url?sa=t&amp;rct=j&amp;q=&amp;esrc=s&amp;source=web&amp;cd=1&amp;cad=rja&amp;uact=8&amp;ved=0ahUKEwivoYv-kYzMAhWIeD4KHX18AZgQFggdMAA&amp;url=https%3A%2F%2Fitunes.apple.com%2Fus%2Fapp%2Frruf%2Fid968766794%3Fmt%3D8&amp;usg=AFQjCNEN9b54-VZ6ENiP_m-5Pjl5d1Miuw&amp;bvm=bv.119408272,d.cWw\">rRuf<\/a><\/p>\n","protected":false},"excerpt":{"rendered":"<p>rRuf es la herramienta que permite llevar a cabo el levantamiento de informaci\u00f3n del \u00edndice de rugosidad. Se trata de una aplicaci\u00f3n para iPhone que emplea los sensores internos del tel\u00e9fono inteligente y que permite de esta forma medir el &hellip;<\/p>\n<p class=\"read-more\"> <a class=\"more-link\" href=\"https:\/\/www0.rivalsolutions.com\/?page_id=2276&#038;lang=es\"> <span class=\"screen-reader-text\">rRuf &#8211; Medici\u00f3n de comfort de recorrido<\/span> Read More &raquo;<\/a><\/p>\n","protected":false},"author":7,"featured_media":291,"parent":0,"menu_order":3,"comment_status":"closed","ping_status":"closed","template":"full-width-page.php","meta":{"_mi_skip_tracking":false,"spay_email":""},"jetpack_sharing_enabled":true,"jetpack_shortlink":"https:\/\/wp.me\/P3yAVl-AI","jetpack-related-posts":[{"id":2407,"url":"https:\/\/www0.rivalsolutions.com\/?page_id=2407&lang=es","url_meta":{"origin":2276,"position":0},"title":"Levantamiento de datos","date":"2018\/07\/06","format":false,"excerpt":"Aplicaciones de terreno Rubix Las aplicaciones Rubix han sido dise\u00f1adas especialmente para ser sencillas de usar y llevar a cabo el espectro de tareas que van desde el levantamiento de datos brutos de terreno hasta el c\u00e1lculo de informaci\u00f3n relacionada con operaci\u00f3n de caminos e infraestructuras. Las palicaciones han sido\u2026","rel":"","context":"Similar post","img":{"alt_text":"","src":"https:\/\/i0.wp.com\/www0.rivalsolutions.com\/wp-content\/uploads\/2016\/03\/GUI3Combov2_06_800high-e1547748848485.png?fit=266%2C288&ssl=1&resize=350%2C200","width":350,"height":200},"classes":[]},{"id":2339,"url":"https:\/\/www0.rivalsolutions.com\/?page_id=2339&lang=es","url_meta":{"origin":2276,"position":1},"title":"RUBIX","date":"2018\/07\/06","format":false,"excerpt":"RUBIX, provee a los administradores con una soluci\u00f3n llave en mano que permite evaluar la condici\u00f3n de infraestructuras y v\u00edas. Este se basa en el n\u00facleo de la plataforma tecnol\u00f3gica Rival. Incluye herramientas innovadoras para el levantamiento de datos de terreno, consolidaci\u00f3n de informaci\u00f3n et informes en tablero de control.\u2026","rel":"","context":"Similar post","img":{"alt_text":"RUBIX Diagram","src":"https:\/\/i0.wp.com\/rivalsolutions.com\/RivalWP_MySql\/wp\/wp-content\/uploads\/2013\/08\/Rubix_En-1024x514.png?resize=350%2C200","width":350,"height":200},"classes":[]},{"id":2284,"url":"https:\/\/www0.rivalsolutions.com\/?page_id=2284&lang=es","url_meta":{"origin":2276,"position":2},"title":"rInspector : la herramienta de inspecci\u00f3n multiuso","date":"2018\/05\/31","format":false,"excerpt":"\u00a0 La soluci\u00f3n Rubix tambi\u00e9n cuenta con una herramienta para el levantamiento de datos de inspecci\u00f3n en terreno. La aplicaci\u00f3n permite la agrupar los datos de inspecci\u00f3n en proyectos y configurar cada uno d e los proyectos de inspecci\u00f3n con un formulario espec\u00edfico. Los formularios de inspecci\u00f3n est\u00e1n compuestos por\u2026","rel":"","context":"Similar post","img":{"alt_text":"GUI3DrRateWeb_fr_03","src":"https:\/\/i2.wp.com\/rivalsolutions.com\/RivalWP_MySql\/wp\/wp-content\/uploads\/2013\/06\/GUI3DrRateWeb_fr_03-1024x632.png?resize=350%2C200","width":350,"height":200},"classes":[]},{"id":2402,"url":"https:\/\/www0.rivalsolutions.com\/?page_id=2402&lang=es","url_meta":{"origin":2276,"position":3},"title":"Empresa","date":"2018\/07\/06","format":false,"excerpt":"VISION GENERAL Rival Solutions fue fundado en Marzo de 2013 con el objetivo fundamental de introducir m\u00e9todos de ayuda a la decision novedosos relacionados con diferentes disciplinas ligadas al \u00e1mbito de obras p\u00fablicas y geom\u00e1tica. El n\u00facleo de soluciones propuesto por Rival representa una alternativa simple, eficiente, din\u00e1mica y escalable\u2026","rel":"","context":"Similar post","img":{"alt_text":"","src":"","width":0,"height":0},"classes":[]},{"id":2410,"url":"https:\/\/www0.rivalsolutions.com\/?page_id=2410&lang=es","url_meta":{"origin":2276,"position":4},"title":"Toma de decisi\u00f3n","date":"2018\/07\/06","format":false,"excerpt":"Tablero de control RUBIX El tablero de control basado en la web RUBIX es una herramienta de visualizaci\u00f3n que sirve principalmente dos tipos de necesidades, dependiendo de como su flujo de trabajo se haya integrado en sus operaciones cotidianas. Como\u00a0herramienta de toma de decisi\u00f3n, el tablero de control puede emplearse\u2026","rel":"","context":"Similar post","img":{"alt_text":"","src":"https:\/\/i0.wp.com\/www0.rivalsolutions.com\/wp-content\/uploads\/2016\/03\/budget_graph_resized.png?fit=266%2C288&ssl=1&resize=350%2C200","width":350,"height":200},"classes":[]},{"id":2485,"url":"https:\/\/www0.rivalsolutions.com\/?page_id=2485&lang=es","url_meta":{"origin":2276,"position":5},"title":"Procesamiento automatizado y alojamiento web","date":"2016\/03\/29","format":false,"excerpt":"Tablero de control RUBIX El tablero de control basado en la web RUBIX es una herramienta de visualizaci\u00f3n que sirve principalmente dos tipos de necesidades, dependiendo de como su flujo de trabajo se haya integrado en sus operaciones cotidianas. Como\u00a0herramienta de toma de decisi\u00f3n, el tablero de control puede emplearse\u2026","rel":"","context":"Similar post","img":{"alt_text":"","src":"https:\/\/i1.wp.com\/www0.rivalsolutions.com\/wp-content\/uploads\/2016\/03\/RubixDashBoard_03_resized.png?fit=266%2C288&ssl=1&resize=350%2C200","width":350,"height":200},"classes":[]}],"_links":{"self":[{"href":"https:\/\/www0.rivalsolutions.com\/index.php?rest_route=\/wp\/v2\/pages\/2276"}],"collection":[{"href":"https:\/\/www0.rivalsolutions.com\/index.php?rest_route=\/wp\/v2\/pages"}],"about":[{"href":"https:\/\/www0.rivalsolutions.com\/index.php?rest_route=\/wp\/v2\/types\/page"}],"author":[{"embeddable":true,"href":"https:\/\/www0.rivalsolutions.com\/index.php?rest_route=\/wp\/v2\/users\/7"}],"replies":[{"embeddable":true,"href":"https:\/\/www0.rivalsolutions.com\/index.php?rest_route=%2Fwp%2Fv2%2Fcomments&post=2276"}],"version-history":[{"count":12,"href":"https:\/\/www0.rivalsolutions.com\/index.php?rest_route=\/wp\/v2\/pages\/2276\/revisions"}],"predecessor-version":[{"id":2404,"href":"https:\/\/www0.rivalsolutions.com\/index.php?rest_route=\/wp\/v2\/pages\/2276\/revisions\/2404"}],"wp:featuredmedia":[{"embeddable":true,"href":"https:\/\/www0.rivalsolutions.com\/index.php?rest_route=\/wp\/v2\/media\/291"}],"wp:attachment":[{"href":"https:\/\/www0.rivalsolutions.com\/index.php?rest_route=%2Fwp%2Fv2%2Fmedia&parent=2276"}],"curies":[{"name":"wp","href":"https:\/\/api.w.org\/{rel}","templated":true}]}}