{"id":2220,"date":"2017-11-02T08:58:24","date_gmt":"2017-11-02T12:56:50","guid":{"rendered":"http:\/\/rivalsolutions.com\/?page_id=2220"},"modified":"2019-09-16T15:30:02","modified_gmt":"2019-09-16T19:30:02","slug":"carrieres","status":"publish","type":"page","link":"https:\/\/www0.rivalsolutions.com\/?page_id=2220&lang=fr","title":{"rendered":"Carri\u00e8res"},"content":{"rendered":"<p>Rival Solutions est \u00e0 la recherche de talents dans diff\u00e9rents domaines dont les TI, la gestion d&#8217;infrastructure et l&#8217;apprentissage machine. Si vous \u00eates int\u00e9ress\u00e9 par une entreprise dynamique et innovante, faites-nous parvenir votre CV.<\/p>\n<p>Nous sommes pr\u00e9sentement \u00e0 la recherche de candidats pour les postes suivants:<\/p>\n<ul>\n<li><a href=\"https:\/\/www.indeedjobs.com\/rival-solutions\/jobs\/dc93d82749bba240296c\">Sales Manager<\/a><\/li>\n<li><a href=\"\/index.php\/?page_id=2225\">Sp\u00e9cialiste d&#8217;application Rubix (GIS) et support technique (Ferm\u00e9)<\/a><\/li>\n<\/ul>\n","protected":false},"excerpt":{"rendered":"<p>Rival Solutions est \u00e0 la recherche de talents dans diff\u00e9rents domaines dont les TI, la gestion d&#8217;infrastructure et l&#8217;apprentissage machine. Si vous \u00eates int\u00e9ress\u00e9 par une entreprise dynamique et innovante, faites-nous parvenir votre CV. Nous sommes pr\u00e9sentement \u00e0 la recherche &hellip;<\/p>\n<p class=\"read-more\"> <a class=\"more-link\" href=\"https:\/\/www0.rivalsolutions.com\/?page_id=2220&#038;lang=fr\"> <span class=\"screen-reader-text\">Carri\u00e8res<\/span> Read More &raquo;<\/a><\/p>\n","protected":false},"author":4,"featured_media":0,"parent":0,"menu_order":0,"comment_status":"closed","ping_status":"closed","template":"","meta":{"_mi_skip_tracking":false,"spay_email":""},"jetpack_sharing_enabled":true,"jetpack_shortlink":"https:\/\/wp.me\/P3yAVl-zO","jetpack-related-posts":[{"id":788,"url":"https:\/\/www0.rivalsolutions.com\/?page_id=788&lang=fr","url_meta":{"origin":2220,"position":0},"title":"Inscription au Webinaire (25 septembre 2013)","date":"2013\/09\/13","format":false,"excerpt":"D\u00c9TAILS DE L'\u00c9V\u00c8NEMENT : Titre: \u00c9valuation de la performance des r\u00e9seaux routiers municipaux - Une nouvelle approche innovante et \u00e0 bas co\u00fbt. Date :\u00a0mercredi le 25 septembre 2013 Heure : 10:00\u00a0\u2014 10:30 Pr\u00e9sent\u00e9 par : Claude Laflamme, Co-fondateur et Directeur de la Recherche et d\u00e9veloppement, Rival Solutions Sommaire de la\u2026","rel":"","context":"Similar post","img":{"alt_text":"","src":"","width":0,"height":0},"classes":[]},{"id":840,"url":"https:\/\/www0.rivalsolutions.com\/?page_id=840&lang=fr","url_meta":{"origin":2220,"position":1},"title":"Inscription au Webinaire 2014","date":"2014\/09\/23","format":false,"excerpt":"D\u00c9TAILS DE L'\u00c9V\u00c8NEMENT : Titre: \u00c9valuation de la performance des r\u00e9seaux routiers municipaux - Une nouvelle approche innovante et \u00e0 faible co\u00fbt.Date : Mardi le 30 septembre, 07 octobre et 14 octobre 2014 Heure : 10:00\u00a0\u2014 10:30 Pr\u00e9sent\u00e9 par : Claude Laflamme, Co-fondateur et Directeur de la Recherche et d\u00e9veloppement,\u2026","rel":"","context":"Similar post","img":{"alt_text":"","src":"https:\/\/i0.wp.com\/testweb.rivalsolutions.com\/wp-content\/uploads\/2014\/09\/Webinaire2014_05.png?resize=350%2C200","width":350,"height":200},"classes":[]},{"id":16,"url":"https:\/\/www0.rivalsolutions.com\/?page_id=16&lang=fr","url_meta":{"origin":2220,"position":2},"title":"Nous joindre","date":"2018\/07\/06","format":false,"excerpt":"Rival Solutions Inc. 4710 Saint-Ambroise, Suite 309, Montr\u00e9al, QC, Canada H4C 2C7 Contactez-nous: P. (514) 312 1501 E.\u00a0info@rivalsolutions.com","rel":"","context":"Similar post","img":{"alt_text":"","src":"","width":0,"height":0},"classes":[]},{"id":2130,"url":"https:\/\/www0.rivalsolutions.com\/?page_id=2130&lang=fr","url_meta":{"origin":2220,"position":3},"title":"rDash &#8211; Guide d&#8217;utilisation","date":"2017\/04\/04","format":false,"excerpt":"La solution Rubix est un solution modulaire compos\u00e9e d'applications web et mobiles. rDash constitue l'application web principale \u00e0 laquelle se greffe diff\u00e9rents module aidant le gestionnaire d'infrastructures. Chacune des page de l'application rDash et de ses diff\u00e9rents modules est dot\u00e9e d'un menu d'aide disponible en haut \u00e0 gauche de chacune\u2026","rel":"","context":"Similar post","img":{"alt_text":"","src":"","width":0,"height":0},"classes":[]},{"id":20,"url":"https:\/\/www0.rivalsolutions.com\/?page_id=20&lang=fr","url_meta":{"origin":2220,"position":4},"title":"Compagnie","date":"2018\/07\/06","format":false,"excerpt":"VUE D'ENSEMBLE Rival Solutions a \u00e9t\u00e9 fond\u00e9e en Mars 2013. Son principal domaine d\u2019activit\u00e9s est celui de l\u2019informatique d\u00e9cisionnelle appliqu\u00e9e au domaine de la g\u00e9omatique. Les principaux utilisateurs des solutions\u00a0Rival sont les gestionnaires d\u2019infrastructures routi\u00e8res municipales (chauss\u00e9es pav\u00e9es et non-pav\u00e9es, trottoirs, pistes cyclables et pi\u00e9tonni\u00e8res) et leurs fournisseurs de services.\u2026","rel":"","context":"Similar post","img":{"alt_text":"","src":"","width":0,"height":0},"classes":[]},{"id":2225,"url":"https:\/\/www0.rivalsolutions.com\/?page_id=2225&lang=fr","url_meta":{"origin":2220,"position":5},"title":"Sp\u00e9cialiste d&#8217;application Rubix (GIS) et support technique","date":"2017\/11\/02","format":false,"excerpt":"Role As the person responsible for end users and sales support, you will be responsible to support new and potential customers. You role will consist of training end users on the use of RUBIX mobile apps and web application and monitoring RUBIX hosting and processing servers for continuous operations. You\u2026","rel":"","context":"Similar post","img":{"alt_text":"","src":"","width":0,"height":0},"classes":[]}],"_links":{"self":[{"href":"https:\/\/www0.rivalsolutions.com\/index.php?rest_route=\/wp\/v2\/pages\/2220"}],"collection":[{"href":"https:\/\/www0.rivalsolutions.com\/index.php?rest_route=\/wp\/v2\/pages"}],"about":[{"href":"https:\/\/www0.rivalsolutions.com\/index.php?rest_route=\/wp\/v2\/types\/page"}],"author":[{"embeddable":true,"href":"https:\/\/www0.rivalsolutions.com\/index.php?rest_route=\/wp\/v2\/users\/4"}],"replies":[{"embeddable":true,"href":"https:\/\/www0.rivalsolutions.com\/index.php?rest_route=%2Fwp%2Fv2%2Fcomments&post=2220"}],"version-history":[{"count":5,"href":"https:\/\/www0.rivalsolutions.com\/index.php?rest_route=\/wp\/v2\/pages\/2220\/revisions"}],"predecessor-version":[{"id":2603,"href":"https:\/\/www0.rivalsolutions.com\/index.php?rest_route=\/wp\/v2\/pages\/2220\/revisions\/2603"}],"wp:attachment":[{"href":"https:\/\/www0.rivalsolutions.com\/index.php?rest_route=%2Fwp%2Fv2%2Fmedia&parent=2220"}],"curies":[{"name":"wp","href":"https:\/\/api.w.org\/{rel}","templated":true}]}}