{"id":20,"date":"2018-07-06T14:34:40","date_gmt":"2013-06-06T05:18:32","guid":{"rendered":"http:\/\/testweb.rivalsolutions.com\/?page_id=20"},"modified":"2016-04-12T15:58:47","modified_gmt":"2016-04-12T19:58:47","slug":"compagnie","status":"publish","type":"page","link":"https:\/\/www0.rivalsolutions.com\/?page_id=20&lang=fr","title":{"rendered":"Compagnie"},"content":{"rendered":"<h4 lang=\"french\">VUE D&#8217;ENSEMBLE<\/h4>\n<p>Rival Solutions a \u00e9t\u00e9 fond\u00e9e en Mars 2013. Son principal domaine d\u2019activit\u00e9s est celui de l\u2019informatique d\u00e9cisionnelle appliqu\u00e9e au domaine de la g\u00e9omatique. Les principaux utilisateurs des solutions\u00a0Rival sont les gestionnaires d\u2019infrastructures routi\u00e8res municipales (chauss\u00e9es pav\u00e9es et non-pav\u00e9es, trottoirs, pistes cyclables et pi\u00e9tonni\u00e8res) et leurs fournisseurs de services. Les solutions Rival int\u00e8grent diff\u00e9rentes technologies de pointe dont les technologies mobiles, l\u2019infonuagique, le Web ainsi que\u00a0des outils de gestion\u00a0par tableau de bord.<\/p>\n<p>La plateforme technologique con\u00e7ue et d\u00e9velopp\u00e9e par Rival Solutions permet d\u2019int\u00e9grer diff\u00e9rents syst\u00e8mes de collecte de donn\u00e9es mobile, d\u2019en traiter les donn\u00e9es, d\u2019en extraire l\u2019information de fa\u00e7on automatis\u00e9e et d\u2019en diffuser les r\u00e9sultats requis aux preneurs de d\u00e9cisions.<\/p>\n<p>La solution Rubix, assise sur la plateforme technologique Rival, offre aux gestionnaires d\u2019infrastructures routi\u00e8res, une solution novatrice compl\u00e8te \u00e9liminant les barri\u00e8res traditionnelles reli\u00e9es \u00e0 la cueillette des donn\u00e9es terrain et \u00e0 aux traitements complexes des donn\u00e9es. De par sa facilit\u00e9 d\u2019utilisation, la solution Rubix offre une nouvelle approche de gestion ax\u00e9e principalement sur l\u2019\u00e9valuation continue de l\u2019\u00e9tat des infrastructures. Elle permet aux gestionnaires de faire une planification agile de leurs interventions et offre \u00e9galement des gains d\u2019efficacit\u00e9 au niveau op\u00e9ratoire.<\/p>\n<p><a name=\"MissionFr\"><\/a><\/p>\n<h4>NOTRE MISSION<\/h4>\n<p>La mission de Rival Solutions consiste \u00e0 offrir aux professionnels, responsables de la gestion d\u2019infrastructures, des solutions novatrices leur permettant d\u2019atteindre des gains d\u2019efficacit\u00e9 important, \u00e0 moindre co\u00fbts, en int\u00e9grant des technologies grand public soient\u00a0: les technologies mobiles, l\u2019infonuagique et la gestion par tableau de bord.<\/p>\n<p>Rival Solutions vise \u00e0 devenir le chef de file dans la red\u00e9finition des pratiques de gestion en infrastructures routi\u00e8res.<\/p>\n<p><a name=\"ContactFr\"><\/a><\/p>\n<h4>POUR NOUS JOINDRE<\/h4>\n\n\n<!-- Fast Secure Contact Form plugin 4.0.52 - begin - FastSecureContactForm.com -->\r\n<div style=\"clear:both;\"><\/div>\n<p>Comments or questions are welcome.<\/p>\r\n<div id=\"FSContact2\" style=\"width:99%; max-width:555px;\">\r\n<form action=\"https:\/\/www0.rivalsolutions.com\/index.php?rest_route=%2Fwp%2Fv2%2Fpages%2F20#FSContact2\" id=\"fscf_form2\" method=\"post\">\r\n\n<div id=\"fscf_required2\">\n  <span style=\"text-align:left;\">*<\/span> <span style=\"text-align:left;\">indicates required field<\/span>\n<\/div>\n\n\n<div id=\"fscf_div_clear2_0\" style=\"clear:both;\">\n  <div id=\"fscf_div_field2_0\" style=\"clear:left; float:left; width:99%; max-width:550px; margin-right:10px;\">\r\n    <div style=\"text-align:left; padding-top:5px;\">\n      <label style=\"text-align:left;\" for=\"fscf_name2\">Name:<span style=\"text-align:left;\">*<\/span><\/label>\n    <\/div>\r\n    <div style=\"text-align:left;\">\r\n      <input style=\"text-align:left; margin:0; width:99%; max-width:250px;\" type=\"text\" id=\"fscf_name2\" name=\"full_name\" value=\"\"  \/>\r\n    <\/div>\r\n  <\/div>\n<\/div>\n\n<div id=\"fscf_div_clear2_1\" style=\"clear:both;\">\n  <div id=\"fscf_div_field2_1\" style=\"clear:left; float:left; width:99%; max-width:550px; margin-right:10px;\">\n    <div style=\"text-align:left; padding-top:5px;\">\n      <label style=\"text-align:left;\" for=\"fscf_email2\">Email:<span style=\"text-align:left;\">*<\/span><\/label>\n    <\/div>\n    <div style=\"text-align:left;\">\n      <input style=\"text-align:left; margin:0; width:99%; max-width:250px;\" type=\"text\" id=\"fscf_email2\" name=\"email\" value=\"\"  \/>\n    <\/div>\n  <\/div>\n<\/div>\n\n<div id=\"fscf_div_clear2_2\" style=\"clear:both;\">\n  <div id=\"fscf_div_field2_2\" style=\"clear:left; float:left; width:99%; max-width:550px; margin-right:10px;\">\n    <div style=\"text-align:left; padding-top:5px;\">\n      <label style=\"text-align:left;\" for=\"fscf_field2_2\">Subject:<span style=\"text-align:left;\">*<\/span><\/label>\n    <\/div>\n    <div style=\"text-align:left;\">\n      <input style=\"text-align:left; margin:0; width:99%; max-width:250px;\" type=\"text\" id=\"fscf_field2_2\" name=\"subject\" value=\"\"  \/>\n    <\/div>\n  <\/div>\n<\/div>\n\n<div id=\"fscf_div_clear2_3\" style=\"clear:both;\">\n  <div id=\"fscf_div_field2_3\" style=\"clear:left; float:left; width:99%; max-width:550px; margin-right:10px;\">\n    <div style=\"text-align:left; padding-top:5px;\">\n      <label style=\"text-align:left;\" for=\"fscf_field2_3\">Message:<span style=\"text-align:left;\">*<\/span><\/label>\n    <\/div>\n    <div style=\"text-align:left;\">\n      <textarea style=\"text-align:left; margin:0; width:99%; max-width:250px; height:120px;\" id=\"fscf_field2_3\" name=\"message\" cols=\"30\" rows=\"10\" ><\/textarea>\n    <\/div>\n  <\/div>\n<\/div>\r\n<div style=\"clear:both;\"><\/div>\n\n<div style=\"text-align:left; padding-top:5px;\">\n<\/div>\n<div id=\"fscf_recaptcha2\"><\/div>\n\n<div id=\"fscf_submit_div2\" style=\"text-align:left; clear:both; padding-top:15px;\">\r\n\t\t<input type=\"submit\" id=\"fscf_submit2\" style=\"cursor:pointer; margin:0;\" value=\"Submit\"  onclick=\"this.disabled=true; this.value='Submitting...'; this.form.submit();\" \/> \n<\/div>\n\n<input type=\"hidden\" name=\"fscf_submitted\" value=\"0\" \/>\n<input type=\"hidden\" name=\"fs_postonce_2\" value=\"cd0dc8caf9a45eb8faef09870638219b,1778689597\" \/>\n<input type=\"hidden\" name=\"si_contact_action\" value=\"send\" \/>\n<input type=\"hidden\" name=\"form_id\" value=\"2\" \/>\n<input type=\"hidden\" name=\"mailto_id\" value=\"1\" \/>\n\n<\/form>\n<\/div>\r\n<div style=\"clear:both;\"><\/div>\n\n<!-- Fast Secure Contact Form plugin 4.0.52 - end - FastSecureContactForm.com -->\n\n","protected":false},"excerpt":{"rendered":"<p>VUE D&#8217;ENSEMBLE Rival Solutions a \u00e9t\u00e9 fond\u00e9e en Mars 2013. Son principal domaine d\u2019activit\u00e9s est celui de l\u2019informatique d\u00e9cisionnelle appliqu\u00e9e au domaine de la g\u00e9omatique. Les principaux utilisateurs des solutions\u00a0Rival sont les gestionnaires d\u2019infrastructures routi\u00e8res municipales (chauss\u00e9es pav\u00e9es et non-pav\u00e9es, &hellip;<\/p>\n<p class=\"read-more\"> <a class=\"more-link\" href=\"https:\/\/www0.rivalsolutions.com\/?page_id=20&#038;lang=fr\"> <span class=\"screen-reader-text\">Compagnie<\/span> Read More &raquo;<\/a><\/p>\n","protected":false},"author":3,"featured_media":0,"parent":0,"menu_order":5,"comment_status":"closed","ping_status":"closed","template":"full-width-page.php","meta":{"_mi_skip_tracking":false,"spay_email":""},"jetpack_sharing_enabled":true,"jetpack_shortlink":"https:\/\/wp.me\/P3yAVl-k","jetpack-related-posts":[{"id":212,"url":"https:\/\/www0.rivalsolutions.com\/?page_id=212&lang=fr","url_meta":{"origin":20,"position":0},"title":"\u00c9valuation de la performance des r\u00e9seaux routiers","date":"2013\/08\/11","format":false,"excerpt":"La solution RUBIX, assise sur la plateforme technologique Rival, offre aux gestionnaires d\u2019infrastructures routi\u00e8res, une solution novatrice compl\u00e8te \u00e9liminant les barri\u00e8res traditionnelles reli\u00e9es \u00e0 la cueillette des donn\u00e9es terrain et aux traitements complexes des donn\u00e9es.","rel":"","context":"Similar post","img":{"alt_text":"","src":"https:\/\/i1.wp.com\/www.rivalsolutions.com\/wp-content\/uploads\/2013\/08\/PavedRd6cfr_03-295x300.png?resize=350%2C200","width":350,"height":200},"classes":[]},{"id":394,"url":"https:\/\/www0.rivalsolutions.com\/?page_id=394&lang=fr","url_meta":{"origin":20,"position":1},"title":"Autres Solutions et Applications","date":"2013\/08\/08","format":false,"excerpt":"\u00a0 La solution RUBIX\u00a0a \u00e9t\u00e9\u00a0con\u00e7ue\u00a0pour \u00eatre\u00a0adapt\u00e9e\u00a0et\u00a0utilis\u00e9e\u00a0pour\u00a0r\u00e9pondre\u00a0\u00a0aux besoins de diff\u00e9rentes applications. Alors que\u00a0l'\u00e9valuation de la performance des r\u00e9seaux routiers\u00a0\u00e9tait la toute premi\u00e8re application d\u00e9velopp\u00e9e, RUBIX peut aussi \u00eatre utilis\u00e9e pour la gestion d'autres types d'infrastructures de transport: Routes de gravier\u00a0ou\u00a0non pav\u00e9es L'\u00e9tat des routes non pav\u00e9es ou de gravier change rapidement.\u2026","rel":"","context":"Similar post","img":{"alt_text":"","src":"","width":0,"height":0},"classes":[]},{"id":30,"url":"https:\/\/www0.rivalsolutions.com\/?page_id=30&lang=fr","url_meta":{"origin":20,"position":2},"title":"RUBIX","date":"2018\/07\/06","format":false,"excerpt":"RUBIX est une solution bas\u00e9e sur la plateforme technologique Rival. Elle offre, aux\u00a0gestionnaires d'infrastructures routi\u00e8res et responsables de l'entretien de r\u00e9seaux,\u00a0une solution cl\u00e9 en main pour la cueillette, le traitement\u00a0des donn\u00e9es, l\u2019analyse des r\u00e9sultats et l'optimisation des resources. Le principal avantage de RUBIX, par rapport aux outils et m\u00e9thodes traditionnels,\u2026","rel":"","context":"Similar post","img":{"alt_text":"","src":"https:\/\/i2.wp.com\/testweb.rivalsolutions.com\/wp-content\/uploads\/2013\/06\/Puzz_2015_fr_03-1024x948.png?resize=350%2C200","width":350,"height":200},"classes":[]},{"id":1563,"url":"https:\/\/www0.rivalsolutions.com\/?page_id=1563&lang=fr","url_meta":{"origin":20,"position":3},"title":"Inspectez vos infrastructures vous-m\u00eame!","date":"2018\/07\/06","format":false,"excerpt":"Les applications mobiles rUNI et rInspecteur facilitent l'inventaire et l'inspection d'infrastructures. Les donn\u00e9es d'inspection peuvent \u00e9galement provenir de syst\u00e8mes tiers.","rel":"","context":"Similar post","img":{"alt_text":"","src":"https:\/\/i0.wp.com\/www0.rivalsolutions.com\/wp-content\/uploads\/2016\/03\/GUI3Combov2_06_800high-e1547748848485.png?fit=266%2C288&ssl=1&resize=350%2C200","width":350,"height":200},"classes":[]},{"id":1569,"url":"https:\/\/www0.rivalsolutions.com\/?page_id=1569&lang=fr","url_meta":{"origin":20,"position":4},"title":"Traitement Automatis\u00e9 et H\u00e9bergement Web","date":"2016\/03\/29","format":false,"excerpt":"Les donn\u00e9es transmises des applications mobiles sont trait\u00e9es par le service Rubix. Les indices de performance r\u00e9sultants sont visibles sur le tableau de bord du gestionnaire.","rel":"","context":"Similar post","img":{"alt_text":"","src":"https:\/\/i2.wp.com\/testweb.rivalsolutions.com\/wp-content\/uploads\/2016\/03\/dashboard3-1024x536.png?resize=350%2C200","width":350,"height":200},"classes":[]},{"id":1621,"url":"https:\/\/www0.rivalsolutions.com\/?page_id=1621&lang=fr","url_meta":{"origin":20,"position":5},"title":"Projets vedettes","date":"2016\/04\/17","format":false,"excerpt":"Plan d\u2019intervention municipal : Auscultation des chauss\u00e9es Apper\u00e7u Avec son architecture ouverte, la solution RUBIX permet aux petites et moyennes municipalit\u00e9s de proc\u00e9der \u00e0 la collecte de donn\u00e9es sur le terrain et de produire les rapports requis pour l\u2019\u00e9laboration du PI pour la portion chauss\u00e9e. \u00c9valuation de l\u2019\u00e9tat des trottoirs\u2026","rel":"","context":"Similar post","img":{"alt_text":"","src":"https:\/\/i2.wp.com\/www.rivalsolutions.com\/wp-content\/uploads\/2016\/04\/rival_project_spotlight_QCRoads_v2final.png?resize=350%2C200","width":350,"height":200},"classes":[]}],"_links":{"self":[{"href":"https:\/\/www0.rivalsolutions.com\/index.php?rest_route=\/wp\/v2\/pages\/20"}],"collection":[{"href":"https:\/\/www0.rivalsolutions.com\/index.php?rest_route=\/wp\/v2\/pages"}],"about":[{"href":"https:\/\/www0.rivalsolutions.com\/index.php?rest_route=\/wp\/v2\/types\/page"}],"author":[{"embeddable":true,"href":"https:\/\/www0.rivalsolutions.com\/index.php?rest_route=\/wp\/v2\/users\/3"}],"replies":[{"embeddable":true,"href":"https:\/\/www0.rivalsolutions.com\/index.php?rest_route=%2Fwp%2Fv2%2Fcomments&post=20"}],"version-history":[{"count":19,"href":"https:\/\/www0.rivalsolutions.com\/index.php?rest_route=\/wp\/v2\/pages\/20\/revisions"}],"predecessor-version":[{"id":1598,"href":"https:\/\/www0.rivalsolutions.com\/index.php?rest_route=\/wp\/v2\/pages\/20\/revisions\/1598"}],"wp:attachment":[{"href":"https:\/\/www0.rivalsolutions.com\/index.php?rest_route=%2Fwp%2Fv2%2Fmedia&parent=20"}],"curies":[{"name":"wp","href":"https:\/\/api.w.org\/{rel}","templated":true}]}}