{"id":1621,"date":"2016-04-17T09:54:22","date_gmt":"2014-09-16T14:20:59","guid":{"rendered":"http:\/\/rivalsolutions.com\/?page_id=1621"},"modified":"2019-11-11T13:40:48","modified_gmt":"2019-11-11T18:40:48","slug":"projets-vedettes","status":"publish","type":"page","link":"https:\/\/www0.rivalsolutions.com\/?page_id=1621&lang=fr","title":{"rendered":"Projets vedettes"},"content":{"rendered":"<hr style=\"background-color: #fa9702; color: ##fa9702; text-align: center; height: 10px; width: 100{73ce61b89d45dbeb5a277a3e07d51b21015ac55660fa62b569ce4465cc3705b6}; border: 0; box-shadow: 0 12px 12px -12px black;\" \/>\n<hr \/>\n<h3><img data-attachment-id=\"1636\" data-permalink=\"https:\/\/www0.rivalsolutions.com\/?attachment_id=1636\" data-orig-file=\"https:\/\/i1.wp.com\/www0.rivalsolutions.com\/wp-content\/uploads\/2016\/04\/rival_project_spotlight_QCRoads_v2final.png?fit=234%2C300&amp;ssl=1\" data-orig-size=\"234,300\" data-comments-opened=\"1\" data-image-meta=\"{&quot;aperture&quot;:&quot;0&quot;,&quot;credit&quot;:&quot;&quot;,&quot;camera&quot;:&quot;&quot;,&quot;caption&quot;:&quot;&quot;,&quot;created_timestamp&quot;:&quot;0&quot;,&quot;copyright&quot;:&quot;&quot;,&quot;focal_length&quot;:&quot;0&quot;,&quot;iso&quot;:&quot;0&quot;,&quot;shutter_speed&quot;:&quot;0&quot;,&quot;title&quot;:&quot;&quot;,&quot;orientation&quot;:&quot;0&quot;}\" data-image-title=\"rival_project_spotlight_QCRoads_v2final\" data-image-description=\"\" data-image-caption=\"\" data-medium-file=\"https:\/\/i1.wp.com\/www0.rivalsolutions.com\/wp-content\/uploads\/2016\/04\/rival_project_spotlight_QCRoads_v2final.png?fit=234%2C300&amp;ssl=1\" data-large-file=\"https:\/\/i1.wp.com\/www0.rivalsolutions.com\/wp-content\/uploads\/2016\/04\/rival_project_spotlight_QCRoads_v2final.png?fit=234%2C300&amp;ssl=1\" loading=\"lazy\" class=\"alignleft wp-image-1636 size-full\" src=\"https:\/\/i2.wp.com\/www.rivalsolutions.com\/wp-content\/uploads\/2016\/04\/rival_project_spotlight_QCRoads_v2final.png?resize=234%2C300\" alt=\"\" width=\"234\" height=\"300\" srcset=\"https:\/\/i1.wp.com\/www0.rivalsolutions.com\/wp-content\/uploads\/2016\/04\/rival_project_spotlight_QCRoads_v2final.png?w=234&amp;ssl=1 234w, https:\/\/i1.wp.com\/www0.rivalsolutions.com\/wp-content\/uploads\/2016\/04\/rival_project_spotlight_QCRoads_v2final.png?resize=100%2C128&amp;ssl=1 100w, https:\/\/i1.wp.com\/www0.rivalsolutions.com\/wp-content\/uploads\/2016\/04\/rival_project_spotlight_QCRoads_v2final.png?resize=150%2C192&amp;ssl=1 150w, https:\/\/i1.wp.com\/www0.rivalsolutions.com\/wp-content\/uploads\/2016\/04\/rival_project_spotlight_QCRoads_v2final.png?resize=200%2C256&amp;ssl=1 200w\" sizes=\"(max-width: 234px) 100vw, 234px\" data-recalc-dims=\"1\" \/>Plan d\u2019intervention municipal : Auscultation des chauss\u00e9es<\/h3>\n<h4>Apper\u00e7u<\/h4>\n<p>Avec son architecture ouverte, la solution RUBIX permet aux petites et moyennes municipalit\u00e9s de proc\u00e9der \u00e0 la collecte de donn\u00e9es sur le terrain et de produire les rapports requis pour l\u2019\u00e9laboration du PI pour la portion chauss\u00e9e.<br \/>\n<span class=\"collapseomatic highlight\" id=\"id6a0497d371271\"  tabindex=\"0\" title=\"Parcourir le Document\"    >Parcourir le Document<\/span><div id=\"target-id6a0497d371271\" class=\"collapseomatic_content \">\n<h4><a href=\"http:\/\/www.rivalsolutions.com\/wp-content\/uploads\/2016\/04\/rival_project_spotlight_QCRoads_fr_v2.pdf\">\u00a0<\/a><\/h4>\n<iframe src=\"\/\/docs.google.com\/viewer?url=http%3A%2F%2Fwww.rivalsolutions.com%2Fwp-content%2Fuploads%2F2016%2F04%2Frival_project_spotlight_QCRoads_fr_v2.pdf&hl=&embedded=true\" class=\"gde-frame\" style=\"width:; height:; border: none;\" scrolling=\"no\"><\/iframe>\n\n<\/div>\n<hr style=\"background-color: #fa9702; color: ##fa9702; text-align: center; height: 10px; width: 100{73ce61b89d45dbeb5a277a3e07d51b21015ac55660fa62b569ce4465cc3705b6}; border: 0; box-shadow: 0 12px 12px -12px black;\" \/>\n<hr \/>\n<h3><img data-attachment-id=\"1641\" data-permalink=\"https:\/\/www0.rivalsolutions.com\/?attachment_id=1641\" data-orig-file=\"https:\/\/i0.wp.com\/www0.rivalsolutions.com\/wp-content\/uploads\/2016\/04\/rival_project_spotlight_VQC_SW_v2frvqc.png?fit=234%2C300&amp;ssl=1\" data-orig-size=\"234,300\" data-comments-opened=\"1\" data-image-meta=\"{&quot;aperture&quot;:&quot;0&quot;,&quot;credit&quot;:&quot;&quot;,&quot;camera&quot;:&quot;&quot;,&quot;caption&quot;:&quot;&quot;,&quot;created_timestamp&quot;:&quot;0&quot;,&quot;copyright&quot;:&quot;&quot;,&quot;focal_length&quot;:&quot;0&quot;,&quot;iso&quot;:&quot;0&quot;,&quot;shutter_speed&quot;:&quot;0&quot;,&quot;title&quot;:&quot;&quot;,&quot;orientation&quot;:&quot;0&quot;}\" data-image-title=\"rival_project_spotlight_VQC_SW_v2frvqc\" data-image-description=\"\" data-image-caption=\"\" data-medium-file=\"https:\/\/i0.wp.com\/www0.rivalsolutions.com\/wp-content\/uploads\/2016\/04\/rival_project_spotlight_VQC_SW_v2frvqc.png?fit=234%2C300&amp;ssl=1\" data-large-file=\"https:\/\/i0.wp.com\/www0.rivalsolutions.com\/wp-content\/uploads\/2016\/04\/rival_project_spotlight_VQC_SW_v2frvqc.png?fit=234%2C300&amp;ssl=1\" loading=\"lazy\" class=\"alignleft wp-image-1641 size-full\" src=\"https:\/\/i0.wp.com\/www.rivalsolutions.com\/wp-content\/uploads\/2016\/04\/rival_project_spotlight_VQC_SW_v2frvqc.png?resize=234%2C300\" alt=\"\u00c9valuation de l\u2019\u00e9tat des trottoirs\" width=\"234\" height=\"300\" srcset=\"https:\/\/i0.wp.com\/www0.rivalsolutions.com\/wp-content\/uploads\/2016\/04\/rival_project_spotlight_VQC_SW_v2frvqc.png?w=234&amp;ssl=1 234w, https:\/\/i0.wp.com\/www0.rivalsolutions.com\/wp-content\/uploads\/2016\/04\/rival_project_spotlight_VQC_SW_v2frvqc.png?resize=100%2C128&amp;ssl=1 100w, https:\/\/i0.wp.com\/www0.rivalsolutions.com\/wp-content\/uploads\/2016\/04\/rival_project_spotlight_VQC_SW_v2frvqc.png?resize=150%2C192&amp;ssl=1 150w, https:\/\/i0.wp.com\/www0.rivalsolutions.com\/wp-content\/uploads\/2016\/04\/rival_project_spotlight_VQC_SW_v2frvqc.png?resize=200%2C256&amp;ssl=1 200w\" sizes=\"(max-width: 234px) 100vw, 234px\" data-recalc-dims=\"1\" \/>\u00c9valuation de l\u2019\u00e9tat des trottoirs dans la ville de Qu\u00e9bec<\/h3>\n<h4>Apper\u00e7u<\/h4>\n<p>La Ville de Qu\u00e9bec a choisi la plateforme RUBIX comme outil d\u2019inspection pour deux raisons : la flexibilit\u00e9 de configuration des formulaires d&#8217;inspection selon leurs besoins sp\u00e9cifiques et la facilit\u00e9 d\u2019int\u00e9gration \u00e0 leur syst\u00e8me de gestion d&#8217;actifs existant. Pour se faire, ils ont utilis\u00e9 l&#8217;application rInspecteur lors la collecte de donn\u00e9es sur le terrain et rDash afin de visualiser les travaux d\u2019inspection quotidiennement.<br \/>\n<span class=\"collapseomatic highlight\" id=\"id6a0497d463042\"  tabindex=\"0\" title=\"Parcourir le Document\"    >Parcourir le Document<\/span><div id=\"target-id6a0497d463042\" class=\"collapseomatic_content \">\n<h4><a href=\"http:\/\/www.rivalsolutions.com\/wp-content\/uploads\/2016\/04\/rival_project_spotlight_VQC_SW_v2frvqc.pdf\">\u00a0<\/a><\/h4>\n<iframe src=\"\/\/docs.google.com\/viewer?url=http%3A%2F%2Fwww.rivalsolutions.com%2Fwp-content%2Fuploads%2F2016%2F04%2Frival_project_spotlight_VQC_SW_v2frvqc.pdf&hl=&embedded=true\" class=\"gde-frame\" style=\"width:; height:; border: none;\" scrolling=\"no\"><\/iframe>\n\n<\/div>\n<hr style=\"background-color: #fa9702; color: ##fa9702; text-align: center; height: 10px; width: 100{73ce61b89d45dbeb5a277a3e07d51b21015ac55660fa62b569ce4465cc3705b6}; border: 0; box-shadow: 0 12px 12px -12px black;\" \/>\n<hr \/>\n<p><time style=\"color: #ff9900; margin-left: 20px;\">09\/10\/2014<\/time><\/p>\n<h3><img data-attachment-id=\"1645\" data-permalink=\"https:\/\/www0.rivalsolutions.com\/?attachment_id=1645\" data-orig-file=\"https:\/\/i2.wp.com\/www0.rivalsolutions.com\/wp-content\/uploads\/2016\/04\/rival_project_spotlight_Prediction_fr_v1.png?fit=234%2C300&amp;ssl=1\" data-orig-size=\"234,300\" data-comments-opened=\"1\" data-image-meta=\"{&quot;aperture&quot;:&quot;0&quot;,&quot;credit&quot;:&quot;&quot;,&quot;camera&quot;:&quot;&quot;,&quot;caption&quot;:&quot;&quot;,&quot;created_timestamp&quot;:&quot;0&quot;,&quot;copyright&quot;:&quot;&quot;,&quot;focal_length&quot;:&quot;0&quot;,&quot;iso&quot;:&quot;0&quot;,&quot;shutter_speed&quot;:&quot;0&quot;,&quot;title&quot;:&quot;&quot;,&quot;orientation&quot;:&quot;0&quot;}\" data-image-title=\"rival_project_spotlight_Prediction_fr_v1\" data-image-description=\"\" data-image-caption=\"\" data-medium-file=\"https:\/\/i2.wp.com\/www0.rivalsolutions.com\/wp-content\/uploads\/2016\/04\/rival_project_spotlight_Prediction_fr_v1.png?fit=234%2C300&amp;ssl=1\" data-large-file=\"https:\/\/i2.wp.com\/www0.rivalsolutions.com\/wp-content\/uploads\/2016\/04\/rival_project_spotlight_Prediction_fr_v1.png?fit=234%2C300&amp;ssl=1\" loading=\"lazy\" class=\"alignleft wp-image-1645 size-full\" src=\"https:\/\/i1.wp.com\/www.rivalsolutions.com\/wp-content\/uploads\/2016\/04\/rival_project_spotlight_Prediction_fr_v1.png?resize=234%2C300\" alt=\"Gestion des chauss\u00e9es\" width=\"234\" height=\"300\" srcset=\"https:\/\/i2.wp.com\/www0.rivalsolutions.com\/wp-content\/uploads\/2016\/04\/rival_project_spotlight_Prediction_fr_v1.png?w=234&amp;ssl=1 234w, https:\/\/i2.wp.com\/www0.rivalsolutions.com\/wp-content\/uploads\/2016\/04\/rival_project_spotlight_Prediction_fr_v1.png?resize=100%2C128&amp;ssl=1 100w, https:\/\/i2.wp.com\/www0.rivalsolutions.com\/wp-content\/uploads\/2016\/04\/rival_project_spotlight_Prediction_fr_v1.png?resize=150%2C192&amp;ssl=1 150w, https:\/\/i2.wp.com\/www0.rivalsolutions.com\/wp-content\/uploads\/2016\/04\/rival_project_spotlight_Prediction_fr_v1.png?resize=200%2C256&amp;ssl=1 200w\" sizes=\"(max-width: 234px) 100vw, 234px\" data-recalc-dims=\"1\" \/>Gestion des chauss\u00e9es: aide \u00e0 la d\u00e9cision<\/h3>\n<h4>Apper\u00e7u<\/h4>\n<p>Les principes de base de la gestion des chauss\u00e9es reposent sur l\u2019utilisation de mod\u00e8les de d\u00e9gradation qui permettent de pr\u00e9dire quand un seuil pr\u00e9d\u00e9termin\u00e9 de r\u00e9habilitation sera atteint. La planification \u00e0 long terme des besoins en investissements est donc rendue possible.<br \/>\n<span class=\"collapseomatic highlight\" id=\"id6a0497d502b89\"  tabindex=\"0\" title=\"Parcourir le Document\"    >Parcourir le Document<\/span><div id=\"target-id6a0497d502b89\" class=\"collapseomatic_content \">\n<h4><a href=\"http:\/\/www.rivalsolutions.com\/wp-content\/uploads\/2016\/04\/rival_project_spotlight_Prediction_fr_v1.pdf\">\u00a0<\/a><\/h4>\n<iframe src=\"\/\/docs.google.com\/viewer?url=http%3A%2F%2Fwww.rivalsolutions.com%2Fwp-content%2Fuploads%2F2016%2F04%2Frival_project_spotlight_Prediction_fr_v1.pdf&hl=&embedded=true\" class=\"gde-frame\" style=\"width:; height:; border: none;\" scrolling=\"no\"><\/iframe>\n\n<\/div>\n<hr \/>\n<hr style=\"background-color: #fa9702; color: ##fa9702; text-align: center; height: 10px; width: 100{73ce61b89d45dbeb5a277a3e07d51b21015ac55660fa62b569ce4465cc3705b6}; border: 0; box-shadow: 0 12px 12px -12px black;\" \/>\n<p><time style=\"color: #ff9900; margin-left: 20px;\">08\/15\/2014<\/time><\/p>\n<h4><img data-attachment-id=\"1647\" data-permalink=\"https:\/\/www0.rivalsolutions.com\/?attachment_id=1647\" data-orig-file=\"https:\/\/i2.wp.com\/www0.rivalsolutions.com\/wp-content\/uploads\/2016\/04\/rival_project_spotlight_GravelMonitoring_fr_v2.png?fit=234%2C300&amp;ssl=1\" data-orig-size=\"234,300\" data-comments-opened=\"1\" data-image-meta=\"{&quot;aperture&quot;:&quot;0&quot;,&quot;credit&quot;:&quot;&quot;,&quot;camera&quot;:&quot;&quot;,&quot;caption&quot;:&quot;&quot;,&quot;created_timestamp&quot;:&quot;0&quot;,&quot;copyright&quot;:&quot;&quot;,&quot;focal_length&quot;:&quot;0&quot;,&quot;iso&quot;:&quot;0&quot;,&quot;shutter_speed&quot;:&quot;0&quot;,&quot;title&quot;:&quot;&quot;,&quot;orientation&quot;:&quot;0&quot;}\" data-image-title=\"rival_project_spotlight_GravelMonitoring_fr_v2\" data-image-description=\"\" data-image-caption=\"\" data-medium-file=\"https:\/\/i2.wp.com\/www0.rivalsolutions.com\/wp-content\/uploads\/2016\/04\/rival_project_spotlight_GravelMonitoring_fr_v2.png?fit=234%2C300&amp;ssl=1\" data-large-file=\"https:\/\/i2.wp.com\/www0.rivalsolutions.com\/wp-content\/uploads\/2016\/04\/rival_project_spotlight_GravelMonitoring_fr_v2.png?fit=234%2C300&amp;ssl=1\" loading=\"lazy\" class=\"alignleft wp-image-1647 size-full\" title=\"test\" src=\"https:\/\/i0.wp.com\/www.rivalsolutions.com\/wp-content\/uploads\/2016\/04\/rival_project_spotlight_GravelMonitoring_fr_v2.png?resize=234%2C300\" alt=\"\" width=\"234\" height=\"300\" srcset=\"https:\/\/i2.wp.com\/www0.rivalsolutions.com\/wp-content\/uploads\/2016\/04\/rival_project_spotlight_GravelMonitoring_fr_v2.png?w=234&amp;ssl=1 234w, https:\/\/i2.wp.com\/www0.rivalsolutions.com\/wp-content\/uploads\/2016\/04\/rival_project_spotlight_GravelMonitoring_fr_v2.png?resize=100%2C128&amp;ssl=1 100w, https:\/\/i2.wp.com\/www0.rivalsolutions.com\/wp-content\/uploads\/2016\/04\/rival_project_spotlight_GravelMonitoring_fr_v2.png?resize=150%2C192&amp;ssl=1 150w, https:\/\/i2.wp.com\/www0.rivalsolutions.com\/wp-content\/uploads\/2016\/04\/rival_project_spotlight_GravelMonitoring_fr_v2.png?resize=200%2C256&amp;ssl=1 200w\" sizes=\"(max-width: 234px) 100vw, 234px\" data-recalc-dims=\"1\" \/><\/h4>\n<h3>Gestion des chauss\u00e9es en gravier<\/h3>\n<h4>Apper\u00e7u<\/h4>\n<p>La soci\u00e9t\u00e9 d&#8217;exploitation mini\u00e8re Cameco-McArthur River (Saskatchewan, Canada) est la plus grande mine d&#8217;uranium \u00e0 haute teneur au monde. La densit\u00e9 du minerai dans le gisement est de 100 fois la moyenne mondiale, ce qui signifie que l&#8217;extraction produit plus de 18 millions de livres d&#8217;uranium chaque ann\u00e9e pour une exploitation mini\u00e8re de 150 \u00e0 200 tonnes de mati\u00e8re par jour.<br \/>\n<span class=\"collapseomatic highlight\" id=\"id6a0497d591814\"  tabindex=\"0\" title=\"Parcourir le Document\"    >Parcourir le Document<\/span><div id=\"target-id6a0497d591814\" class=\"collapseomatic_content \">\n<h4><a href=\"http:\/\/www.rivalsolutions.com\/wp-content\/uploads\/2016\/04\/rival_project_spotlight_GravelMonitoring_fr_v2.pdf\">\u00a0<\/a><\/h4>\n<iframe src=\"\/\/docs.google.com\/viewer?url=http%3A%2F%2Fwww.rivalsolutions.com%2Fwp-content%2Fuploads%2F2016%2F04%2Frival_project_spotlight_GravelMonitoring_fr_v2.pdf&hl=&embedded=true\" class=\"gde-frame\" style=\"width:; height:; border: none;\" scrolling=\"no\"><\/iframe>\n\n<\/div>\n","protected":false},"excerpt":{"rendered":"<p>Plan d\u2019intervention municipal : Auscultation des chauss\u00e9es Apper\u00e7u Avec son architecture ouverte, la solution RUBIX permet aux petites et moyennes municipalit\u00e9s de proc\u00e9der \u00e0 la collecte de donn\u00e9es sur le terrain et de produire les rapports requis pour l\u2019\u00e9laboration du &hellip;<\/p>\n<p class=\"read-more\"> <a class=\"more-link\" href=\"https:\/\/www0.rivalsolutions.com\/?page_id=1621&#038;lang=fr\"> <span class=\"screen-reader-text\">Projets vedettes<\/span> Read More &raquo;<\/a><\/p>\n","protected":false},"author":4,"featured_media":0,"parent":0,"menu_order":5,"comment_status":"closed","ping_status":"closed","template":"","meta":{"_mi_skip_tracking":false,"spay_email":""},"jetpack_sharing_enabled":true,"jetpack_shortlink":"https:\/\/wp.me\/P3yAVl-q9","jetpack-related-posts":[{"id":877,"url":"https:\/\/www0.rivalsolutions.com\/?page_id=877&lang=fr","url_meta":{"origin":1621,"position":0},"title":"Plan d&#8217;intervention du MAMROT: Auscultation des Chauss\u00e9es","date":"2014\/03\/14","format":false,"excerpt":"Depuis 2005, les municipalit\u00e9s du Qu\u00e9bec ont \u0153uvr\u00e9 sur leurs premiers plans d\u2019intervention. PLUS...","rel":"","context":"Similar post","img":{"alt_text":"","src":"https:\/\/i2.wp.com\/www.rivalsolutions.com\/wp-content\/uploads\/2014\/03\/Indicateurs_03-250x300.png?resize=350%2C200","width":350,"height":200},"classes":[]},{"id":212,"url":"https:\/\/www0.rivalsolutions.com\/?page_id=212&lang=fr","url_meta":{"origin":1621,"position":1},"title":"\u00c9valuation de la performance des r\u00e9seaux routiers","date":"2013\/08\/11","format":false,"excerpt":"La solution RUBIX, assise sur la plateforme technologique Rival, offre aux gestionnaires d\u2019infrastructures routi\u00e8res, une solution novatrice compl\u00e8te \u00e9liminant les barri\u00e8res traditionnelles reli\u00e9es \u00e0 la cueillette des donn\u00e9es terrain et aux traitements complexes des donn\u00e9es.","rel":"","context":"Similar post","img":{"alt_text":"","src":"https:\/\/i1.wp.com\/www.rivalsolutions.com\/wp-content\/uploads\/2013\/08\/PavedRd6cfr_03-295x300.png?resize=350%2C200","width":350,"height":200},"classes":[]},{"id":169,"url":"https:\/\/www0.rivalsolutions.com\/?page_id=169&lang=fr","url_meta":{"origin":1621,"position":2},"title":"rInspecteur: Outil d&#8217;inspection g\u00e9n\u00e9rique","date":"2018\/05\/31","format":false,"excerpt":"L\u2019application rRate permet de relever les d\u00e9fauts de surfaces des diff\u00e9rents types de chauss\u00e9e ou de trottoir.","rel":"","context":"Similar post","img":{"alt_text":"GUI3DrRateWeb_fr_03","src":"https:\/\/i1.wp.com\/testweb.rivalsolutions.com\/wp-content\/uploads\/2013\/06\/GUI3DrRateWeb_fr_03-1024x632.png?resize=350%2C200","width":350,"height":200},"classes":[]},{"id":1569,"url":"https:\/\/www0.rivalsolutions.com\/?page_id=1569&lang=fr","url_meta":{"origin":1621,"position":3},"title":"Traitement Automatis\u00e9 et H\u00e9bergement Web","date":"2016\/03\/29","format":false,"excerpt":"Les donn\u00e9es transmises des applications mobiles sont trait\u00e9es par le service Rubix. Les indices de performance r\u00e9sultants sont visibles sur le tableau de bord du gestionnaire.","rel":"","context":"Similar post","img":{"alt_text":"","src":"https:\/\/i2.wp.com\/testweb.rivalsolutions.com\/wp-content\/uploads\/2016\/03\/dashboard3-1024x536.png?resize=350%2C200","width":350,"height":200},"classes":[]},{"id":733,"url":"https:\/\/www0.rivalsolutions.com\/?page_id=733&lang=fr","url_meta":{"origin":1621,"position":4},"title":"Sondage sur les pratiques en gestion de chauss\u00e9es &#8211; Agence publique","date":"2013\/08\/15","format":false,"excerpt":"[wpsqt type=\"poll\" name=\"Sondage sur les pratiques en gestion de chauss\u00e9es - Agence publique \"]","rel":"","context":"Similar post","img":{"alt_text":"","src":"","width":0,"height":0},"classes":[]},{"id":734,"url":"https:\/\/www0.rivalsolutions.com\/?page_id=734&lang=fr","url_meta":{"origin":1621,"position":5},"title":"Sondage sur les pratiques en gestion de chauss\u00e9es &#8211; Entreprise priv\u00e9e","date":"2013\/08\/15","format":false,"excerpt":"[wpsqt type=\"poll\" name=\"Sondage sur les pratiques en gestion de\u00a0chauss\u00e9es - Entreprise priv\u00e9e \"]","rel":"","context":"Similar post","img":{"alt_text":"","src":"","width":0,"height":0},"classes":[]}],"_links":{"self":[{"href":"https:\/\/www0.rivalsolutions.com\/index.php?rest_route=\/wp\/v2\/pages\/1621"}],"collection":[{"href":"https:\/\/www0.rivalsolutions.com\/index.php?rest_route=\/wp\/v2\/pages"}],"about":[{"href":"https:\/\/www0.rivalsolutions.com\/index.php?rest_route=\/wp\/v2\/types\/page"}],"author":[{"embeddable":true,"href":"https:\/\/www0.rivalsolutions.com\/index.php?rest_route=\/wp\/v2\/users\/4"}],"replies":[{"embeddable":true,"href":"https:\/\/www0.rivalsolutions.com\/index.php?rest_route=%2Fwp%2Fv2%2Fcomments&post=1621"}],"version-history":[{"count":20,"href":"https:\/\/www0.rivalsolutions.com\/index.php?rest_route=\/wp\/v2\/pages\/1621\/revisions"}],"predecessor-version":[{"id":2608,"href":"https:\/\/www0.rivalsolutions.com\/index.php?rest_route=\/wp\/v2\/pages\/1621\/revisions\/2608"}],"wp:attachment":[{"href":"https:\/\/www0.rivalsolutions.com\/index.php?rest_route=%2Fwp%2Fv2%2Fmedia&parent=1621"}],"curies":[{"name":"wp","href":"https:\/\/api.w.org\/{rel}","templated":true}]}}