{"id":1571,"date":"2018-07-06T14:52:46","date_gmt":"2016-03-29T16:28:56","guid":{"rendered":"http:\/\/rivalsolutions.com\/?page_id=1571"},"modified":"2016-04-18T16:09:51","modified_gmt":"2016-04-18T20:09:51","slug":"visualisation-analyse-et-aide-a-la-decision","status":"publish","type":"page","link":"https:\/\/www0.rivalsolutions.com\/?page_id=1571&lang=fr","title":{"rendered":"Visualisation, Analyse et Aide \u00e0 la D\u00e9cision"},"content":{"rendered":"<h4 id=\"dashboard\">Le module rMD<\/h4>\n<p>rMD est un module d&#8217;aide \u00e0 la d\u00e9cision qui permet de guider le gestionnaire lors de la planification des travaux \u00e0 effectuer pendant la dur\u00e9e d&#8217;un programme d&#8217;intervention.<\/p>\n<p>rMD utilise un principe de logique floue (fuzzy logic) pour \u00e9tablir les mod\u00e8les de d\u00e9gradation th\u00e9orique des infrastructures \u00e0 partir desquels sera d\u00e9terminer le moment propice \u00e0 un intervention.<\/p>\n<p><img data-attachment-id=\"1670\" data-permalink=\"https:\/\/www0.rivalsolutions.com\/?attachment_id=1670\" data-orig-file=\"https:\/\/i1.wp.com\/www0.rivalsolutions.com\/wp-content\/uploads\/2016\/03\/rMD_DegradationModels.png?fit=867%2C369&amp;ssl=1\" data-orig-size=\"867,369\" data-comments-opened=\"1\" data-image-meta=\"{&quot;aperture&quot;:&quot;0&quot;,&quot;credit&quot;:&quot;&quot;,&quot;camera&quot;:&quot;&quot;,&quot;caption&quot;:&quot;&quot;,&quot;created_timestamp&quot;:&quot;0&quot;,&quot;copyright&quot;:&quot;&quot;,&quot;focal_length&quot;:&quot;0&quot;,&quot;iso&quot;:&quot;0&quot;,&quot;shutter_speed&quot;:&quot;0&quot;,&quot;title&quot;:&quot;&quot;,&quot;orientation&quot;:&quot;0&quot;}\" data-image-title=\"rMD_DegradationModels\" data-image-description=\"\" data-image-caption=\"\" data-medium-file=\"https:\/\/i1.wp.com\/www0.rivalsolutions.com\/wp-content\/uploads\/2016\/03\/rMD_DegradationModels.png?fit=300%2C128&amp;ssl=1\" data-large-file=\"https:\/\/i1.wp.com\/www0.rivalsolutions.com\/wp-content\/uploads\/2016\/03\/rMD_DegradationModels.png?fit=605%2C257&amp;ssl=1\" loading=\"lazy\" class=\"wp-image-1670 aligncenter\" src=\"https:\/\/i2.wp.com\/testweb.rivalsolutions.com\/wp-content\/uploads\/2016\/03\/rMD_DegradationModels.png?resize=605%2C257\" alt=\"\" width=\"605\" height=\"257\" srcset=\"https:\/\/i1.wp.com\/www0.rivalsolutions.com\/wp-content\/uploads\/2016\/03\/rMD_DegradationModels.png?w=867&amp;ssl=1 867w, https:\/\/i1.wp.com\/www0.rivalsolutions.com\/wp-content\/uploads\/2016\/03\/rMD_DegradationModels.png?resize=300%2C128&amp;ssl=1 300w, https:\/\/i1.wp.com\/www0.rivalsolutions.com\/wp-content\/uploads\/2016\/03\/rMD_DegradationModels.png?resize=768%2C327&amp;ssl=1 768w, https:\/\/i1.wp.com\/www0.rivalsolutions.com\/wp-content\/uploads\/2016\/03\/rMD_DegradationModels.png?resize=100%2C43&amp;ssl=1 100w, https:\/\/i1.wp.com\/www0.rivalsolutions.com\/wp-content\/uploads\/2016\/03\/rMD_DegradationModels.png?resize=150%2C64&amp;ssl=1 150w, https:\/\/i1.wp.com\/www0.rivalsolutions.com\/wp-content\/uploads\/2016\/03\/rMD_DegradationModels.png?resize=200%2C85&amp;ssl=1 200w, https:\/\/i1.wp.com\/www0.rivalsolutions.com\/wp-content\/uploads\/2016\/03\/rMD_DegradationModels.png?resize=450%2C192&amp;ssl=1 450w, https:\/\/i1.wp.com\/www0.rivalsolutions.com\/wp-content\/uploads\/2016\/03\/rMD_DegradationModels.png?resize=600%2C255&amp;ssl=1 600w, https:\/\/i1.wp.com\/www0.rivalsolutions.com\/wp-content\/uploads\/2016\/03\/rMD_DegradationModels.png?resize=400%2C170&amp;ssl=1 400w\" sizes=\"(max-width: 605px) 100vw, 605px\" data-recalc-dims=\"1\" \/><\/p>\n<p>&nbsp;<\/p>\n<p>De fa\u00e7on similaire, rMD offre aux gestionnaires d&#8217;infrastructures, une fa\u00e7on simple de configurer le type d&#8217;interventions \u00e0 effectuer en fonction des d\u00e9fauts pr\u00e9sents sur les infrastructures. La configuration simplifi\u00e9e des arbres de d\u00e9cisions permettant de d\u00e9terminer les causes de d\u00e9gradation et les interventions \u00e0 effectuer en fonction de causes d\u00e9cel\u00e9es constitue la principale force du module rMD en le rendant flexible aux besoins locaux.<\/p>\n<p><img data-attachment-id=\"1672\" data-permalink=\"https:\/\/www0.rivalsolutions.com\/?attachment_id=1672\" data-orig-file=\"https:\/\/i0.wp.com\/www0.rivalsolutions.com\/wp-content\/uploads\/2016\/03\/rMD_AnalysisCharts.png?fit=1084%2C702&amp;ssl=1\" data-orig-size=\"1084,702\" data-comments-opened=\"1\" data-image-meta=\"{&quot;aperture&quot;:&quot;0&quot;,&quot;credit&quot;:&quot;&quot;,&quot;camera&quot;:&quot;&quot;,&quot;caption&quot;:&quot;&quot;,&quot;created_timestamp&quot;:&quot;0&quot;,&quot;copyright&quot;:&quot;&quot;,&quot;focal_length&quot;:&quot;0&quot;,&quot;iso&quot;:&quot;0&quot;,&quot;shutter_speed&quot;:&quot;0&quot;,&quot;title&quot;:&quot;&quot;,&quot;orientation&quot;:&quot;0&quot;}\" data-image-title=\"rMD_AnalysisCharts\" data-image-description=\"\" data-image-caption=\"\" data-medium-file=\"https:\/\/i0.wp.com\/www0.rivalsolutions.com\/wp-content\/uploads\/2016\/03\/rMD_AnalysisCharts.png?fit=300%2C194&amp;ssl=1\" data-large-file=\"https:\/\/i0.wp.com\/www0.rivalsolutions.com\/wp-content\/uploads\/2016\/03\/rMD_AnalysisCharts.png?fit=605%2C392&amp;ssl=1\" loading=\"lazy\" class=\"size-large wp-image-1672 alignleft\" src=\"https:\/\/i2.wp.com\/testweb.rivalsolutions.com\/wp-content\/uploads\/2016\/03\/rMD_AnalysisCharts-1024x663.png?resize=605%2C392\" alt=\"rMD_AnalysisCharts\" width=\"605\" height=\"392\" srcset=\"https:\/\/i0.wp.com\/www0.rivalsolutions.com\/wp-content\/uploads\/2016\/03\/rMD_AnalysisCharts.png?resize=1024%2C663&amp;ssl=1 1024w, https:\/\/i0.wp.com\/www0.rivalsolutions.com\/wp-content\/uploads\/2016\/03\/rMD_AnalysisCharts.png?resize=300%2C194&amp;ssl=1 300w, https:\/\/i0.wp.com\/www0.rivalsolutions.com\/wp-content\/uploads\/2016\/03\/rMD_AnalysisCharts.png?resize=768%2C497&amp;ssl=1 768w, https:\/\/i0.wp.com\/www0.rivalsolutions.com\/wp-content\/uploads\/2016\/03\/rMD_AnalysisCharts.png?resize=100%2C65&amp;ssl=1 100w, https:\/\/i0.wp.com\/www0.rivalsolutions.com\/wp-content\/uploads\/2016\/03\/rMD_AnalysisCharts.png?resize=150%2C97&amp;ssl=1 150w, https:\/\/i0.wp.com\/www0.rivalsolutions.com\/wp-content\/uploads\/2016\/03\/rMD_AnalysisCharts.png?resize=200%2C130&amp;ssl=1 200w, https:\/\/i0.wp.com\/www0.rivalsolutions.com\/wp-content\/uploads\/2016\/03\/rMD_AnalysisCharts.png?resize=450%2C291&amp;ssl=1 450w, https:\/\/i0.wp.com\/www0.rivalsolutions.com\/wp-content\/uploads\/2016\/03\/rMD_AnalysisCharts.png?resize=600%2C389&amp;ssl=1 600w, https:\/\/i0.wp.com\/www0.rivalsolutions.com\/wp-content\/uploads\/2016\/03\/rMD_AnalysisCharts.png?resize=900%2C583&amp;ssl=1 900w, https:\/\/i0.wp.com\/www0.rivalsolutions.com\/wp-content\/uploads\/2016\/03\/rMD_AnalysisCharts.png?resize=400%2C259&amp;ssl=1 400w, https:\/\/i0.wp.com\/www0.rivalsolutions.com\/wp-content\/uploads\/2016\/03\/rMD_AnalysisCharts.png?w=1084&amp;ssl=1 1084w\" sizes=\"(max-width: 605px) 100vw, 605px\" data-recalc-dims=\"1\" \/>Une fois le moment et le type d&#8217;intervention \u00e0 effectuer \u00e9tablis, le moteur d&#8217;optimisation de rMD \u00e9tablie la planification des travaux pour la dur\u00e9e du programme en fonction des budgets disponibles. Les diff\u00e9rentes fonctions d&#8217;analyse budg\u00e9taire offre les options suivantes:<\/p>\n<ul>\n<li>Budget requis pour maintenir toutes les infrastructures au-del\u00e0 de seuils souhait\u00e9s;<\/li>\n<li>Impact sur l&#8217;indice de performance global si aucun budget n&#8217;est allou\u00e9 aux infrastructures vis\u00e9es;<\/li>\n<li>Impact sur l&#8217;indice de performance global en fonction du ou des budgets configur\u00e9s.<\/li>\n<\/ul>\n<p>Finalement, la planification d\u00e9taill\u00e9e: segment, type d&#8217;intervention, co\u00fbt, ann\u00e9e d&#8217;ex\u00e9cution, etc. est soumise pour approbation.<\/p>\n","protected":false},"excerpt":{"rendered":"<p>En fonction des types de d\u00e9fauts recueillis et des seuils d&#8217;intervention souhait\u00e9s, le module rMD permet de construire un plan d&#8217;intervention optimisant l&#8217;allocation des budgets disponibles.<\/p>\n<div class=\"read-more\"><a href=\"https:\/\/www0.rivalsolutions.com\/?page_id=1571&#038;lang=fr\">Read more &#8250;<\/a><\/div>\n<p><!-- end of .read-more --><\/p>\n","protected":false},"author":4,"featured_media":1576,"parent":0,"menu_order":0,"comment_status":"closed","ping_status":"closed","template":"","meta":{"_mi_skip_tracking":false,"spay_email":""},"jetpack_sharing_enabled":true,"jetpack_shortlink":"https:\/\/wp.me\/P3yAVl-pl","jetpack-related-posts":[{"id":30,"url":"https:\/\/www0.rivalsolutions.com\/?page_id=30&lang=fr","url_meta":{"origin":1571,"position":0},"title":"RUBIX","date":"2018\/07\/06","format":false,"excerpt":"RUBIX est une solution bas\u00e9e sur la plateforme technologique Rival. Elle offre, aux\u00a0gestionnaires d'infrastructures routi\u00e8res et responsables de l'entretien de r\u00e9seaux,\u00a0une solution cl\u00e9 en main pour la cueillette, le traitement\u00a0des donn\u00e9es, l\u2019analyse des r\u00e9sultats et l'optimisation des resources. Le principal avantage de RUBIX, par rapport aux outils et m\u00e9thodes traditionnels,\u2026","rel":"","context":"Similar post","img":{"alt_text":"","src":"https:\/\/i2.wp.com\/testweb.rivalsolutions.com\/wp-content\/uploads\/2013\/06\/Puzz_2015_fr_03-1024x948.png?resize=350%2C200","width":350,"height":200},"classes":[]},{"id":2130,"url":"https:\/\/www0.rivalsolutions.com\/?page_id=2130&lang=fr","url_meta":{"origin":1571,"position":1},"title":"rDash &#8211; Guide d&#8217;utilisation","date":"2017\/04\/04","format":false,"excerpt":"La solution Rubix est un solution modulaire compos\u00e9e d'applications web et mobiles. rDash constitue l'application web principale \u00e0 laquelle se greffe diff\u00e9rents module aidant le gestionnaire d'infrastructures. Chacune des page de l'application rDash et de ses diff\u00e9rents modules est dot\u00e9e d'un menu d'aide disponible en haut \u00e0 gauche de chacune\u2026","rel":"","context":"Similar post","img":{"alt_text":"","src":"","width":0,"height":0},"classes":[]},{"id":1702,"url":"https:\/\/www0.rivalsolutions.com\/?page_id=1702&lang=fr","url_meta":{"origin":1571,"position":2},"title":"Gestion de pistes cyclables hors route","date":"2016\/04\/20","format":false,"excerpt":"Les pistes et sentiers cyclables hors route sont tr\u00e8s appr\u00e9ci\u00e9s des cyclistes mais aussi de plusieurs types d'utilisateurs: v\u00e9los, patins \u00e0 roues align\u00e9es, fauteuils roulants, pi\u00e9tons, joggeurs, etc. La s\u00e9v\u00e9rit\u00e9 des d\u00e9fauts pr\u00e9sents dans l'infrastructure affectent les utilisateurs \u00e0 des niveaux diff\u00e9rents. Rival Solutions, conjointement avec ses utilisateurs, a d\u00e9velopp\u00e9\u2026","rel":"","context":"Similar post","img":{"alt_text":"IMG_2517","src":"https:\/\/i2.wp.com\/testweb.rivalsolutions.com\/wp-content\/uploads\/2016\/04\/IMG_2517-1024x768.jpg?resize=350%2C200","width":350,"height":200},"classes":[]},{"id":2581,"url":"https:\/\/www0.rivalsolutions.com\/?page_id=2581&lang=fr","url_meta":{"origin":1571,"position":3},"title":"Auscultation des trottoirs par analyse d&#8217;images","date":"2019\/05\/22","format":false,"excerpt":"Les trottoirs repr\u00e9sentent un actif important pour les municipalit\u00e9s pour faciliter le d\u00e9placement de fa\u00e7on s\u00e9curitaire des pi\u00e9tons et des usagers \u00e0 mobilit\u00e9 restreinte. Les gestionnaires d'actifs municipaux doivent donc s'assurer de maintenir un niveau de service ad\u00e9quat pour les diff\u00e9rents usagers des trottoirs. Pour ce faire, il doivent se\u2026","rel":"","context":"Similar post","img":{"alt_text":"","src":"https:\/\/i1.wp.com\/www.rivalsolutions.com\/wp-content\/uploads\/2019\/05\/Sidewalk_fr_cropped.jpg?resize=350%2C200","width":350,"height":200},"classes":[]},{"id":20,"url":"https:\/\/www0.rivalsolutions.com\/?page_id=20&lang=fr","url_meta":{"origin":1571,"position":4},"title":"Compagnie","date":"2018\/07\/06","format":false,"excerpt":"VUE D'ENSEMBLE Rival Solutions a \u00e9t\u00e9 fond\u00e9e en Mars 2013. Son principal domaine d\u2019activit\u00e9s est celui de l\u2019informatique d\u00e9cisionnelle appliqu\u00e9e au domaine de la g\u00e9omatique. Les principaux utilisateurs des solutions\u00a0Rival sont les gestionnaires d\u2019infrastructures routi\u00e8res municipales (chauss\u00e9es pav\u00e9es et non-pav\u00e9es, trottoirs, pistes cyclables et pi\u00e9tonni\u00e8res) et leurs fournisseurs de services.\u2026","rel":"","context":"Similar post","img":{"alt_text":"","src":"","width":0,"height":0},"classes":[]},{"id":877,"url":"https:\/\/www0.rivalsolutions.com\/?page_id=877&lang=fr","url_meta":{"origin":1571,"position":5},"title":"Plan d&#8217;intervention du MAMROT: Auscultation des Chauss\u00e9es","date":"2014\/03\/14","format":false,"excerpt":"Depuis 2005, les municipalit\u00e9s du Qu\u00e9bec ont \u0153uvr\u00e9 sur leurs premiers plans d\u2019intervention. PLUS...","rel":"","context":"Similar post","img":{"alt_text":"","src":"https:\/\/i2.wp.com\/www.rivalsolutions.com\/wp-content\/uploads\/2014\/03\/Indicateurs_03-250x300.png?resize=350%2C200","width":350,"height":200},"classes":[]}],"_links":{"self":[{"href":"https:\/\/www0.rivalsolutions.com\/index.php?rest_route=\/wp\/v2\/pages\/1571"}],"collection":[{"href":"https:\/\/www0.rivalsolutions.com\/index.php?rest_route=\/wp\/v2\/pages"}],"about":[{"href":"https:\/\/www0.rivalsolutions.com\/index.php?rest_route=\/wp\/v2\/types\/page"}],"author":[{"embeddable":true,"href":"https:\/\/www0.rivalsolutions.com\/index.php?rest_route=\/wp\/v2\/users\/4"}],"replies":[{"embeddable":true,"href":"https:\/\/www0.rivalsolutions.com\/index.php?rest_route=%2Fwp%2Fv2%2Fcomments&post=1571"}],"version-history":[{"count":8,"href":"https:\/\/www0.rivalsolutions.com\/index.php?rest_route=\/wp\/v2\/pages\/1571\/revisions"}],"predecessor-version":[{"id":1674,"href":"https:\/\/www0.rivalsolutions.com\/index.php?rest_route=\/wp\/v2\/pages\/1571\/revisions\/1674"}],"wp:featuredmedia":[{"embeddable":true,"href":"https:\/\/www0.rivalsolutions.com\/index.php?rest_route=\/wp\/v2\/media\/1576"}],"wp:attachment":[{"href":"https:\/\/www0.rivalsolutions.com\/index.php?rest_route=%2Fwp%2Fv2%2Fmedia&parent=1571"}],"curies":[{"name":"wp","href":"https:\/\/api.w.org\/{rel}","templated":true}]}}