{"id":1569,"date":"2016-03-29T12:12:26","date_gmt":"2016-03-29T16:12:26","guid":{"rendered":"http:\/\/rivalsolutions.com\/?page_id=1569"},"modified":"2017-10-20T16:33:57","modified_gmt":"2017-10-20T20:33:57","slug":"traitement-automatise-et-hebergement","status":"publish","type":"page","link":"https:\/\/www0.rivalsolutions.com\/?page_id=1569&lang=fr","title":{"rendered":"Traitement Automatis\u00e9 et H\u00e9bergement Web"},"content":{"rendered":"<h4 id=\"RubixProcessing\">Composantes de traitement RUBIX<\/h4>\n<p>Le traitement des diff\u00e9rentes donn\u00e9es parvenant au serveur Rubix se fait via l\u2019utilisation de modules (ou scripts) de traitement. Ces modules sont sp\u00e9cifiques au type de senseur utilis\u00e9, \u00e0 la m\u00e9thodologie d&#8217;inspection utilis\u00e9e et peuvent \u00eatre adapt\u00e9s pour des besoins sp\u00e9cifiques par agence ou pour l\u2019int\u00e9gration de senseurs autres que <a href=\"http:\/\/rivalsolutions.com\/?page_id=167\">rUNI<\/a> et <a href=\"http:\/\/rivalsolutions.com\/?page_id=169\">rInspecteur<\/a>.<\/p>\n<p>Les donn\u00e9es re\u00e7ues par les serveurs Rubix sont stock\u00e9es et archiv\u00e9es puis trait\u00e9es par les modules appropri\u00e9s. L\u2019ensemble du stockage des donn\u00e9es et des traitements se fait sur les serveurs Rubix et ne requiert donc aucune infrastructure mat\u00e9rielle ou logiciel particuli\u00e8re chez le client.<\/p>\n<p>Les principaux modules de traitement de donn\u00e9es sont :<\/p>\n<p style=\"padding-left: 30px;\"><strong>La segmentation dynamique<\/strong> (rSeg) : les donn\u00e9es re\u00e7ues sont segment\u00e9es selon l\u2019information (couche) de base fournie par le client. Advenant des modifications \u00e0 la couche de base, la segmentation peut \u00eatre refaite sur l\u2019ensemble ou une portion des donn\u00e9es. Aucune segmentation sur le terrain n\u2019est requise (sauf exception).<\/p>\n<p style=\"padding-left: 30px;\"><strong>Le calcul de l&#8217;indice de confort au roulement<\/strong> (ICR) : Le calcul de l\u2019indice se fait sur les donn\u00e9es re\u00e7ues de l\u2019application <a href=\"http:\/\/rivalsolutions.com\/?page_id=167\">rUNI<\/a> (ou application tiers). Le mod\u00e8le de calcul est ajust\u00e9 selon les indications fournies dans les m\u00e9tadonn\u00e9es (e.g. type de v\u00e9hicule, type de relev\u00e9 \u2013 trottoir, chauss\u00e9e, piste cyclable). Certains param\u00e8tres de calcul sont ajustables selon l\u2019agence : seuil de vitesse minimale acceptable, longueur des sous-intervalles, etc.<\/p>\n<p style=\"padding-left: 30px;\"><strong>Le calcul de l&#8217;indice de d\u00e9fauts de surface<\/strong>\u00a0(IDS) : Le calcul de l&#8217;IDS varie selon la m\u00e9thodologie d&#8217;inspection utilis\u00e9. A titre d&#8217;exemple, le calcul de l\u2019indice PCI (Pavement Condition Index) se fait \u00e0 partir des donn\u00e9es re\u00e7ues de l\u2019application <a href=\"http:\/\/rivalsolutions.com\/?page_id=169\">rInspecteur<\/a> (ou application tiers). La m\u00e9thode de calcul est bas\u00e9e sur la norme ASTM D6433.\u00a0Voici la liste des normes et m\u00e9thodolgies pr\u00e9sentement support\u00e9s par la solution Rubix. Au besoin, il est possible d&#8217;int\u00e9grer diff\u00e9rentes normes ou variations.<\/p>\n<ul>\n<li style=\"padding-left: 30px;\"><strong>ASTM D-6433<\/strong>\u00a0: PCI &#8211; Pavement Condition Index pour les chauss\u00e9es en asphalte ou en b\u00e9ton;<\/li>\n<li style=\"padding-left: 30px;\"><strong>SP024<\/strong>\u00a0: DMI &#8211; Distress Manifestation Index, norme utilis\u00e9 par le Minist\u00e8re des Transports de l&#8217;Ontario;<\/li>\n<li style=\"padding-left: 30px;\"><strong>PASER<\/strong> : Norme am\u00e9ricaine utilis\u00e9e pour les chauss\u00e9es granulaires et non rev\u00eatues;<\/li>\n<li style=\"padding-left: 30px;\"><strong>MF89-15\u00a0<\/strong>: Norme d\u00e9velopp\u00e9e par le Centre de Recherche Routi\u00e8re Belge;<\/li>\n<li style=\"padding-left: 30px;\"><strong>Normes modifi\u00e9es<\/strong>: Certaines modification r\u00e9gionales issues des normes ci-haut font \u00e9galement partie des m\u00e9thodologies disponibles. Contactez Rival Solutions pour plus de d\u00e9tails.<\/li>\n<\/ul>\n<p style=\"padding-left: 30px;\"><strong>Le calcul de l&#8217;indice de performance sp\u00e9cifique<\/strong>\u00a0(IPS) :\u00a0Certaines m\u00e9thodologies d&#8217;inspection et indices sont sp\u00e9cifiques au type d&#8217;infrastructure inspect\u00e9. Par exemple, l&#8217;inspection de ponceaux, permet de calculer un indice de performance sp\u00e9cifique sur l&#8217;\u00e9tat de l&#8217;infrastructure inspect\u00e9.<\/p>\n<p style=\"padding-left: 30px;\"><strong>Importation d&#8217;indice tiers<\/strong>: Rubix permet l&#8217;importation d&#8217;indices provenant de syst\u00e8mes tiers. Par exemple, l&#8217;indice de capacit\u00e9 structurelles des chauss\u00e9es peut \u00eatre import\u00e9 dans la solution Rubix et combin\u00e9 aux autres indices pour une meilleur prise de d\u00e9cision.<\/p>\n<p style=\"padding-left: 30px;\"><strong>Le calcul d\u2019indice de performance global<\/strong> (IPG) : Le calcul de l\u2019indice\u00a0de performance global se fait en jumelant les sous-indices pour une m\u00eame infrastructure. Par exemple, pour les chauss\u00e9es, les indices de confort au roulement (ICR), de d\u00e9fauts de surface (IDS) et de capacit\u00e9 structurelle (ICS) sont jumel\u00e9es pour \u00e9tablir un indice de performance global utilis\u00e9 dans les mod\u00e8les de d\u00e9gradation et la planification des travaux sur de longues p\u00e9riodes.<\/p>\n<h4 id=\"rDash\">H\u00e9bergement RUBIX et tableau de bord<\/h4>\n<p>Une fois les indices de performance calcul\u00e9s, les r\u00e9sultats sont mis \u00e0 la disposition du gestionnaire via le tableau de bord Rubix: rDash.<a href=\"https:\/\/i0.wp.com\/testweb.rivalsolutions.com\/wp-content\/uploads\/2016\/03\/dashboard3.png\"><img data-attachment-id=\"1679\" data-permalink=\"https:\/\/www0.rivalsolutions.com\/?attachment_id=1679\" data-orig-file=\"https:\/\/i2.wp.com\/www0.rivalsolutions.com\/wp-content\/uploads\/2016\/03\/dashboard3.png?fit=1181%2C618&amp;ssl=1\" data-orig-size=\"1181,618\" data-comments-opened=\"1\" data-image-meta=\"{&quot;aperture&quot;:&quot;0&quot;,&quot;credit&quot;:&quot;&quot;,&quot;camera&quot;:&quot;&quot;,&quot;caption&quot;:&quot;&quot;,&quot;created_timestamp&quot;:&quot;0&quot;,&quot;copyright&quot;:&quot;&quot;,&quot;focal_length&quot;:&quot;0&quot;,&quot;iso&quot;:&quot;0&quot;,&quot;shutter_speed&quot;:&quot;0&quot;,&quot;title&quot;:&quot;&quot;,&quot;orientation&quot;:&quot;0&quot;}\" data-image-title=\"dashboard3\" data-image-description=\"\" data-image-caption=\"\" data-medium-file=\"https:\/\/i2.wp.com\/www0.rivalsolutions.com\/wp-content\/uploads\/2016\/03\/dashboard3.png?fit=300%2C157&amp;ssl=1\" data-large-file=\"https:\/\/i2.wp.com\/www0.rivalsolutions.com\/wp-content\/uploads\/2016\/03\/dashboard3.png?fit=605%2C317&amp;ssl=1\" loading=\"lazy\" class=\"aligncenter wp-image-1679 size-large\" src=\"https:\/\/i2.wp.com\/testweb.rivalsolutions.com\/wp-content\/uploads\/2016\/03\/dashboard3-1024x536.png?resize=605%2C317\" alt=\"\" width=\"605\" height=\"317\" srcset=\"https:\/\/i2.wp.com\/www0.rivalsolutions.com\/wp-content\/uploads\/2016\/03\/dashboard3.png?resize=1024%2C536&amp;ssl=1 1024w, https:\/\/i2.wp.com\/www0.rivalsolutions.com\/wp-content\/uploads\/2016\/03\/dashboard3.png?resize=300%2C157&amp;ssl=1 300w, https:\/\/i2.wp.com\/www0.rivalsolutions.com\/wp-content\/uploads\/2016\/03\/dashboard3.png?resize=768%2C402&amp;ssl=1 768w, https:\/\/i2.wp.com\/www0.rivalsolutions.com\/wp-content\/uploads\/2016\/03\/dashboard3.png?resize=100%2C52&amp;ssl=1 100w, https:\/\/i2.wp.com\/www0.rivalsolutions.com\/wp-content\/uploads\/2016\/03\/dashboard3.png?resize=150%2C78&amp;ssl=1 150w, https:\/\/i2.wp.com\/www0.rivalsolutions.com\/wp-content\/uploads\/2016\/03\/dashboard3.png?resize=200%2C105&amp;ssl=1 200w, https:\/\/i2.wp.com\/www0.rivalsolutions.com\/wp-content\/uploads\/2016\/03\/dashboard3.png?resize=450%2C235&amp;ssl=1 450w, https:\/\/i2.wp.com\/www0.rivalsolutions.com\/wp-content\/uploads\/2016\/03\/dashboard3.png?resize=600%2C314&amp;ssl=1 600w, https:\/\/i2.wp.com\/www0.rivalsolutions.com\/wp-content\/uploads\/2016\/03\/dashboard3.png?resize=900%2C471&amp;ssl=1 900w, https:\/\/i2.wp.com\/www0.rivalsolutions.com\/wp-content\/uploads\/2016\/03\/dashboard3.png?resize=400%2C209&amp;ssl=1 400w, https:\/\/i2.wp.com\/www0.rivalsolutions.com\/wp-content\/uploads\/2016\/03\/dashboard3.png?w=1181&amp;ssl=1 1181w\" sizes=\"(max-width: 605px) 100vw, 605px\" data-recalc-dims=\"1\" \/><\/a><\/p>\n<p>Le tableau de bord Rubix constitue le principal outil du gestionnaire d\u2019infrastructures. Il est accessible via l\u2019utilisation d\u2019un navigateur web tels Internet Explorer, Chrome, Firefox ou Safari. Son acc\u00e8s est s\u00e9curis\u00e9 et non accessible publiquement.<\/p>\n<p>Il\u00a0permet d\u2019avoir une vue d\u2019ensemble instantan\u00e9e de l\u2019\u00e9tat du r\u00e9seau sous \u00e9tude. Il permet au gestionnaire de classifier les diff\u00e9rents indices en cat\u00e9gories qui lui permettent de simplifier la planification des interventions.<\/p>\n<p>Diff\u00e9rents filtres peuvent \u00eatre appliqu\u00e9s pour permettre une analyse plus exhaustive de l\u2019\u00e9tat de certains segments :<\/p>\n<p style=\"padding-left: 30px;\">Filtres et consolidation temporels :<\/p>\n<blockquote>\n<ul>\n<li>P\u00e9riode donn\u00e9e<\/li>\n<li>Dernier relev\u00e9<\/li>\n<li>Saisonnier<\/li>\n<li>Etc.<\/li>\n<\/ul>\n<\/blockquote>\n<p style=\"padding-left: 30px;\">Filtres selon certains crit\u00e8res:<\/p>\n<blockquote>\n<ul>\n<li>Nombre de relev\u00e9s<\/li>\n<li>Vitesse des relev\u00e9s<\/li>\n<li>\u00c9cart type des indices<\/li>\n<li>Etc.<\/li>\n<\/ul>\n<\/blockquote>\n<p>L\u2019ensemble des r\u00e9sultats peut \u00eatre export\u00e9 \u00e0 partir du tableau de bord via des formats d\u2019\u00e9change communs : CSV, SHP ou KML ou via l&#8217;utilisation de services web WMS ou WFS.<\/p>\n<p>Pour une d\u00e9monstration de l&#8217;application rDash, cliquez sur ce lien: <a href=\"https:\/\/data.rivalsolutions.com\/rDash\/public\/fr\/auth\/register-demo\">D\u00e9mo rDash<\/a>.<\/p>\n","protected":false},"excerpt":{"rendered":"<p>Les donn\u00e9es transmises des applications mobiles sont trait\u00e9es par le service Rubix. Les indices de performance r\u00e9sultants sont visibles sur le tableau de bord du gestionnaire.<\/p>\n<div class=\"read-more\"><a href=\"https:\/\/www0.rivalsolutions.com\/?page_id=1569&#038;lang=fr\">Read more &#8250;<\/a><\/div>\n<p><!-- end of .read-more --><\/p>\n","protected":false},"author":4,"featured_media":1573,"parent":0,"menu_order":0,"comment_status":"closed","ping_status":"closed","template":"","meta":{"_mi_skip_tracking":false,"spay_email":""},"jetpack_sharing_enabled":true,"jetpack_shortlink":"https:\/\/wp.me\/P3yAVl-pj","jetpack-related-posts":[{"id":30,"url":"https:\/\/www0.rivalsolutions.com\/?page_id=30&lang=fr","url_meta":{"origin":1569,"position":0},"title":"RUBIX","date":"2018\/07\/06","format":false,"excerpt":"RUBIX est une solution bas\u00e9e sur la plateforme technologique Rival. Elle offre, aux\u00a0gestionnaires d'infrastructures routi\u00e8res et responsables de l'entretien de r\u00e9seaux,\u00a0une solution cl\u00e9 en main pour la cueillette, le traitement\u00a0des donn\u00e9es, l\u2019analyse des r\u00e9sultats et l'optimisation des resources. Le principal avantage de RUBIX, par rapport aux outils et m\u00e9thodes traditionnels,\u2026","rel":"","context":"Similar post","img":{"alt_text":"","src":"https:\/\/i2.wp.com\/testweb.rivalsolutions.com\/wp-content\/uploads\/2013\/06\/Puzz_2015_fr_03-1024x948.png?resize=350%2C200","width":350,"height":200},"classes":[]},{"id":167,"url":"https:\/\/www0.rivalsolutions.com\/?page_id=167&lang=fr","url_meta":{"origin":1569,"position":1},"title":"rUNI &#8211; Mesure du confort au roulement","date":"2018\/04\/05","format":false,"excerpt":"L'application rRuf est con\u00e7u pour relever des donn\u00e9es de fa\u00e7on autonome et \u00e9galement transmettre les donn\u00e9es automatiquement au serveur Rubix pour le traitement, la segmentation et le calcul des indices de rugosit\u00e9 (e.g. RCI).","rel":"","context":"Similar post","img":{"alt_text":"","src":"https:\/\/i0.wp.com\/testweb.rivalsolutions.com\/wp-content\/uploads\/2013\/06\/GUI3DrRufWeb2015_fr.png?resize=350%2C200","width":350,"height":200},"classes":[]},{"id":212,"url":"https:\/\/www0.rivalsolutions.com\/?page_id=212&lang=fr","url_meta":{"origin":1569,"position":2},"title":"\u00c9valuation de la performance des r\u00e9seaux routiers","date":"2013\/08\/11","format":false,"excerpt":"La solution RUBIX, assise sur la plateforme technologique Rival, offre aux gestionnaires d\u2019infrastructures routi\u00e8res, une solution novatrice compl\u00e8te \u00e9liminant les barri\u00e8res traditionnelles reli\u00e9es \u00e0 la cueillette des donn\u00e9es terrain et aux traitements complexes des donn\u00e9es.","rel":"","context":"Similar post","img":{"alt_text":"","src":"https:\/\/i1.wp.com\/www.rivalsolutions.com\/wp-content\/uploads\/2013\/08\/PavedRd6cfr_03-295x300.png?resize=350%2C200","width":350,"height":200},"classes":[]},{"id":2130,"url":"https:\/\/www0.rivalsolutions.com\/?page_id=2130&lang=fr","url_meta":{"origin":1569,"position":3},"title":"rDash &#8211; Guide d&#8217;utilisation","date":"2017\/04\/04","format":false,"excerpt":"La solution Rubix est un solution modulaire compos\u00e9e d'applications web et mobiles. rDash constitue l'application web principale \u00e0 laquelle se greffe diff\u00e9rents module aidant le gestionnaire d'infrastructures. Chacune des page de l'application rDash et de ses diff\u00e9rents modules est dot\u00e9e d'un menu d'aide disponible en haut \u00e0 gauche de chacune\u2026","rel":"","context":"Similar post","img":{"alt_text":"","src":"","width":0,"height":0},"classes":[]},{"id":169,"url":"https:\/\/www0.rivalsolutions.com\/?page_id=169&lang=fr","url_meta":{"origin":1569,"position":4},"title":"rInspecteur: Outil d&#8217;inspection g\u00e9n\u00e9rique","date":"2018\/05\/31","format":false,"excerpt":"L\u2019application rRate permet de relever les d\u00e9fauts de surfaces des diff\u00e9rents types de chauss\u00e9e ou de trottoir.","rel":"","context":"Similar post","img":{"alt_text":"GUI3DrRateWeb_fr_03","src":"https:\/\/i1.wp.com\/testweb.rivalsolutions.com\/wp-content\/uploads\/2013\/06\/GUI3DrRateWeb_fr_03-1024x632.png?resize=350%2C200","width":350,"height":200},"classes":[]},{"id":1563,"url":"https:\/\/www0.rivalsolutions.com\/?page_id=1563&lang=fr","url_meta":{"origin":1569,"position":5},"title":"Inspectez vos infrastructures vous-m\u00eame!","date":"2018\/07\/06","format":false,"excerpt":"Les applications mobiles rUNI et rInspecteur facilitent l'inventaire et l'inspection d'infrastructures. Les donn\u00e9es d'inspection peuvent \u00e9galement provenir de syst\u00e8mes tiers.","rel":"","context":"Similar post","img":{"alt_text":"","src":"https:\/\/i0.wp.com\/www0.rivalsolutions.com\/wp-content\/uploads\/2016\/03\/GUI3Combov2_06_800high-e1547748848485.png?fit=266%2C288&ssl=1&resize=350%2C200","width":350,"height":200},"classes":[]}],"_links":{"self":[{"href":"https:\/\/www0.rivalsolutions.com\/index.php?rest_route=\/wp\/v2\/pages\/1569"}],"collection":[{"href":"https:\/\/www0.rivalsolutions.com\/index.php?rest_route=\/wp\/v2\/pages"}],"about":[{"href":"https:\/\/www0.rivalsolutions.com\/index.php?rest_route=\/wp\/v2\/types\/page"}],"author":[{"embeddable":true,"href":"https:\/\/www0.rivalsolutions.com\/index.php?rest_route=\/wp\/v2\/users\/4"}],"replies":[{"embeddable":true,"href":"https:\/\/www0.rivalsolutions.com\/index.php?rest_route=%2Fwp%2Fv2%2Fcomments&post=1569"}],"version-history":[{"count":13,"href":"https:\/\/www0.rivalsolutions.com\/index.php?rest_route=\/wp\/v2\/pages\/1569\/revisions"}],"predecessor-version":[{"id":2215,"href":"https:\/\/www0.rivalsolutions.com\/index.php?rest_route=\/wp\/v2\/pages\/1569\/revisions\/2215"}],"wp:featuredmedia":[{"embeddable":true,"href":"https:\/\/www0.rivalsolutions.com\/index.php?rest_route=\/wp\/v2\/media\/1573"}],"wp:attachment":[{"href":"https:\/\/www0.rivalsolutions.com\/index.php?rest_route=%2Fwp%2Fv2%2Fmedia&parent=1569"}],"curies":[{"name":"wp","href":"https:\/\/api.w.org\/{rel}","templated":true}]}}